{"id":780818,"date":"2026-01-20T04:22:18","date_gmt":"2026-01-20T01:22:18","guid":{"rendered":"https:\/\/roveyayinevi.com.tr\/index.php\/urun\/genel-kultur-kitabim-fark-ediyorum\/"},"modified":"2026-04-15T03:45:20","modified_gmt":"2026-04-15T00:45:20","slug":"genel-kultur-kitabim-fark-ediyorum","status":"publish","type":"product","link":"https:\/\/roveyayinevi.com.tr\/index.php\/urun\/genel-kultur-kitabim-fark-ediyorum\/","title":{"rendered":"Genel K\u00fclt\u00fcr Kitab\u0131m &#8211; Fark Ediyorum"},"content":{"rendered":"<p>Kendi hik\u00e2yeni fark etmeye haz\u0131r m\u0131s\u0131n? Hepimiz bir arada benzersiz hik\u00e2yelerin i\u00e7inde ya\u015far\u0131z. Senin hik\u00e2yen de belki bir nota belki de bir f\u0131r\u00e7a darbesiyle ba\u015flayacak. Bu yolculukta att\u0131\u011f\u0131n her ad\u0131mla b\u00fcy\u00fcyecek ve d\u00f6n\u00fc\u015feceksin. Bir yandan sevdiklerinle an\u0131lar biriktirirken di\u011fer yandan yepyeni \u015feyler \u00f6\u011frenip ke\u015ffedeceksin. Sevgiyle payla\u015f\u0131lan oyunlar dostlukla g\u00fc\u00e7lenen an\u0131lar hayat\u0131 zenginle\u015ftirir. Unutma senin k\u00fc\u00e7\u00fck bir dokunu\u015fun d\u00fcnyaya b\u00fcy\u00fck bir de\u011fi\u015fim getirebilir.<\/p>\n","protected":false},"excerpt":{"rendered":"<p>Kendi hik\u00e2yeni fark etmeye haz\u0131r m\u0131s\u0131n? Hepimiz bir arada benzersiz hik\u00e2yelerin i\u00e7inde ya\u015far\u0131z. Senin hik\u00e2yen de belki bir nota belki de bir f\u0131r\u00e7a darbesiyle ba\u015flayacak. Bu<span class=\"excerpt-hellip\"> [\u2026]<\/span><\/p>\n","protected":false},"featured_media":0,"template":"","meta":{"_monsterinsights_skip_tracking":false,"_monsterinsights_sitenote_active":false,"_monsterinsights_sitenote_note":"","_monsterinsights_sitenote_category":0},"product_brand":[],"product_cat":[12274,12284],"product_tag":[],"class_list":{"0":"post-780818","1":"product","2":"type-product","3":"status-publish","5":"product_cat-cocuk-ve-genclik-kitaplari","6":"product_cat-hikayeler","7":"pa_cilt-ciltsiz","8":"pa_tur-kitap","9":"pa_yayinevi-sincap-kitap","10":"pa_yazar-cagri-odabasi","12":"first","13":"instock","14":"sale","15":"shipping-taxable","16":"purchasable","17":"product-type-simple"},"_links":{"self":[{"href":"https:\/\/roveyayinevi.com.tr\/index.php\/wp-json\/wp\/v2\/product\/780818","targetHints":{"allow":["GET"]}}],"collection":[{"href":"https:\/\/roveyayinevi.com.tr\/index.php\/wp-json\/wp\/v2\/product"}],"about":[{"href":"https:\/\/roveyayinevi.com.tr\/index.php\/wp-json\/wp\/v2\/types\/product"}],"wp:attachment":[{"href":"https:\/\/roveyayinevi.com.tr\/index.php\/wp-json\/wp\/v2\/media?parent=780818"}],"wp:term":[{"taxonomy":"product_brand","embeddable":true,"href":"https:\/\/roveyayinevi.com.tr\/index.php\/wp-json\/wp\/v2\/product_brand?post=780818"},{"taxonomy":"product_cat","embeddable":true,"href":"https:\/\/roveyayinevi.com.tr\/index.php\/wp-json\/wp\/v2\/product_cat?post=780818"},{"taxonomy":"product_tag","embeddable":true,"href":"https:\/\/roveyayinevi.com.tr\/index.php\/wp-json\/wp\/v2\/product_tag?post=780818"}],"curies":[{"name":"wp","href":"https:\/\/api.w.org\/{rel}","templated":true}]}}