{"id":780816,"date":"2026-01-20T04:22:11","date_gmt":"2026-01-20T01:22:11","guid":{"rendered":"https:\/\/roveyayinevi.com.tr\/index.php\/urun\/sarilsak-fark-eder\/"},"modified":"2026-04-15T03:45:20","modified_gmt":"2026-04-15T00:45:20","slug":"sarilsak-fark-eder","status":"publish","type":"product","link":"https:\/\/roveyayinevi.com.tr\/index.php\/urun\/sarilsak-fark-eder\/","title":{"rendered":"Sar\u0131lsak Fark Eder"},"content":{"rendered":"<p>Sar\u0131lmak kimi zaman bir korkuyu yat\u0131\u015ft\u0131r\u0131r, kimi zaman bir sevinci b\u00fcy\u00fct\u00fcr. Bazen yoruldu\u011funda dinlendirir, bir ad\u0131m atabilmen i\u00e7in sana cesaret verir. Sar\u0131lmak, sevgiyi, g\u00fcveni ve payla\u015fmay\u0131 hissettirir. Bug\u00fcn kime sar\u0131lmak istersin? Bir dene, bakal\u0131m neler fark edecek hayat\u0131nda!<\/p>\n","protected":false},"excerpt":{"rendered":"<p>Sar\u0131lmak kimi zaman bir korkuyu yat\u0131\u015ft\u0131r\u0131r, kimi zaman bir sevinci b\u00fcy\u00fct\u00fcr. Bazen yoruldu\u011funda dinlendirir, bir ad\u0131m atabilmen i\u00e7in sana cesaret verir. Sar\u0131lmak, sevgiyi, g\u00fcveni ve payla\u015fmay\u0131<span class=\"excerpt-hellip\"> [\u2026]<\/span><\/p>\n","protected":false},"featured_media":0,"template":"","meta":{"_monsterinsights_skip_tracking":false,"_monsterinsights_sitenote_active":false,"_monsterinsights_sitenote_note":"","_monsterinsights_sitenote_category":0},"product_brand":[],"product_cat":[12274,12518],"product_tag":[],"class_list":{"0":"post-780816","1":"product","2":"type-product","3":"status-publish","5":"product_cat-cocuk-ve-genclik-kitaplari","6":"product_cat-okul-oncesi-kitaplar","7":"pa_cilt-ciltli","8":"pa_tur-kitap","9":"pa_yayinevi-sincap-kitap","10":"pa_yazar-kolektif","12":"first","13":"instock","14":"sale","15":"shipping-taxable","16":"purchasable","17":"product-type-simple"},"_links":{"self":[{"href":"https:\/\/roveyayinevi.com.tr\/index.php\/wp-json\/wp\/v2\/product\/780816","targetHints":{"allow":["GET"]}}],"collection":[{"href":"https:\/\/roveyayinevi.com.tr\/index.php\/wp-json\/wp\/v2\/product"}],"about":[{"href":"https:\/\/roveyayinevi.com.tr\/index.php\/wp-json\/wp\/v2\/types\/product"}],"wp:attachment":[{"href":"https:\/\/roveyayinevi.com.tr\/index.php\/wp-json\/wp\/v2\/media?parent=780816"}],"wp:term":[{"taxonomy":"product_brand","embeddable":true,"href":"https:\/\/roveyayinevi.com.tr\/index.php\/wp-json\/wp\/v2\/product_brand?post=780816"},{"taxonomy":"product_cat","embeddable":true,"href":"https:\/\/roveyayinevi.com.tr\/index.php\/wp-json\/wp\/v2\/product_cat?post=780816"},{"taxonomy":"product_tag","embeddable":true,"href":"https:\/\/roveyayinevi.com.tr\/index.php\/wp-json\/wp\/v2\/product_tag?post=780816"}],"curies":[{"name":"wp","href":"https:\/\/api.w.org\/{rel}","templated":true}]}}