{"id":780815,"date":"2026-01-20T04:22:08","date_gmt":"2026-01-20T01:22:08","guid":{"rendered":"https:\/\/roveyayinevi.com.tr\/index.php\/urun\/uyusak-fark-eder\/"},"modified":"2026-04-15T03:45:20","modified_gmt":"2026-04-15T00:45:20","slug":"uyusak-fark-eder","status":"publish","type":"product","link":"https:\/\/roveyayinevi.com.tr\/index.php\/urun\/uyusak-fark-eder\/","title":{"rendered":"Uyusak Fark Eder"},"content":{"rendered":"<p>Uyumak, sessiz bir k\u00f6\u015fede rahatlamak gibidir. Bazen yorgun bir g\u00fcn\u00fc geride b\u0131rak\u0131r, yeni bir ba\u015flang\u0131\u00e7 i\u00e7in g\u00fc\u00e7 verir. Uyumak, huzuru, g\u00fcveni ve yenilenmeyi hissettirir. Bug\u00fcn uyuyarak hangi r\u00fcyalara yolculuk yapmak istersin? Bir dene, bakal\u0131m neler fark edecek!<\/p>\n","protected":false},"excerpt":{"rendered":"<p>Uyumak, sessiz bir k\u00f6\u015fede rahatlamak gibidir. Bazen yorgun bir g\u00fcn\u00fc geride b\u0131rak\u0131r, yeni bir ba\u015flang\u0131\u00e7 i\u00e7in g\u00fc\u00e7 verir. Uyumak, huzuru, g\u00fcveni ve yenilenmeyi hissettirir. Bug\u00fcn uyuyarak<span class=\"excerpt-hellip\"> [\u2026]<\/span><\/p>\n","protected":false},"featured_media":0,"template":"","meta":{"_monsterinsights_skip_tracking":false,"_monsterinsights_sitenote_active":false,"_monsterinsights_sitenote_note":"","_monsterinsights_sitenote_category":0},"product_brand":[],"product_cat":[12274,12518],"product_tag":[],"class_list":{"0":"post-780815","1":"product","2":"type-product","3":"status-publish","5":"product_cat-cocuk-ve-genclik-kitaplari","6":"product_cat-okul-oncesi-kitaplar","7":"pa_cilt-ciltli","8":"pa_tur-kitap","9":"pa_yayinevi-sincap-kitap","10":"pa_yazar-kolektif","12":"first","13":"instock","14":"sale","15":"shipping-taxable","16":"purchasable","17":"product-type-simple"},"_links":{"self":[{"href":"https:\/\/roveyayinevi.com.tr\/index.php\/wp-json\/wp\/v2\/product\/780815","targetHints":{"allow":["GET"]}}],"collection":[{"href":"https:\/\/roveyayinevi.com.tr\/index.php\/wp-json\/wp\/v2\/product"}],"about":[{"href":"https:\/\/roveyayinevi.com.tr\/index.php\/wp-json\/wp\/v2\/types\/product"}],"wp:attachment":[{"href":"https:\/\/roveyayinevi.com.tr\/index.php\/wp-json\/wp\/v2\/media?parent=780815"}],"wp:term":[{"taxonomy":"product_brand","embeddable":true,"href":"https:\/\/roveyayinevi.com.tr\/index.php\/wp-json\/wp\/v2\/product_brand?post=780815"},{"taxonomy":"product_cat","embeddable":true,"href":"https:\/\/roveyayinevi.com.tr\/index.php\/wp-json\/wp\/v2\/product_cat?post=780815"},{"taxonomy":"product_tag","embeddable":true,"href":"https:\/\/roveyayinevi.com.tr\/index.php\/wp-json\/wp\/v2\/product_tag?post=780815"}],"curies":[{"name":"wp","href":"https:\/\/api.w.org\/{rel}","templated":true}]}}