{"id":780814,"date":"2026-01-20T04:22:03","date_gmt":"2026-01-20T01:22:03","guid":{"rendered":"https:\/\/roveyayinevi.com.tr\/index.php\/urun\/yapamam-dediginde-ciltli-set\/"},"modified":"2026-04-15T03:45:20","modified_gmt":"2026-04-15T00:45:20","slug":"yapamam-dediginde-ciltli-set","status":"publish","type":"product","link":"https:\/\/roveyayinevi.com.tr\/index.php\/urun\/yapamam-dediginde-ciltli-set\/","title":{"rendered":"Yapamam Dedi\u011finde (Ciltli &#8211; Set)"},"content":{"rendered":"<p>Sar\u0131lmak kimi zaman bir korkuyu yat\u0131\u015ft\u0131r\u0131r, kimi zaman bir sevinci b\u00fcy\u00fct\u00fcr. G\u00fcveni, sevgiyi ve payla\u015fmay\u0131 hissettirir. Uyumak, yeni bir g\u00fcne sessizce haz\u0131rlanmakt\u0131r. Bazen yorgun bir g\u00fcn\u00fc geride b\u0131rak\u0131r, yeni bir ba\u015flang\u0131\u00e7 i\u00e7in g\u00fc\u00e7 verir. Konu\u015fmak bazen bir d\u00fc\u011f\u00fcm\u00fc \u00e7\u00f6zer, bazen kaybolan bir yolu buldurur. Anla\u015f\u0131lmay\u0131, fark etmeyi ve sakinli\u011fi hissettirir. Bug\u00fcn birine sar\u0131lmay\u0131, uyurken tatl\u0131 r\u00fcyalar g\u00f6rmeyi, biriyle i\u00e7inden geldi\u011fi gibi konu\u015fmay\u0131 dene. Bakal\u0131m, tam da yapamam dedi\u011finde hayat\u0131nda neler fark edecek!<\/p>\n","protected":false},"excerpt":{"rendered":"<p>Sar\u0131lmak kimi zaman bir korkuyu yat\u0131\u015ft\u0131r\u0131r, kimi zaman bir sevinci b\u00fcy\u00fct\u00fcr. G\u00fcveni, sevgiyi ve payla\u015fmay\u0131 hissettirir. Uyumak, yeni bir g\u00fcne sessizce haz\u0131rlanmakt\u0131r. Bazen yorgun bir g\u00fcn\u00fc<span class=\"excerpt-hellip\"> [\u2026]<\/span><\/p>\n","protected":false},"featured_media":0,"template":"","meta":{"_monsterinsights_skip_tracking":false,"_monsterinsights_sitenote_active":false,"_monsterinsights_sitenote_note":"","_monsterinsights_sitenote_category":0},"product_brand":[],"product_cat":[12274,12518],"product_tag":[],"class_list":{"0":"post-780814","1":"product","2":"type-product","3":"status-publish","5":"product_cat-cocuk-ve-genclik-kitaplari","6":"product_cat-okul-oncesi-kitaplar","7":"pa_cilt-ciltli","8":"pa_tur-kitap","9":"pa_yayinevi-sincap-kitap","10":"pa_yazar-kolektif","12":"first","13":"instock","14":"sale","15":"shipping-taxable","16":"purchasable","17":"product-type-simple"},"_links":{"self":[{"href":"https:\/\/roveyayinevi.com.tr\/index.php\/wp-json\/wp\/v2\/product\/780814","targetHints":{"allow":["GET"]}}],"collection":[{"href":"https:\/\/roveyayinevi.com.tr\/index.php\/wp-json\/wp\/v2\/product"}],"about":[{"href":"https:\/\/roveyayinevi.com.tr\/index.php\/wp-json\/wp\/v2\/types\/product"}],"wp:attachment":[{"href":"https:\/\/roveyayinevi.com.tr\/index.php\/wp-json\/wp\/v2\/media?parent=780814"}],"wp:term":[{"taxonomy":"product_brand","embeddable":true,"href":"https:\/\/roveyayinevi.com.tr\/index.php\/wp-json\/wp\/v2\/product_brand?post=780814"},{"taxonomy":"product_cat","embeddable":true,"href":"https:\/\/roveyayinevi.com.tr\/index.php\/wp-json\/wp\/v2\/product_cat?post=780814"},{"taxonomy":"product_tag","embeddable":true,"href":"https:\/\/roveyayinevi.com.tr\/index.php\/wp-json\/wp\/v2\/product_tag?post=780814"}],"curies":[{"name":"wp","href":"https:\/\/api.w.org\/{rel}","templated":true}]}}