{"id":780813,"date":"2026-01-20T04:21:59","date_gmt":"2026-01-20T01:21:59","guid":{"rendered":"https:\/\/roveyayinevi.com.tr\/index.php\/urun\/genel-kultur-kitabim-konusuyorum\/"},"modified":"2026-04-15T03:45:20","modified_gmt":"2026-04-15T00:45:20","slug":"genel-kultur-kitabim-konusuyorum","status":"publish","type":"product","link":"https:\/\/roveyayinevi.com.tr\/index.php\/urun\/genel-kultur-kitabim-konusuyorum\/","title":{"rendered":"Genel K\u00fclt\u00fcr Kitab\u0131m \u2013 Konu\u015fuyorum"},"content":{"rendered":"<p>Kendini anlamaya haz\u0131r m\u0131s\u0131n?Bazen bir soru, bir his ya da beklenmedik bir an\u2026Hayat, kendimizi ve \u00e7evremizi anlamaya \u00e7al\u0131\u015f\u0131rken \u015fekillenir.Senin de verece\u011fin kararlar kimi zaman d\u00fcnyay\u0131 g\u00fczelle\u015ftirecek, kimi zaman daha da karma\u015f\u0131k hale getirecek.Bazen ko\u015fup en tepeye ula\u015fmak isteyeceksin bazense sadece durup derin bir nefes almay\u0131&#8230;D\u00fc\u015f\u00fcnd\u00fck\u00e7e anlayacak, anlatt\u0131k\u00e7a fark edeceksin. Sevdiklerinle payla\u015faca\u011f\u0131n sorular ve birlikte d\u00fc\u015f\u00fcnece\u011fin cevaplar hayat\u0131n\u0131 daha anlaml\u0131 hale getirecek.Unutma, her bak\u0131\u015f a\u00e7\u0131s\u0131 yeni bir pencere a\u00e7ar, her soru yeni bir kap\u0131 aralar.<\/p>\n","protected":false},"excerpt":{"rendered":"<p>Kendini anlamaya haz\u0131r m\u0131s\u0131n?Bazen bir soru, bir his ya da beklenmedik bir an\u2026Hayat, kendimizi ve \u00e7evremizi anlamaya \u00e7al\u0131\u015f\u0131rken \u015fekillenir.Senin de verece\u011fin kararlar kimi zaman d\u00fcnyay\u0131 g\u00fczelle\u015ftirecek,<span class=\"excerpt-hellip\"> [\u2026]<\/span><\/p>\n","protected":false},"featured_media":0,"template":"","meta":{"_monsterinsights_skip_tracking":false,"_monsterinsights_sitenote_active":false,"_monsterinsights_sitenote_note":"","_monsterinsights_sitenote_category":0},"product_brand":[],"product_cat":[12274,12284],"product_tag":[],"class_list":{"0":"post-780813","1":"product","2":"type-product","3":"status-publish","5":"product_cat-cocuk-ve-genclik-kitaplari","6":"product_cat-hikayeler","7":"pa_cilt-ciltsiz","8":"pa_tur-kitap","9":"pa_yayinevi-sincap-kitap","10":"pa_yazar-cagri-odabasi","12":"first","13":"instock","14":"sale","15":"shipping-taxable","16":"purchasable","17":"product-type-simple"},"_links":{"self":[{"href":"https:\/\/roveyayinevi.com.tr\/index.php\/wp-json\/wp\/v2\/product\/780813","targetHints":{"allow":["GET"]}}],"collection":[{"href":"https:\/\/roveyayinevi.com.tr\/index.php\/wp-json\/wp\/v2\/product"}],"about":[{"href":"https:\/\/roveyayinevi.com.tr\/index.php\/wp-json\/wp\/v2\/types\/product"}],"wp:attachment":[{"href":"https:\/\/roveyayinevi.com.tr\/index.php\/wp-json\/wp\/v2\/media?parent=780813"}],"wp:term":[{"taxonomy":"product_brand","embeddable":true,"href":"https:\/\/roveyayinevi.com.tr\/index.php\/wp-json\/wp\/v2\/product_brand?post=780813"},{"taxonomy":"product_cat","embeddable":true,"href":"https:\/\/roveyayinevi.com.tr\/index.php\/wp-json\/wp\/v2\/product_cat?post=780813"},{"taxonomy":"product_tag","embeddable":true,"href":"https:\/\/roveyayinevi.com.tr\/index.php\/wp-json\/wp\/v2\/product_tag?post=780813"}],"curies":[{"name":"wp","href":"https:\/\/api.w.org\/{rel}","templated":true}]}}