{"id":780811,"date":"2026-01-20T04:21:51","date_gmt":"2026-01-20T01:21:51","guid":{"rendered":"https:\/\/roveyayinevi.com.tr\/index.php\/urun\/gordum-seni-dusuncelerim\/"},"modified":"2026-04-15T03:45:20","modified_gmt":"2026-04-15T00:45:20","slug":"gordum-seni-dusuncelerim","status":"publish","type":"product","link":"https:\/\/roveyayinevi.com.tr\/index.php\/urun\/gordum-seni-dusuncelerim\/","title":{"rendered":"G\u00f6rd\u00fcm Seni &#8211; D\u00fc\u015f\u00fcncelerim"},"content":{"rendered":"<p>Her an zihninden farkl\u0131 d\u00fc\u015f\u00fcnceler ge\u00e7ebilir, kimi bir r\u00fczgar gibi esip gider, kimi ise sessizce kal\u0131r.Baz\u0131lar\u0131 i\u00e7ini \u0131s\u0131t\u0131r, baz\u0131lar\u0131 ise seni d\u00fc\u015f\u00fcnd\u00fcr\u00fcr. Ama her biri kalbine bir iz b\u0131rak\u0131r.Onlar\u0131 fark edip g\u00fczelce u\u011furlayabilirsen, zihnin hafifler t\u0131pk\u0131 u\u00e7an bir balon gibi.<\/p>\n","protected":false},"excerpt":{"rendered":"<p>Her an zihninden farkl\u0131 d\u00fc\u015f\u00fcnceler ge\u00e7ebilir, kimi bir r\u00fczgar gibi esip gider, kimi ise sessizce kal\u0131r.Baz\u0131lar\u0131 i\u00e7ini \u0131s\u0131t\u0131r, baz\u0131lar\u0131 ise seni d\u00fc\u015f\u00fcnd\u00fcr\u00fcr. Ama her biri kalbine<span class=\"excerpt-hellip\"> [\u2026]<\/span><\/p>\n","protected":false},"featured_media":0,"template":"","meta":{"_monsterinsights_skip_tracking":false,"_monsterinsights_sitenote_active":false,"_monsterinsights_sitenote_note":"","_monsterinsights_sitenote_category":0},"product_brand":[],"product_cat":[12274,12518],"product_tag":[],"class_list":{"0":"post-780811","1":"product","2":"type-product","3":"status-publish","5":"product_cat-cocuk-ve-genclik-kitaplari","6":"product_cat-okul-oncesi-kitaplar","7":"pa_cilt-ciltli","8":"pa_tur-kitap","9":"pa_yayinevi-sincap-kitap","10":"pa_yazar-kolektif","12":"first","13":"instock","14":"sale","15":"shipping-taxable","16":"purchasable","17":"product-type-simple"},"_links":{"self":[{"href":"https:\/\/roveyayinevi.com.tr\/index.php\/wp-json\/wp\/v2\/product\/780811","targetHints":{"allow":["GET"]}}],"collection":[{"href":"https:\/\/roveyayinevi.com.tr\/index.php\/wp-json\/wp\/v2\/product"}],"about":[{"href":"https:\/\/roveyayinevi.com.tr\/index.php\/wp-json\/wp\/v2\/types\/product"}],"wp:attachment":[{"href":"https:\/\/roveyayinevi.com.tr\/index.php\/wp-json\/wp\/v2\/media?parent=780811"}],"wp:term":[{"taxonomy":"product_brand","embeddable":true,"href":"https:\/\/roveyayinevi.com.tr\/index.php\/wp-json\/wp\/v2\/product_brand?post=780811"},{"taxonomy":"product_cat","embeddable":true,"href":"https:\/\/roveyayinevi.com.tr\/index.php\/wp-json\/wp\/v2\/product_cat?post=780811"},{"taxonomy":"product_tag","embeddable":true,"href":"https:\/\/roveyayinevi.com.tr\/index.php\/wp-json\/wp\/v2\/product_tag?post=780811"}],"curies":[{"name":"wp","href":"https:\/\/api.w.org\/{rel}","templated":true}]}}