{"id":780808,"date":"2026-01-20T04:21:40","date_gmt":"2026-01-20T01:21:40","guid":{"rendered":"https:\/\/roveyayinevi.com.tr\/index.php\/urun\/gordum-seni-hislerim\/"},"modified":"2026-04-15T03:45:20","modified_gmt":"2026-04-15T00:45:20","slug":"gordum-seni-hislerim","status":"publish","type":"product","link":"https:\/\/roveyayinevi.com.tr\/index.php\/urun\/gordum-seni-hislerim\/","title":{"rendered":"G\u00f6rd\u00fcm Seni &#8211; Hislerim"},"content":{"rendered":"<p>Her g\u00fcn, her saat hatta her dakika farkl\u0131 hisler kaplayabilir i\u00e7ini. Bazen g\u00fcl\u00fcc\u00fckler da\u011f\u0131t\u0131rken etrafa bazen g\u00f6zlerin ya\u015flarla dolabilir. T\u00fcm bu hisler, sana kendini hat\u0131rlat\u0131r ve hepsinin bir anlam\u0131 vard\u0131r. Ne hissedersen hisset, her zaman de\u011ferli oldu\u011funu hat\u0131rla!<\/p>\n","protected":false},"excerpt":{"rendered":"<p>Her g\u00fcn, her saat hatta her dakika farkl\u0131 hisler kaplayabilir i\u00e7ini. Bazen g\u00fcl\u00fcc\u00fckler da\u011f\u0131t\u0131rken etrafa bazen g\u00f6zlerin ya\u015flarla dolabilir. T\u00fcm bu hisler, sana kendini hat\u0131rlat\u0131r ve<span class=\"excerpt-hellip\"> [\u2026]<\/span><\/p>\n","protected":false},"featured_media":0,"template":"","meta":{"_monsterinsights_skip_tracking":false,"_monsterinsights_sitenote_active":false,"_monsterinsights_sitenote_note":"","_monsterinsights_sitenote_category":0},"product_brand":[],"product_cat":[12274,12284],"product_tag":[],"class_list":{"0":"post-780808","1":"product","2":"type-product","3":"status-publish","5":"product_cat-cocuk-ve-genclik-kitaplari","6":"product_cat-hikayeler","7":"pa_cilt-ciltli","8":"pa_tur-kitap","9":"pa_yayinevi-sincap-kitap","10":"pa_yazar-kolektif","12":"first","13":"instock","14":"sale","15":"shipping-taxable","16":"purchasable","17":"product-type-simple"},"_links":{"self":[{"href":"https:\/\/roveyayinevi.com.tr\/index.php\/wp-json\/wp\/v2\/product\/780808","targetHints":{"allow":["GET"]}}],"collection":[{"href":"https:\/\/roveyayinevi.com.tr\/index.php\/wp-json\/wp\/v2\/product"}],"about":[{"href":"https:\/\/roveyayinevi.com.tr\/index.php\/wp-json\/wp\/v2\/types\/product"}],"wp:attachment":[{"href":"https:\/\/roveyayinevi.com.tr\/index.php\/wp-json\/wp\/v2\/media?parent=780808"}],"wp:term":[{"taxonomy":"product_brand","embeddable":true,"href":"https:\/\/roveyayinevi.com.tr\/index.php\/wp-json\/wp\/v2\/product_brand?post=780808"},{"taxonomy":"product_cat","embeddable":true,"href":"https:\/\/roveyayinevi.com.tr\/index.php\/wp-json\/wp\/v2\/product_cat?post=780808"},{"taxonomy":"product_tag","embeddable":true,"href":"https:\/\/roveyayinevi.com.tr\/index.php\/wp-json\/wp\/v2\/product_tag?post=780808"}],"curies":[{"name":"wp","href":"https:\/\/api.w.org\/{rel}","templated":true}]}}