{"id":780807,"date":"2026-01-20T04:21:37","date_gmt":"2026-01-20T01:21:37","guid":{"rendered":"https:\/\/roveyayinevi.com.tr\/index.php\/urun\/ciz-ciz-zeki-salyangoz-dusunme-becerileri-etkinlikleri\/"},"modified":"2026-04-15T03:45:20","modified_gmt":"2026-04-15T00:45:20","slug":"ciz-ciz-zeki-salyangoz-dusunme-becerileri-etkinlikleri","status":"publish","type":"product","link":"https:\/\/roveyayinevi.com.tr\/index.php\/urun\/ciz-ciz-zeki-salyangoz-dusunme-becerileri-etkinlikleri\/","title":{"rendered":"\u00c7iz \u00c7iz Zeki Salyangoz &#8211; D\u00fc\u015f\u00fcnme Becerileri Etkinlikleri"},"content":{"rendered":"<p>D\u00fc\u015f\u00fcnme becerilerini destekleyen interaktif bir etkinlik kitab\u0131. K\u0131sa, sade ve y\u00f6nlendirici diliyle okul \u00f6ncesi \u00e7ocuklar i\u00e7in m\u00fckemmel bir e\u015flik\u00e7i. Renkli \u00e7izimleri ve sevimli karakterleriyle her sayfa ke\u015ffe davet ediyor. Dijital yaz\u0131 ve \u00e7izim tableti sayesinde \u00e7ocuklar silip yeniden deneyebiliyor.<\/p>\n","protected":false},"excerpt":{"rendered":"<p>D\u00fc\u015f\u00fcnme becerilerini destekleyen interaktif bir etkinlik kitab\u0131. K\u0131sa, sade ve y\u00f6nlendirici diliyle okul \u00f6ncesi \u00e7ocuklar i\u00e7in m\u00fckemmel bir e\u015flik\u00e7i. Renkli \u00e7izimleri ve sevimli karakterleriyle her sayfa<span class=\"excerpt-hellip\"> [\u2026]<\/span><\/p>\n","protected":false},"featured_media":0,"template":"","meta":{"_monsterinsights_skip_tracking":false,"_monsterinsights_sitenote_active":false,"_monsterinsights_sitenote_note":"","_monsterinsights_sitenote_category":0},"product_brand":[],"product_cat":[12274,15842],"product_tag":[],"class_list":{"0":"post-780807","1":"product","2":"type-product","3":"status-publish","5":"product_cat-cocuk-ve-genclik-kitaplari","6":"product_cat-egitici-kitaplar","7":"pa_cilt-ciltsiz","8":"pa_tur-kitap","9":"pa_yayinevi-sincap-kitap","10":"pa_yazar-kolektif","12":"first","13":"instock","14":"sale","15":"shipping-taxable","16":"purchasable","17":"product-type-simple"},"_links":{"self":[{"href":"https:\/\/roveyayinevi.com.tr\/index.php\/wp-json\/wp\/v2\/product\/780807","targetHints":{"allow":["GET"]}}],"collection":[{"href":"https:\/\/roveyayinevi.com.tr\/index.php\/wp-json\/wp\/v2\/product"}],"about":[{"href":"https:\/\/roveyayinevi.com.tr\/index.php\/wp-json\/wp\/v2\/types\/product"}],"wp:attachment":[{"href":"https:\/\/roveyayinevi.com.tr\/index.php\/wp-json\/wp\/v2\/media?parent=780807"}],"wp:term":[{"taxonomy":"product_brand","embeddable":true,"href":"https:\/\/roveyayinevi.com.tr\/index.php\/wp-json\/wp\/v2\/product_brand?post=780807"},{"taxonomy":"product_cat","embeddable":true,"href":"https:\/\/roveyayinevi.com.tr\/index.php\/wp-json\/wp\/v2\/product_cat?post=780807"},{"taxonomy":"product_tag","embeddable":true,"href":"https:\/\/roveyayinevi.com.tr\/index.php\/wp-json\/wp\/v2\/product_tag?post=780807"}],"curies":[{"name":"wp","href":"https:\/\/api.w.org\/{rel}","templated":true}]}}