{"id":780806,"date":"2026-01-20T04:21:34","date_gmt":"2026-01-20T01:21:34","guid":{"rendered":"https:\/\/roveyayinevi.com.tr\/index.php\/urun\/dokun-hisset-tummy-time-guvenli-baglanma-basliyor\/"},"modified":"2026-04-15T03:45:20","modified_gmt":"2026-04-15T00:45:20","slug":"dokun-hisset-tummy-time-guvenli-baglanma-basliyor","status":"publish","type":"product","link":"https:\/\/roveyayinevi.com.tr\/index.php\/urun\/dokun-hisset-tummy-time-guvenli-baglanma-basliyor\/","title":{"rendered":"Dokun Hisset &#8211; Tummy Time G\u00fcvenli Ba\u011flanma Ba\u015fl\u0131yor"},"content":{"rendered":"<p>Bir dokunu\u015fla ba\u015flar her \u015fey. Bir g\u00fcl\u00fcmseme, bir ses, bir ba\u011f\u2026 Tummy Time, sevgiyle b\u00fcy\u00fcyen ilk ke\u015fif kitab\u0131. Yumu\u015fak dokular ve sade tasar\u0131m\u0131yla, bebe\u011finizin geli\u015fimini ve g\u00fcvenli ba\u011flanmay\u0131 destekler<\/p>\n","protected":false},"excerpt":{"rendered":"<p>Bir dokunu\u015fla ba\u015flar her \u015fey. Bir g\u00fcl\u00fcmseme, bir ses, bir ba\u011f\u2026 Tummy Time, sevgiyle b\u00fcy\u00fcyen ilk ke\u015fif kitab\u0131. Yumu\u015fak dokular ve sade tasar\u0131m\u0131yla, bebe\u011finizin geli\u015fimini ve<span class=\"excerpt-hellip\"> [\u2026]<\/span><\/p>\n","protected":false},"featured_media":0,"template":"","meta":{"_monsterinsights_skip_tracking":false,"_monsterinsights_sitenote_active":false,"_monsterinsights_sitenote_note":"","_monsterinsights_sitenote_category":0},"product_brand":[],"product_cat":[12274,12284],"product_tag":[],"class_list":{"0":"post-780806","1":"product","2":"type-product","3":"status-publish","5":"product_cat-cocuk-ve-genclik-kitaplari","6":"product_cat-hikayeler","7":"pa_cilt-ciltsiz","8":"pa_tur-kitap","9":"pa_yayinevi-sincap-kitap","10":"pa_yazar-kolektif","12":"first","13":"instock","14":"sale","15":"shipping-taxable","16":"purchasable","17":"product-type-simple"},"_links":{"self":[{"href":"https:\/\/roveyayinevi.com.tr\/index.php\/wp-json\/wp\/v2\/product\/780806","targetHints":{"allow":["GET"]}}],"collection":[{"href":"https:\/\/roveyayinevi.com.tr\/index.php\/wp-json\/wp\/v2\/product"}],"about":[{"href":"https:\/\/roveyayinevi.com.tr\/index.php\/wp-json\/wp\/v2\/types\/product"}],"wp:attachment":[{"href":"https:\/\/roveyayinevi.com.tr\/index.php\/wp-json\/wp\/v2\/media?parent=780806"}],"wp:term":[{"taxonomy":"product_brand","embeddable":true,"href":"https:\/\/roveyayinevi.com.tr\/index.php\/wp-json\/wp\/v2\/product_brand?post=780806"},{"taxonomy":"product_cat","embeddable":true,"href":"https:\/\/roveyayinevi.com.tr\/index.php\/wp-json\/wp\/v2\/product_cat?post=780806"},{"taxonomy":"product_tag","embeddable":true,"href":"https:\/\/roveyayinevi.com.tr\/index.php\/wp-json\/wp\/v2\/product_tag?post=780806"}],"curies":[{"name":"wp","href":"https:\/\/api.w.org\/{rel}","templated":true}]}}