{"id":780801,"date":"2026-01-20T04:21:23","date_gmt":"2026-01-20T01:21:23","guid":{"rendered":"https:\/\/roveyayinevi.com.tr\/index.php\/urun\/modern-dunya-yeniden-nezaket-ve-gorgu\/"},"modified":"2026-04-13T03:41:41","modified_gmt":"2026-04-13T00:41:41","slug":"modern-dunya-yeniden-nezaket-ve-gorgu","status":"publish","type":"product","link":"https:\/\/roveyayinevi.com.tr\/index.php\/urun\/modern-dunya-yeniden-nezaket-ve-gorgu\/","title":{"rendered":"Modern D\u00fcnya Yeniden Nezaket ve G\u00f6rg\u00fc"},"content":{"rendered":"<p>G\u00fcn\u00fcm\u00fcz\u00fcn dijital ve h\u0131zl\u0131 d\u00fcnyas\u0131nda, etkili ileti\u015fim kurabilmek ve sosyal hayatta ba\u015far\u0131l\u0131 olabilmek i\u00e7in nezaket ve g\u00f6rg\u00fc kurallar\u0131n\u0131n \u00f6nemi b\u00fcy\u00fckt\u00fcr. Modern D\u00fcnya Yeniden Nezaket ve G\u00f6rg\u00fc eseri, do\u011fru diksiyon, beden dili, ilk tan\u0131\u015fma ve takdim kurallar\u0131 gibi temel ileti\u015fim becerilerini \u00f6\u011freterek, hem sosyal hem de kurumsal ya\u015famda g\u00fc\u00e7l\u00fc bir izlenim b\u0131rakman\u0131z\u0131 sa\u011flamaktad\u0131r.Ayr\u0131ca protokol kurallar\u0131, yaz\u0131\u015fma ilkeleri ve i\u015f yerindeki davran\u0131\u015f kurallar\u0131 gibi konulara da de\u011finerek, yeti\u015fkin bireylerin bilin\u00e7lenmesini desteklemekte ve gen\u00e7leri gelece\u011fe haz\u0131rlamada rehberlik etmektedir. Toplumumuzda bir\u00e7ok ki\u015fi nezaket ve g\u00f6rg\u00fc kurallar\u0131na h\u00e2kim oldu\u011funu d\u00fc\u015f\u00fcnse de, bu bilgileri g\u00fcnl\u00fck ya\u015fam\u0131na yans\u0131tmakta zorlanmaktad\u0131r. \u00c7o\u011fu zaman gerekli bilgiye sahip olmadan bildi\u011fini varsaymakta ve \u00f6\u011frenmeye mesafeli kalmaktad\u0131r. \u00d6zel veyahalk e\u011fitim merkezlerinde verilen nezaket ve g\u00f6rg\u00fc e\u011fitimi programlar\u0131na kat\u0131l\u0131m ise, \u00e7ekingenlik, \u00f6nyarg\u0131 ve yo\u011fun ya\u015fam temposu nedeniyle sonu\u00e7 al\u0131namamaktad\u0131r.Bu eser, nezaket ve g\u00f6rg\u00fc kurallar\u0131n\u0131 \u00f6\u011frenmeyi kolayla\u015ft\u0131ran, kapsaml\u0131 ve rehber niteli\u011finde, her bireyin k\u00fct\u00fcphanesinde bulunmas\u0131 gereken \u00f6zel bir kaynakt\u0131r. G\u00fcnl\u00fck ya\u015famda uygulanabilecek pratik bilgilerle ki\u015fisel geli\u015fime katk\u0131 sa\u011flamakta ve her bireyin sosyal, akademik ile profesyonel hayat\u0131nda ba\u015far\u0131l\u0131 olmas\u0131n\u0131 m\u00fcmk\u00fcn k\u0131lmaktad\u0131r. Unutulmamal\u0131d\u0131r ki; toplumda sayg\u0131 g\u00f6rmek, ancak kar\u015f\u0131m\u0131zdaki ki\u015fiye sayg\u0131 g\u00f6stermekle m\u00fcmk\u00fcn olmaktad\u0131r.Bir insan\u0131n \u015fahsi kimli\u011fini sayg\u0131n etmesi \u00fcslubundan ge\u00e7mektedir.\u00dcsluplu davran\u0131\u015flar\u0131yla ki\u015fi, topluma sayg\u0131 sunar.Sundu\u011fu bu sayg\u0131 ile de \u015fahsi kimli\u011fi sayg\u0131n olur<\/p>\n","protected":false},"excerpt":{"rendered":"<p>G\u00fcn\u00fcm\u00fcz\u00fcn dijital ve h\u0131zl\u0131 d\u00fcnyas\u0131nda, etkili ileti\u015fim kurabilmek ve sosyal hayatta ba\u015far\u0131l\u0131 olabilmek i\u00e7in nezaket ve g\u00f6rg\u00fc kurallar\u0131n\u0131n \u00f6nemi b\u00fcy\u00fckt\u00fcr. Modern D\u00fcnya Yeniden Nezaket ve G\u00f6rg\u00fc<span class=\"excerpt-hellip\"> [\u2026]<\/span><\/p>\n","protected":false},"featured_media":0,"template":"","meta":{"_monsterinsights_skip_tracking":false,"_monsterinsights_sitenote_active":false,"_monsterinsights_sitenote_note":"","_monsterinsights_sitenote_category":0},"product_brand":[],"product_cat":[12364,12376],"product_tag":[],"class_list":{"0":"post-780801","1":"product","2":"type-product","3":"status-publish","5":"product_cat-genel-konular","6":"product_cat-kisisel-gelisim","7":"pa_cilt-ciltsiz","8":"pa_tur-kitap","9":"pa_yayinevi-gulnar-yayinlari","10":"pa_yazar-gamze-boynuegri","12":"first","13":"instock","14":"sale","15":"shipping-taxable","16":"purchasable","17":"product-type-simple"},"_links":{"self":[{"href":"https:\/\/roveyayinevi.com.tr\/index.php\/wp-json\/wp\/v2\/product\/780801","targetHints":{"allow":["GET"]}}],"collection":[{"href":"https:\/\/roveyayinevi.com.tr\/index.php\/wp-json\/wp\/v2\/product"}],"about":[{"href":"https:\/\/roveyayinevi.com.tr\/index.php\/wp-json\/wp\/v2\/types\/product"}],"wp:attachment":[{"href":"https:\/\/roveyayinevi.com.tr\/index.php\/wp-json\/wp\/v2\/media?parent=780801"}],"wp:term":[{"taxonomy":"product_brand","embeddable":true,"href":"https:\/\/roveyayinevi.com.tr\/index.php\/wp-json\/wp\/v2\/product_brand?post=780801"},{"taxonomy":"product_cat","embeddable":true,"href":"https:\/\/roveyayinevi.com.tr\/index.php\/wp-json\/wp\/v2\/product_cat?post=780801"},{"taxonomy":"product_tag","embeddable":true,"href":"https:\/\/roveyayinevi.com.tr\/index.php\/wp-json\/wp\/v2\/product_tag?post=780801"}],"curies":[{"name":"wp","href":"https:\/\/api.w.org\/{rel}","templated":true}]}}