{"id":780800,"date":"2026-01-20T04:21:21","date_gmt":"2026-01-20T01:21:21","guid":{"rendered":"https:\/\/roveyayinevi.com.tr\/index.php\/urun\/istiflenmis-yasamlar\/"},"modified":"2026-04-15T03:45:19","modified_gmt":"2026-04-15T00:45:19","slug":"istiflenmis-yasamlar","status":"publish","type":"product","link":"https:\/\/roveyayinevi.com.tr\/index.php\/urun\/istiflenmis-yasamlar\/","title":{"rendered":"\u0130stiflenmi\u015f Ya\u015famlar"},"content":{"rendered":"<p>Kent mekan\u0131n\u0131n ve dolay\u0131s\u0131yla kentsel organizman\u0131n temel karakterini olu\u015fturan konut dokusu, b\u00fcy\u00fck \u00f6l\u00e7\u00fcde, i\u00e7erdi\u011fi mimari h\u00fccre tipolojisi taraf\u0131ndan belirlenmektedir. Bu tipoloji daralt\u0131l\u0131p tektiple\u015ftirildi\u011finde ortaya olduk\u00e7a sorunlu kentsel dokular \u00e7\u0131kmaktad\u0131r. Ayr\u0131ca, kent mek\u00e2n\u0131, sentaks ve anlamlardan olu\u015fan bir dil b\u00fct\u00fcn\u00fc olarak ele al\u0131nd\u0131\u011f\u0131nda, kentin grameri ve kelime da\u011farc\u0131\u011f\u0131 ile kentsel mek\u00e2n\u0131n ya\u015fayanlar\u0131na aktard\u0131\u011f\u0131 s\u00f6ylemin zenginli\u011fi veya fukaral\u0131\u011f\u0131 aras\u0131na da do\u011frudan ba\u011flant\u0131lar g\u00f6r\u00fcl\u00fcr. Bu kitapta kent mek\u00e2n\u0131nda ve konut dokusunda, \u00f6zellikle de ekonomik motivasyonlarla k\u00f6r\u00fcklenen \u2018tektiple\u015ftirme\u2019 dinamiklerinin ve t\u00fcrlerinin, \u2018metala\u015fma\u2019 odakl\u0131 mevcut konut \u00fcretim mekanizmas\u0131ndaki \u2018tekelle\u015fme\u2019 e\u011filimleri ile do\u011frudan ili\u015fkileri inceleniyor. Konutun, mimarl\u0131k ortam\u0131 taraf\u0131ndan bu mekanizma ve e\u011filimlere kurban verilmesi sonucu, bu mekanizmayla beraber i\u015fleyen \u00e7e\u015fitli s\u00fcre\u00e7ler, \u0130stanbul ba\u015fta olmak \u00fczere T\u00fcrkiye\u2019de daralt\u0131lagelen konut yap\u0131la\u015fma da\u011farc\u0131\u011f\u0131 \u00fczerinden ele al\u0131n\u0131yor. Kitap, konuttaki tektiple\u015fme olgusunu toplum yap\u0131s\u0131ndaki \u00e7\u00f6z\u00fcnme, yozla\u015fma, \u00e7orakla\u015fma, yabanc\u0131la\u015fma ve teslimiyet gibi kavramlar \u00fczerinden ele al\u0131yor. Konut alan\u0131ndaki mevcut tektiple\u015fmenin, kontrol, tahakk\u00fcm, bask\u0131lama, etkisizle\u015ftirme, duyars\u0131zla\u015ft\u0131rma, k\u0131s\u0131tlama ve \u00f6zellikle de m\u00fclks\u00fczle\u015ftirme stratejilerinin mek\u00e2nsal a\u00e7\u0131l\u0131mlar\u0131 ile ba\u011flar\u0131n\u0131 a\u00e7\u0131\u011fa \u00e7\u0131kar\u0131yor. Bu mek\u00e2nsal tektiple\u015fme stratejilerine, kamusall\u0131\u011f\u0131n ihlali a\u00e7\u0131s\u0131ndan oldu\u011fu kadar ekonomik ve politik boyutlar\u0131ndan da bak\u0131yor ve toprak m\u00fclkiyeti meselesiyle de i\u00e7 i\u00e7e ge\u00e7mi\u015f olan konut olgusunun bu do\u011frultuda nas\u0131l ara\u00e7salla\u015ft\u0131r\u0131ld\u0131\u011f\u0131n\u0131 ortaya koyuyor. Konuttaki bu tektiple\u015fmeyi sadece estetik ve bi\u00e7imsel de\u011fil, k\u00fclt\u00fcrel ve sosyolojik bir sorun olarak da irdeleyen bu kitap, artarak s\u00fcregelen tektiple\u015fmeyi do\u011frudan ko\u015fulland\u0131ran d\u00fcrt\u00fcleri, akt\u00f6rleri, prosed\u00fcrleri, yasal-y\u00f6netsel d\u00fczenlemeleri, kurumla\u015fmalar\u0131, yap\u0131m teknik ve teknolojilerini birbirleriyle ili\u015fkilendirerek tart\u0131\u015f\u0131yor. Tektiple\u015fmeyi, T\u00fcrkiye\u2019de toplu konutun geli\u015fim s\u00fcreci, bu s\u00fcrecin d\u00f6n\u00fc\u015f\u00fcm\u00fc ve bu s\u00fcre\u00e7teki kritik k\u0131r\u0131lma noktalar\u0131 ile birlikte incelerken, tektiple\u015ftirme t\u00fcrlerine tarihsel bir perspektifte bakarak, aralar\u0131ndaki farklar\u0131 ve bu t\u00fcrlerden birinin di\u011ferini yok ederek bask\u0131n hale geli\u015fini yeniden yorumluyor. E\u015fitlik kavram\u0131yla ili\u015fkilendirilebilen tektiple\u015fme olgusunun tarih boyunca ge\u00e7irdi\u011fi a\u015famalar\u0131 irdelerken, farkl\u0131 tektiple\u015fmelerin kitleleri hangi zeminlerde e\u015fitlediklerini ortaya koyuyor. Kitap son a\u015famada, konut tektiple\u015fmisinin arka plan\u0131nda saptanan sorunlardan yola \u00e7\u0131karak geni\u015f kapsaml\u0131 ve \u00e7ok boyutlu alternatif bir konut finansman, planlama, tasar\u0131m, \u00fcretim ve kullan\u0131m modelini ilke ve ara\u00e7lar\u0131yla birlikte ele alarak \u00f6neriyor.<\/p>\n","protected":false},"excerpt":{"rendered":"<p>Kent mekan\u0131n\u0131n ve dolay\u0131s\u0131yla kentsel organizman\u0131n temel karakterini olu\u015fturan konut dokusu, b\u00fcy\u00fck \u00f6l\u00e7\u00fcde, i\u00e7erdi\u011fi mimari h\u00fccre tipolojisi taraf\u0131ndan belirlenmektedir. Bu tipoloji daralt\u0131l\u0131p tektiple\u015ftirildi\u011finde ortaya olduk\u00e7a sorunlu<span class=\"excerpt-hellip\"> [\u2026]<\/span><\/p>\n","protected":false},"featured_media":0,"template":"","meta":{"_monsterinsights_skip_tracking":false,"_monsterinsights_sitenote_active":false,"_monsterinsights_sitenote_note":"","_monsterinsights_sitenote_category":0},"product_brand":[],"product_cat":[12767,12324],"product_tag":[],"class_list":{"0":"post-780800","1":"product","2":"type-product","3":"status-publish","5":"product_cat-kentlesme-modernlesme","6":"product_cat-sosyoloji","7":"pa_cilt-ciltsiz","8":"pa_tur-kitap","9":"pa_yayinevi-nika-yayinevi","10":"pa_yazar-murat-cetin","12":"first","13":"instock","14":"sale","15":"shipping-taxable","16":"purchasable","17":"product-type-simple"},"_links":{"self":[{"href":"https:\/\/roveyayinevi.com.tr\/index.php\/wp-json\/wp\/v2\/product\/780800","targetHints":{"allow":["GET"]}}],"collection":[{"href":"https:\/\/roveyayinevi.com.tr\/index.php\/wp-json\/wp\/v2\/product"}],"about":[{"href":"https:\/\/roveyayinevi.com.tr\/index.php\/wp-json\/wp\/v2\/types\/product"}],"wp:attachment":[{"href":"https:\/\/roveyayinevi.com.tr\/index.php\/wp-json\/wp\/v2\/media?parent=780800"}],"wp:term":[{"taxonomy":"product_brand","embeddable":true,"href":"https:\/\/roveyayinevi.com.tr\/index.php\/wp-json\/wp\/v2\/product_brand?post=780800"},{"taxonomy":"product_cat","embeddable":true,"href":"https:\/\/roveyayinevi.com.tr\/index.php\/wp-json\/wp\/v2\/product_cat?post=780800"},{"taxonomy":"product_tag","embeddable":true,"href":"https:\/\/roveyayinevi.com.tr\/index.php\/wp-json\/wp\/v2\/product_tag?post=780800"}],"curies":[{"name":"wp","href":"https:\/\/api.w.org\/{rel}","templated":true}]}}