{"id":780798,"date":"2026-01-20T04:21:14","date_gmt":"2026-01-20T01:21:14","guid":{"rendered":"https:\/\/roveyayinevi.com.tr\/index.php\/urun\/kor-baykus-9\/"},"modified":"2026-04-15T03:45:19","modified_gmt":"2026-04-15T00:45:19","slug":"kor-baykus-9","status":"publish","type":"product","link":"https:\/\/roveyayinevi.com.tr\/index.php\/urun\/kor-baykus-9\/","title":{"rendered":"K\u00f6r Bayku\u015f"},"content":{"rendered":"<p>\u201cD\u00fcnya, terk edilmi\u015f h\u00fcz\u00fcnl\u00fc bir odayd\u0131 ve o kederi sinesinde hisseden ben \u00e7\u0131plak ayaklar\u0131mla bu evin b\u00fct\u00fcn odalar\u0131n\u0131 gezmeye mecburdum.\u201d \u0130lk kez 1937 y\u0131l\u0131nda yay\u0131mlanan ve bir\u00e7ok dile \u00e7evrilen K\u00f6r Bayku\u015f, ayn\u0131 zamanda \u0130ran edebiyat\u0131ndan T\u00fcrk\u00e7eye \u00e7evrilen ilk eser olma \u00f6zelli\u011fini ta\u015f\u0131r. Ge\u00e7mi\u015f zamanla \u015fimdiki zaman\u0131n i\u00e7 i\u00e7e ge\u00e7ti\u011fi, hayallerin ve k\u00e2buslar\u0131n birbirine doland\u0131\u011f\u0131, tek bir karakterin ayn\u0131 anda bir\u00e7ok karakteri i\u00e7inde bar\u0131nd\u0131rd\u0131\u011f\u0131 bu eserde hastal\u0131kla bo\u011fu\u015fan bir adam\u0131n hem ruhi hem fiziki ac\u0131lar\u0131, ayn\u0131 zamanda yorucu, h\u00fcz\u00fcnl\u00fc ve bazen de korkutucu d\u00fc\u015f\u00fcnceleri S\u00e2d\u0131k Hid\u00e2yet\u2019in g\u00fc\u00e7l\u00fc kalemiyle mahir bir \u015fekilde ilmek ilmek dokunmu\u015ftur.  K\u00f6r Bayku\u015f, S\u00e2d\u0131k Hid\u00e2yet k\u00fclliyat\u0131na ba\u015flamak i\u00e7in e\u015fsiz bir eser niteli\u011findedir.<\/p>\n","protected":false},"excerpt":{"rendered":"<p>\u201cD\u00fcnya, terk edilmi\u015f h\u00fcz\u00fcnl\u00fc bir odayd\u0131 ve o kederi sinesinde hisseden ben \u00e7\u0131plak ayaklar\u0131mla bu evin b\u00fct\u00fcn odalar\u0131n\u0131 gezmeye mecburdum.\u201d \u0130lk kez 1937 y\u0131l\u0131nda yay\u0131mlanan ve<span class=\"excerpt-hellip\"> [\u2026]<\/span><\/p>\n","protected":false},"featured_media":0,"template":"","meta":{"_monsterinsights_skip_tracking":false,"_monsterinsights_sitenote_active":false,"_monsterinsights_sitenote_note":"","_monsterinsights_sitenote_category":0},"product_brand":[],"product_cat":[12291,12711],"product_tag":[],"class_list":{"0":"post-780798","1":"product","2":"type-product","3":"status-publish","5":"product_cat-edebiyat","6":"product_cat-roman-oyku","7":"pa_cilt-ciltsiz","8":"pa_tur-kitap","9":"pa_yayinevi-dokuz-yayinlari","10":"pa_yazar-sadik-hidayet","12":"first","13":"instock","14":"sale","15":"shipping-taxable","16":"purchasable","17":"product-type-simple"},"_links":{"self":[{"href":"https:\/\/roveyayinevi.com.tr\/index.php\/wp-json\/wp\/v2\/product\/780798","targetHints":{"allow":["GET"]}}],"collection":[{"href":"https:\/\/roveyayinevi.com.tr\/index.php\/wp-json\/wp\/v2\/product"}],"about":[{"href":"https:\/\/roveyayinevi.com.tr\/index.php\/wp-json\/wp\/v2\/types\/product"}],"wp:attachment":[{"href":"https:\/\/roveyayinevi.com.tr\/index.php\/wp-json\/wp\/v2\/media?parent=780798"}],"wp:term":[{"taxonomy":"product_brand","embeddable":true,"href":"https:\/\/roveyayinevi.com.tr\/index.php\/wp-json\/wp\/v2\/product_brand?post=780798"},{"taxonomy":"product_cat","embeddable":true,"href":"https:\/\/roveyayinevi.com.tr\/index.php\/wp-json\/wp\/v2\/product_cat?post=780798"},{"taxonomy":"product_tag","embeddable":true,"href":"https:\/\/roveyayinevi.com.tr\/index.php\/wp-json\/wp\/v2\/product_tag?post=780798"}],"curies":[{"name":"wp","href":"https:\/\/api.w.org\/{rel}","templated":true}]}}