{"id":780794,"date":"2026-01-20T04:21:05","date_gmt":"2026-01-20T01:21:05","guid":{"rendered":"https:\/\/roveyayinevi.com.tr\/index.php\/urun\/baslangictaki-son\/"},"modified":"2026-02-03T03:43:58","modified_gmt":"2026-02-03T00:43:58","slug":"baslangictaki-son","status":"publish","type":"product","link":"https:\/\/roveyayinevi.com.tr\/index.php\/urun\/baslangictaki-son\/","title":{"rendered":"Ba\u015flang\u0131\u00e7taki Son"},"content":{"rendered":"<p>&#8230;T\u00fcrkiye \u00fczerinde oynanan oyunun, ABD\u2019nin so\u011fuk sava\u015f sonras\u0131 olu\u015fturmaya \u00e7al\u0131\u015ft\u0131\u011f\u0131 yeni d\u00fcnya d\u00fczeninin gere\u011fi oldu\u011funu anl\u0131yorduk. Gelen b\u00fct\u00fcn istihbarat raporlar\u0131 da ayn\u0131 konuyu i\u015faret ediyordu. Ba\u015fta ABD olmak \u00fczere, Bat\u0131 kaynakl\u0131 devlet adamlar\u0131, d\u00fc\u015f\u00fcnce kurulu\u015flar\u0131 hatta uluslararas\u0131 medya, a\u011f\u0131z birli\u011fi etmi\u015f\u00e7esine art\u0131k Kemalizm\u2019in, Atat\u00fcrk\u00e7\u00fc D\u00fc\u015f\u00fcnce Sisteminin, ulus\u00e7ulu\u011fun, hatta cumhuriyet\u00e7ili\u011fin \u00f6ld\u00fc\u011f\u00fcn\u00fc, T\u00fcrkiye i\u00e7in en iyi y\u00f6netim \u015feklinin Il\u0131ml\u0131 \u0130slam modeli, yerinin ise Orta Do\u011fu oldu\u011funu resmi s\u00f6ylemlerinde dahi \u00e7ekinmeden ifade ediyorlard\u0131. \u0130kinci, \u00dc\u00e7\u00fcnc\u00fc Cumhuriyet tan\u0131mlar\u0131 yap\u0131l\u0131yordu\u2026 T\u00fcrkiye Cumhuriyeti\u2019nin temel ta\u015f\u0131 olan devlet yap\u0131s\u0131, ba\u015fka \u00fclkelerin menfaatleri do\u011frultusunda de\u011fi\u015ftirilmek isteniyordu. Bu hedefin \u00f6n\u00fcndeki en b\u00fcy\u00fck engel ise Cumhuriyet\u2019in ilk kurucular\u0131 olan ve milletinden ald\u0131\u011f\u0131 g\u00fc\u00e7le, \u00fclkesi i\u00e7in her zaman can\u0131n\u0131 \u00e7ekinmeden vermeye yemin eden onurlu ve \u015ferefli ATAT\u00dcRK\u2019\u00fcn askerleriydi.<\/p>\n","protected":false},"excerpt":{"rendered":"<p>&#8230;T\u00fcrkiye \u00fczerinde oynanan oyunun, ABD\u2019nin so\u011fuk sava\u015f sonras\u0131 olu\u015fturmaya \u00e7al\u0131\u015ft\u0131\u011f\u0131 yeni d\u00fcnya d\u00fczeninin gere\u011fi oldu\u011funu anl\u0131yorduk. Gelen b\u00fct\u00fcn istihbarat raporlar\u0131 da ayn\u0131 konuyu i\u015faret ediyordu. Ba\u015fta<span class=\"excerpt-hellip\"> [\u2026]<\/span><\/p>\n","protected":false},"featured_media":0,"template":"","meta":{"_monsterinsights_skip_tracking":false,"_monsterinsights_sitenote_active":false,"_monsterinsights_sitenote_note":"","_monsterinsights_sitenote_category":0},"product_brand":[],"product_cat":[13946,12304],"product_tag":[],"class_list":{"0":"post-780794","1":"product","2":"type-product","3":"status-publish","5":"product_cat-biyografi-otobiyografi","6":"product_cat-tarih","7":"pa_cilt-ciltsiz","8":"pa_tur-kitap","9":"pa_yayinevi-karina-yayinevi","10":"pa_yazar-e-fahir-gur","12":"first","13":"instock","14":"sale","15":"shipping-taxable","16":"purchasable","17":"product-type-simple"},"_links":{"self":[{"href":"https:\/\/roveyayinevi.com.tr\/index.php\/wp-json\/wp\/v2\/product\/780794","targetHints":{"allow":["GET"]}}],"collection":[{"href":"https:\/\/roveyayinevi.com.tr\/index.php\/wp-json\/wp\/v2\/product"}],"about":[{"href":"https:\/\/roveyayinevi.com.tr\/index.php\/wp-json\/wp\/v2\/types\/product"}],"wp:attachment":[{"href":"https:\/\/roveyayinevi.com.tr\/index.php\/wp-json\/wp\/v2\/media?parent=780794"}],"wp:term":[{"taxonomy":"product_brand","embeddable":true,"href":"https:\/\/roveyayinevi.com.tr\/index.php\/wp-json\/wp\/v2\/product_brand?post=780794"},{"taxonomy":"product_cat","embeddable":true,"href":"https:\/\/roveyayinevi.com.tr\/index.php\/wp-json\/wp\/v2\/product_cat?post=780794"},{"taxonomy":"product_tag","embeddable":true,"href":"https:\/\/roveyayinevi.com.tr\/index.php\/wp-json\/wp\/v2\/product_tag?post=780794"}],"curies":[{"name":"wp","href":"https:\/\/api.w.org\/{rel}","templated":true}]}}