{"id":780793,"date":"2026-01-20T04:21:01","date_gmt":"2026-01-20T01:21:01","guid":{"rendered":"https:\/\/roveyayinevi.com.tr\/index.php\/urun\/kalbimin-kullerinden\/"},"modified":"2026-04-15T03:45:19","modified_gmt":"2026-04-15T00:45:19","slug":"kalbimin-kullerinden","status":"publish","type":"product","link":"https:\/\/roveyayinevi.com.tr\/index.php\/urun\/kalbimin-kullerinden\/","title":{"rendered":"Kalbimin K\u00fcllerinden"},"content":{"rendered":"<p>Bazen insan\u0131n kalbi, en g\u00fcvendi\u011fi yerden k\u0131r\u0131l\u0131r. Karanl\u0131k, nefesini keser. Sessizlik a\u011f\u0131r gelir. Ve insan, bir g\u00fcn hi\u00e7 beklemedi\u011fi anda anlar ki en b\u00fcy\u00fck sava\u015f, insan\u0131n kendi i\u00e7indedir. Kalbimin K\u00fcllerinden, bir kad\u0131n\u0131n yaln\u0131zl\u0131kla, hastal\u0131kla, kay\u0131pla ve yeniden do\u011fu\u015fla verdi\u011fi b\u00fcy\u00fck m\u00fccadelenin hik\u00e2yesi. Terk edilmenin ac\u0131s\u0131n\u0131, hayal k\u0131r\u0131kl\u0131\u011f\u0131n\u0131n sessizli\u011fini ve en dipteyken bile i\u00e7inden y\u00fckselen \u0131\u015f\u0131\u011f\u0131 anlat\u0131yor. Bu kitap; \u201cArt\u0131k bitti\u201d dedi\u011fin yerde asl\u0131nda yeni bir ba\u015flang\u0131c\u0131n oldu\u011funu hat\u0131rlat\u0131yor. K\u0131r\u0131lm\u0131\u015f bir kalbin kendini nas\u0131l onard\u0131\u011f\u0131n\u0131, umutla nas\u0131l iyile\u015fti\u011fini ve en \u00f6nemlisi, insan\u0131n kendi g\u00fcc\u00fcn\u00fc nas\u0131l yeniden ke\u015ffetti\u011fini g\u00f6steriyor. Yazar, kendi sesiyle; a\u015fk\u0131n yaralar\u0131n\u0131, dostlu\u011fun \u015fifas\u0131n\u0131, kaybetmenin \u00f6\u011fretisini ve hayatta kalman\u0131n cesaretini anlat\u0131rken her sat\u0131rda okura \u015fu c\u00fcmleyi f\u0131s\u0131ld\u0131yor: \u201cBa\u015frol sensin. Kendini se\u00e7ti\u011fin g\u00fcn d\u00fcnya da seni se\u00e7er.\u201d Bu sadece bir iyile\u015fme hik\u00e2yesi de\u011fil. Bu, kendi k\u00fcllerinden yeniden do\u011fan bir kalbin yeminidir. Her g\u00f6zya\u015f\u0131n\u0131n arkas\u0131nda sakl\u0131 bir g\u00fc\u00e7, her ac\u0131n\u0131n sonunda sakl\u0131 bir umut oldu\u011funun kan\u0131t\u0131d\u0131r. E\u011fer kalbin yorulduysa, e\u011fer k\u0131r\u0131klar\u0131n\u0131n aras\u0131nda kayboldu\u011funu hissediyorsan, e\u011fer yeniden ba\u015flamay\u0131 unuttuysan bu kitap sana \u015f\u00f6yle diyecek: \u201cY\u0131k\u0131ld\u0131\u011f\u0131n yer, yeniden aya\u011fa kalkaca\u011f\u0131n yerdir. Ve sen sand\u0131\u011f\u0131ndan \u00e7ok daha g\u00fc\u00e7l\u00fcs\u00fcn.\u201d<\/p>\n","protected":false},"excerpt":{"rendered":"<p>Bazen insan\u0131n kalbi, en g\u00fcvendi\u011fi yerden k\u0131r\u0131l\u0131r. Karanl\u0131k, nefesini keser. Sessizlik a\u011f\u0131r gelir. Ve insan, bir g\u00fcn hi\u00e7 beklemedi\u011fi anda anlar ki en b\u00fcy\u00fck sava\u015f, insan\u0131n<span class=\"excerpt-hellip\"> [\u2026]<\/span><\/p>\n","protected":false},"featured_media":0,"template":"","meta":{"_monsterinsights_skip_tracking":false,"_monsterinsights_sitenote_active":false,"_monsterinsights_sitenote_note":"","_monsterinsights_sitenote_category":0},"product_brand":[],"product_cat":[12777,12291],"product_tag":[],"class_list":{"0":"post-780793","1":"product","2":"type-product","3":"status-publish","5":"product_cat-deneme","6":"product_cat-edebiyat","7":"pa_cilt-ciltsiz","8":"pa_tur-kitap","9":"pa_yayinevi-karina-yayinevi","10":"pa_yazar-rajaa-faris","12":"first","13":"instock","14":"sale","15":"shipping-taxable","16":"purchasable","17":"product-type-simple"},"_links":{"self":[{"href":"https:\/\/roveyayinevi.com.tr\/index.php\/wp-json\/wp\/v2\/product\/780793","targetHints":{"allow":["GET"]}}],"collection":[{"href":"https:\/\/roveyayinevi.com.tr\/index.php\/wp-json\/wp\/v2\/product"}],"about":[{"href":"https:\/\/roveyayinevi.com.tr\/index.php\/wp-json\/wp\/v2\/types\/product"}],"wp:attachment":[{"href":"https:\/\/roveyayinevi.com.tr\/index.php\/wp-json\/wp\/v2\/media?parent=780793"}],"wp:term":[{"taxonomy":"product_brand","embeddable":true,"href":"https:\/\/roveyayinevi.com.tr\/index.php\/wp-json\/wp\/v2\/product_brand?post=780793"},{"taxonomy":"product_cat","embeddable":true,"href":"https:\/\/roveyayinevi.com.tr\/index.php\/wp-json\/wp\/v2\/product_cat?post=780793"},{"taxonomy":"product_tag","embeddable":true,"href":"https:\/\/roveyayinevi.com.tr\/index.php\/wp-json\/wp\/v2\/product_tag?post=780793"}],"curies":[{"name":"wp","href":"https:\/\/api.w.org\/{rel}","templated":true}]}}