{"id":780789,"date":"2026-01-20T04:20:50","date_gmt":"2026-01-20T01:20:50","guid":{"rendered":"https:\/\/roveyayinevi.com.tr\/index.php\/urun\/kitapci-kadin\/"},"modified":"2026-04-15T03:44:55","modified_gmt":"2026-04-15T00:44:55","slug":"kitapci-kadin","status":"publish","type":"product","link":"https:\/\/roveyayinevi.com.tr\/index.php\/urun\/kitapci-kadin\/","title":{"rendered":"Kitap\u00e7\u0131 Kad\u0131n"},"content":{"rendered":"<p>\u201cHer kar\u015f\u0131la\u015fma, kendi yaln\u0131zl\u0131\u011f\u0131n\u0131 ve umutlar\u0131n\u0131 ba\u015fka bir aynada g\u00f6rmene vesile olur.\u201d Bo\u015fanman\u0131n ard\u0131ndan y\u00f6n\u00fcn\u00fc kaybetmi\u015f bir kad\u0131n&#8230; Bir kitap\u00e7\u0131n\u0131n raflar\u0131n\u0131n aras\u0131nda ba\u015flayan ama \u00e7ok daha derinlere uzanan bir aray\u0131\u015f&#8230;   Nanako Hanada, tan\u0131\u015fma sitesi \u00fczerinden rasgele g\u00f6r\u00fc\u015ft\u00fc\u011f\u00fc yetmi\u015f ki\u015fiyle yapt\u0131\u011f\u0131 sohbetlerde onlara ruhlar\u0131na dokunacak kitaplar \u00f6nerirken, fark\u0131nda olmadan kendi hik\u00e2yesini de yeniden yazmaya ba\u015flar.   Ba\u015fkalar\u0131n\u0131n hayat\u0131na a\u00e7\u0131lan k\u00fc\u00e7\u00fck pencereler, Nanako Hanada i\u00e7in birer i\u00e7sel yolculu\u011fa d\u00f6n\u00fc\u015f\u00fcr.   Kitap\u00e7\u0131 Kad\u0131n, edebiyat\u0131n insanlar\u0131 birbirine ba\u011flayan g\u00f6r\u00fcnmez k\u00f6pr\u00fcs\u00fcn\u00fc ve ki\u015fisel krizlerin i\u00e7inde filizlenen d\u00f6n\u00fc\u015f\u00fcm g\u00fcc\u00fcn\u00fc anlatan samimi bir hik\u00e2ye&#8230;<\/p>\n","protected":false},"excerpt":{"rendered":"<p>\u201cHer kar\u015f\u0131la\u015fma, kendi yaln\u0131zl\u0131\u011f\u0131n\u0131 ve umutlar\u0131n\u0131 ba\u015fka bir aynada g\u00f6rmene vesile olur.\u201d Bo\u015fanman\u0131n ard\u0131ndan y\u00f6n\u00fcn\u00fc kaybetmi\u015f bir kad\u0131n&#8230; Bir kitap\u00e7\u0131n\u0131n raflar\u0131n\u0131n aras\u0131nda ba\u015flayan ama \u00e7ok daha<span class=\"excerpt-hellip\"> [\u2026]<\/span><\/p>\n","protected":false},"featured_media":0,"template":"","meta":{"_monsterinsights_skip_tracking":false,"_monsterinsights_sitenote_active":false,"_monsterinsights_sitenote_note":"","_monsterinsights_sitenote_category":0},"product_brand":[],"product_cat":[12291,12711],"product_tag":[],"class_list":{"0":"post-780789","1":"product","2":"type-product","3":"status-publish","5":"product_cat-edebiyat","6":"product_cat-roman-oyku","7":"pa_cilt-ciltsiz","8":"pa_tur-kitap","9":"pa_yayinevi-beyaz-baykus-yayinlari","10":"pa_yazar-nanako-hanada","12":"first","13":"instock","14":"sale","15":"shipping-taxable","16":"purchasable","17":"product-type-simple"},"_links":{"self":[{"href":"https:\/\/roveyayinevi.com.tr\/index.php\/wp-json\/wp\/v2\/product\/780789","targetHints":{"allow":["GET"]}}],"collection":[{"href":"https:\/\/roveyayinevi.com.tr\/index.php\/wp-json\/wp\/v2\/product"}],"about":[{"href":"https:\/\/roveyayinevi.com.tr\/index.php\/wp-json\/wp\/v2\/types\/product"}],"wp:attachment":[{"href":"https:\/\/roveyayinevi.com.tr\/index.php\/wp-json\/wp\/v2\/media?parent=780789"}],"wp:term":[{"taxonomy":"product_brand","embeddable":true,"href":"https:\/\/roveyayinevi.com.tr\/index.php\/wp-json\/wp\/v2\/product_brand?post=780789"},{"taxonomy":"product_cat","embeddable":true,"href":"https:\/\/roveyayinevi.com.tr\/index.php\/wp-json\/wp\/v2\/product_cat?post=780789"},{"taxonomy":"product_tag","embeddable":true,"href":"https:\/\/roveyayinevi.com.tr\/index.php\/wp-json\/wp\/v2\/product_tag?post=780789"}],"curies":[{"name":"wp","href":"https:\/\/api.w.org\/{rel}","templated":true}]}}