{"id":780787,"date":"2026-01-20T04:20:45","date_gmt":"2026-01-20T01:20:45","guid":{"rendered":"https:\/\/roveyayinevi.com.tr\/index.php\/urun\/deneysel-arkeoloji\/"},"modified":"2026-04-15T03:44:55","modified_gmt":"2026-04-15T00:44:55","slug":"deneysel-arkeoloji","status":"publish","type":"product","link":"https:\/\/roveyayinevi.com.tr\/index.php\/urun\/deneysel-arkeoloji\/","title":{"rendered":"Deneysel Arkeoloji"},"content":{"rendered":"<p>Deneysel arkeoloji, ge\u00e7mi\u015fi yaln\u0131zca kaz\u0131lardan \u00e7\u0131kan nesnelerle de\u011fil, bu nesnelerin nas\u0131l \u00fcretildi\u011fini, nas\u0131l kullan\u0131ld\u0131\u011f\u0131n\u0131 ve hangi ko\u015fullar alt\u0131nda ortaya \u00e7\u0131kt\u0131\u011f\u0131n\u0131 yeniden deneyerek anlamaya \u00e7al\u0131\u015fan bir yakla\u015f\u0131md\u0131r. Deneysel Arkeoloji: Y\u00f6ntem, Kuram ve Uygulama, bu y\u00f6ntemi T\u00fcrkiye arkeolojisi ba\u011flam\u0131nda kapsaml\u0131 ve anla\u015f\u0131l\u0131r bir bi\u00e7imde ele alan \u00f6nemli bir \u00e7al\u0131\u015fmad\u0131r. Deneysel arkeoloji ile ilgili pek \u00e7ok uygulamay\u0131 somut \u00f6rneklerle aktaran kitap, bu disiplinin ge\u00e7mi\u015f toplumlar\u0131n teknik bilgisi, becerileri ve \u00e7evreyle ili\u015fkilerini anlamada neden vazge\u00e7ilmez oldu\u011funu g\u00f6sterir. Arkeolojiye ilgi duyan herkes i\u00e7in anla\u015f\u0131l\u0131r, yol a\u00e7\u0131c\u0131 ve ilham verici bir kaynak niteli\u011findedir.<\/p>\n","protected":false},"excerpt":{"rendered":"<p>Deneysel arkeoloji, ge\u00e7mi\u015fi yaln\u0131zca kaz\u0131lardan \u00e7\u0131kan nesnelerle de\u011fil, bu nesnelerin nas\u0131l \u00fcretildi\u011fini, nas\u0131l kullan\u0131ld\u0131\u011f\u0131n\u0131 ve hangi ko\u015fullar alt\u0131nda ortaya \u00e7\u0131kt\u0131\u011f\u0131n\u0131 yeniden deneyerek anlamaya \u00e7al\u0131\u015fan bir yakla\u015f\u0131md\u0131r.<span class=\"excerpt-hellip\"> [\u2026]<\/span><\/p>\n","protected":false},"featured_media":0,"template":"","meta":{"_monsterinsights_skip_tracking":false,"_monsterinsights_sitenote_active":false,"_monsterinsights_sitenote_note":"","_monsterinsights_sitenote_category":0},"product_brand":[],"product_cat":[52477,52478],"product_tag":[],"class_list":{"0":"post-780787","1":"product","2":"type-product","3":"status-publish","5":"product_cat-arastirma","6":"product_cat-arkeoloji","7":"pa_cilt-ciltsiz","8":"pa_tur-kitap","9":"pa_yayinevi-bilgin-kultur-sanat","10":"pa_yazar-gokhan-mustafaoglu","12":"first","13":"instock","14":"sale","15":"shipping-taxable","16":"purchasable","17":"product-type-simple"},"_links":{"self":[{"href":"https:\/\/roveyayinevi.com.tr\/index.php\/wp-json\/wp\/v2\/product\/780787","targetHints":{"allow":["GET"]}}],"collection":[{"href":"https:\/\/roveyayinevi.com.tr\/index.php\/wp-json\/wp\/v2\/product"}],"about":[{"href":"https:\/\/roveyayinevi.com.tr\/index.php\/wp-json\/wp\/v2\/types\/product"}],"wp:attachment":[{"href":"https:\/\/roveyayinevi.com.tr\/index.php\/wp-json\/wp\/v2\/media?parent=780787"}],"wp:term":[{"taxonomy":"product_brand","embeddable":true,"href":"https:\/\/roveyayinevi.com.tr\/index.php\/wp-json\/wp\/v2\/product_brand?post=780787"},{"taxonomy":"product_cat","embeddable":true,"href":"https:\/\/roveyayinevi.com.tr\/index.php\/wp-json\/wp\/v2\/product_cat?post=780787"},{"taxonomy":"product_tag","embeddable":true,"href":"https:\/\/roveyayinevi.com.tr\/index.php\/wp-json\/wp\/v2\/product_tag?post=780787"}],"curies":[{"name":"wp","href":"https:\/\/api.w.org\/{rel}","templated":true}]}}