{"id":780785,"date":"2026-01-20T04:20:40","date_gmt":"2026-01-20T01:20:40","guid":{"rendered":"https:\/\/roveyayinevi.com.tr\/index.php\/urun\/koruyucu-psikoloji-2\/"},"modified":"2026-04-15T03:44:54","modified_gmt":"2026-04-15T00:44:54","slug":"koruyucu-psikoloji-2","status":"publish","type":"product","link":"https:\/\/roveyayinevi.com.tr\/index.php\/urun\/koruyucu-psikoloji-2\/","title":{"rendered":"Koruyucu Psikoloji"},"content":{"rendered":"<p>\u201cElinizde tuttu\u011funuz kitap, ebeveynli\u011fin en temel meselesinin \u00e7ocuklar\u0131m\u0131za sa\u011flam bir seciye ve ahlak kazand\u0131rmak oldu\u011funu dile getiriyor. Bunun i\u00e7in empati, duygusal zek\u00e2, ahlaki zek\u00e2, vicdan ve merhamet gibi kavram ve kelimeleri s\u0131k\u00e7a telaffuz ediyor. B\u00fct\u00fcn meselemiz, \u00f6nce, iyi insan yeti\u015ftirmek. Bir yanda \u2018Sald\u0131m \u00e7ay\u0131ra, Mevlam kay\u0131ra!\u2019 d\u00fc\u015f\u00fcncesiyle \u00e7ocuklar\u0131n\u0131 modern d\u00fcnyan\u0131n cang\u0131l\u0131nda yaln\u0131z b\u0131rakan anne babalar, \u00f6te yanda onlar\u0131 s\u0131kbo\u011faz ederek proje \u00e7ocuklara d\u00f6n\u00fc\u015ft\u00fcren ve \u00e7ocukluklar\u0131n\u0131 ya\u015famalar\u0131na izin vermeyen anne babalar. Bu kitapta \u00fc\u00e7\u00fcnc\u00fc bir yol \u00f6neriyoruz. \u00d6nerdi\u011fimiz se\u00e7enek, yeteri kadar m\u00fcsamahak\u00e2r ve yeteri kadar otoriter; \u00e7ocuklar\u0131na hareket serbestiyeti tan\u0131man\u0131n yan\u0131nda evlatlar\u0131n\u0131n yapabilecekleri b\u00fcy\u00fck yanl\u0131\u015flar\u0131 da \u00f6nleyebilen dikkatli ve ilgili bir anne babal\u0131kt\u0131r. Bu kitap, mesleki ilgileri gere\u011fi \u00e7ok say\u0131da \u00e7ocuk, gen\u00e7 ve onlar\u0131n ailelerini dinlemi\u015f iki uzman\u0131n ortak \u00e7abas\u0131n\u0131n \u00fcr\u00fcn\u00fcd\u00fcr.\u201d   G\u00fcn\u00fcm\u00fczde \u00e7ocuk yeti\u015ftirmek her zamankinden zor ve b\u00fcy\u00fck sorumluluk gerektiriyor. Bunun hakk\u0131n\u0131 her anne baba teslim eder. Profes\u00f6r Doktor Kemal Sayar ve Uzman Psikolog Feyza Ba\u011flan\u2019\u0131n kaleme ald\u0131\u011f\u0131 bu zihin a\u00e7\u0131c\u0131 eser g\u00fcncellenerek yeniden bas\u0131ma haz\u0131rland\u0131. Koruyucu Psikoloji ebeveynlerin \u00f6n\u00fcn\u00fc ayd\u0131nlatacak k\u0131ymetli bir k\u0131lavuz.<\/p>\n","protected":false},"excerpt":{"rendered":"<p>\u201cElinizde tuttu\u011funuz kitap, ebeveynli\u011fin en temel meselesinin \u00e7ocuklar\u0131m\u0131za sa\u011flam bir seciye ve ahlak kazand\u0131rmak oldu\u011funu dile getiriyor. Bunun i\u00e7in empati, duygusal zek\u00e2, ahlaki zek\u00e2, vicdan ve<span class=\"excerpt-hellip\"> [\u2026]<\/span><\/p>\n","protected":false},"featured_media":0,"template":"","meta":{"_monsterinsights_skip_tracking":false,"_monsterinsights_sitenote_active":false,"_monsterinsights_sitenote_note":"","_monsterinsights_sitenote_category":0},"product_brand":[],"product_cat":[12357],"product_tag":[],"class_list":{"0":"post-780785","1":"product","2":"type-product","3":"status-publish","5":"product_cat-psikoloji","6":"pa_cilt-ciltsiz","7":"pa_tur-kitap","8":"pa_yayinevi-kapi-yayinlari","9":"pa_yazar-kemal-sayar-feyza-baglan","11":"first","12":"instock","13":"sale","14":"shipping-taxable","15":"purchasable","16":"product-type-simple"},"_links":{"self":[{"href":"https:\/\/roveyayinevi.com.tr\/index.php\/wp-json\/wp\/v2\/product\/780785","targetHints":{"allow":["GET"]}}],"collection":[{"href":"https:\/\/roveyayinevi.com.tr\/index.php\/wp-json\/wp\/v2\/product"}],"about":[{"href":"https:\/\/roveyayinevi.com.tr\/index.php\/wp-json\/wp\/v2\/types\/product"}],"wp:attachment":[{"href":"https:\/\/roveyayinevi.com.tr\/index.php\/wp-json\/wp\/v2\/media?parent=780785"}],"wp:term":[{"taxonomy":"product_brand","embeddable":true,"href":"https:\/\/roveyayinevi.com.tr\/index.php\/wp-json\/wp\/v2\/product_brand?post=780785"},{"taxonomy":"product_cat","embeddable":true,"href":"https:\/\/roveyayinevi.com.tr\/index.php\/wp-json\/wp\/v2\/product_cat?post=780785"},{"taxonomy":"product_tag","embeddable":true,"href":"https:\/\/roveyayinevi.com.tr\/index.php\/wp-json\/wp\/v2\/product_tag?post=780785"}],"curies":[{"name":"wp","href":"https:\/\/api.w.org\/{rel}","templated":true}]}}