{"id":780784,"date":"2026-01-20T04:20:38","date_gmt":"2026-01-20T01:20:38","guid":{"rendered":"https:\/\/roveyayinevi.com.tr\/index.php\/urun\/testosteron\/"},"modified":"2026-04-15T03:44:54","modified_gmt":"2026-04-15T00:44:54","slug":"testosteron","status":"publish","type":"product","link":"https:\/\/roveyayinevi.com.tr\/index.php\/urun\/testosteron\/","title":{"rendered":"Testosteron"},"content":{"rendered":"<p>Testosteron Bir Hormonun AnatomisiCarole HoovenTestosteron Yaln\u0131zca Hormon De\u011fil; \u0130nsan Ve Hayvan Davran\u0131\u015f\u0131n\u0131 \u015eekillendiren G\u00f6r\u00fcnmez Bir G\u00fc\u00e7.Harvard evrimsel biyolo\u011fu Carole Hooven, bu hormonu ke\u015ffederek hem kendimizi hem de \u00e7evremizi daha iyi tan\u0131yaca\u011f\u0131m\u0131z\u0131, ki\u015fisel hik\u00e2yeler ve g\u00fcncel ara\u015ft\u0131rmalar \u0131\u015f\u0131\u011f\u0131nda \u00e7arp\u0131c\u0131 bir dille ortaya koyuyor.Tarih boyunca insanlar; \u00c7in\u2019in eski kraliyet saraylar\u0131ndan, 19. y\u00fczy\u0131l Avrupa\u2019s\u0131ndaki \u201cgen\u00e7lik iksirleri\u201d pazar\u0131na kadar erkek davran\u0131\u015f\u0131n\u0131n testislerden kaynaklanan testosterona ba\u011fl\u0131 oldu\u011funu g\u00f6zlemlediler. Fiziksel \u015fiddet, stat\u00fc h\u0131rs\u0131, \u00e7ok say\u0131da cinsel partner arzusu\u2026Asl\u0131nda soru basitti: Testosteron, kimin oyun alan\u0131n\u0131 belirliyor?\u0130nsanlar, milyonlarca y\u0131ll\u0131k evrimsel ge\u00e7mi\u015flerinin \u00fcr\u00fcnleri olarak h\u00e2l\u00e2 hayvanlarla benzer \u00f6zelliklere sahip. \u015eempanzelerden da\u011f dikenli kertenkelelere kadar yap\u0131lan ara\u015ft\u0131rmalar, y\u00fcksek testosteronun erkekleri rakiplerinden \u00f6ne ge\u00e7irdi\u011fini ortaya koyuyor. Ve insanlar bu kural\u0131n istisnas\u0131 de\u011fil. Ancak yazar, bu durumun tam da b\u00f6yle olmad\u0131\u011f\u0131n\u0131, e\u015fitli\u011fin ke\u015fifle ba\u015flad\u0131\u011f\u0131n\u0131 anlat\u0131yor. Hooven\u2019in Testosteron: Bir Hormonun Anatomisi\u2019nde g\u00f6sterdi\u011fi gibi, hormon tek ba\u015f\u0131na de\u011fil genler ve k\u00fclt\u00fcrle etkile\u015ferek erkek ve kad\u0131n davran\u0131\u015flar\u0131nda devasa \u00e7e\u015fitlili\u011fe yol a\u00e7\u0131yor. \u00dcstelik biyolojik farkl\u0131l\u0131klar, k\u0131s\u0131tlay\u0131c\u0131 cinsiyet normlar\u0131n\u0131 ya da ataerkil de\u011ferleri hakl\u0131 \u00e7\u0131karmaya yetmiyor.Testosteronu ke\u015ffedip tan\u0131mak, daha e\u015fit, daha g\u00fcvenli bir toplum kurman\u0131n ilk ad\u0131m\u0131 olarak bu \u00e7e\u015fitlili\u011fin gizemini \u00e7\u00f6zmede yol g\u00f6sterici olmaya devam ediyor.<\/p>\n","protected":false},"excerpt":{"rendered":"<p>Testosteron Bir Hormonun AnatomisiCarole HoovenTestosteron Yaln\u0131zca Hormon De\u011fil; \u0130nsan Ve Hayvan Davran\u0131\u015f\u0131n\u0131 \u015eekillendiren G\u00f6r\u00fcnmez Bir G\u00fc\u00e7.Harvard evrimsel biyolo\u011fu Carole Hooven, bu hormonu ke\u015ffederek hem kendimizi hem<span class=\"excerpt-hellip\"> [\u2026]<\/span><\/p>\n","protected":false},"featured_media":0,"template":"","meta":{"_monsterinsights_skip_tracking":false,"_monsterinsights_sitenote_active":false,"_monsterinsights_sitenote_note":"","_monsterinsights_sitenote_category":0},"product_brand":[],"product_cat":[13005,13006],"product_tag":[],"class_list":{"0":"post-780784","1":"product","2":"type-product","3":"status-publish","5":"product_cat-bilim-muhendislik","6":"product_cat-populer-bilim","7":"pa_cilt-ciltsiz","8":"pa_tur-kitap","9":"pa_yayinevi-diplomat","10":"pa_yazar-carole-hooven","12":"first","13":"instock","14":"sale","15":"shipping-taxable","16":"purchasable","17":"product-type-simple"},"_links":{"self":[{"href":"https:\/\/roveyayinevi.com.tr\/index.php\/wp-json\/wp\/v2\/product\/780784","targetHints":{"allow":["GET"]}}],"collection":[{"href":"https:\/\/roveyayinevi.com.tr\/index.php\/wp-json\/wp\/v2\/product"}],"about":[{"href":"https:\/\/roveyayinevi.com.tr\/index.php\/wp-json\/wp\/v2\/types\/product"}],"wp:attachment":[{"href":"https:\/\/roveyayinevi.com.tr\/index.php\/wp-json\/wp\/v2\/media?parent=780784"}],"wp:term":[{"taxonomy":"product_brand","embeddable":true,"href":"https:\/\/roveyayinevi.com.tr\/index.php\/wp-json\/wp\/v2\/product_brand?post=780784"},{"taxonomy":"product_cat","embeddable":true,"href":"https:\/\/roveyayinevi.com.tr\/index.php\/wp-json\/wp\/v2\/product_cat?post=780784"},{"taxonomy":"product_tag","embeddable":true,"href":"https:\/\/roveyayinevi.com.tr\/index.php\/wp-json\/wp\/v2\/product_tag?post=780784"}],"curies":[{"name":"wp","href":"https:\/\/api.w.org\/{rel}","templated":true}]}}