{"id":780781,"date":"2026-01-20T04:20:29","date_gmt":"2026-01-20T01:20:29","guid":{"rendered":"https:\/\/roveyayinevi.com.tr\/index.php\/urun\/kotu-kiz-sohreti\/"},"modified":"2026-04-15T03:44:54","modified_gmt":"2026-04-15T00:44:54","slug":"kotu-kiz-sohreti","status":"publish","type":"product","link":"https:\/\/roveyayinevi.com.tr\/index.php\/urun\/kotu-kiz-sohreti\/","title":{"rendered":"K\u00f6t\u00fc K\u0131z \u015e\u00f6hreti"},"content":{"rendered":"<p>Baz\u0131 kalpler, AYRI D\u00dc\u015eSELER DE BIRLE\u015eMEYE MAHK\u00dbMDUR&#8230; Gen, cesur ve i\u00e7g\u00fcd\u00fclerine g\u00fcvenerek ya\u015fayan, delidolu bir kad\u0131nd\u0131r. Ergenlik y\u0131llar\u0131ndan bu yana Evan\u2019la ya\u015fad\u0131\u011f\u0131 tutkulu ama ini\u015fli \u00e7\u0131k\u0131\u015fl\u0131 ili\u015fki onlar\u0131 defalarca bir araya getirse de nihayetinde ayr\u0131l\u0131klar\u0131 kal\u0131c\u0131 olur. Gen\u00e7 kad\u0131n, ya\u015fad\u0131\u011f\u0131 b\u00fcy\u00fck k\u0131r\u0131lman\u0131n ard\u0131ndan do\u011fup b\u00fcy\u00fcd\u00fc\u011f\u00fc Avalon K\u00f6rfezi\u2019ni terk etmeye karar verir. Fakat arkas\u0131nda b\u0131rakt\u0131\u011f\u0131 sadece kasaba de\u011fil, eski sevgilisi ve en yak\u0131n dostu Evan\u2019d\u0131r. Gen\u2019in veda bile etmeden gidi\u015fi Evan\u2019\u0131 umutsuzluk ve \u00f6fkenin girdab\u0131na s\u00fcr\u00fckler. Oysa hayat her zaman planland\u0131\u011f\u0131 gibi gitmez. Bir y\u0131l sonra, beklenmedik bir kay\u0131p, Gen\u2019i kasabaya geri d\u00f6nmeye zorlad\u0131\u011f\u0131nda yeniden bir araya gelseler de zaman, bir kez daha onlar\u0131 duygular\u0131n\u0131 ve tutkular\u0131n\u0131 sorgulamaya iter. Ancak bu sefer yak\u0131nla\u015fmak, gen\u00e7lik y\u0131llar\u0131ndaki kadar kolay olmayacakt\u0131r. Art\u0131k Gen ve Evan i\u00e7in sorumluluk alma zaman\u0131 gelmi\u015ftir. Yeni bir hayat\u0131 birlikte kucaklayabilmek ve birbirlerine g\u00fcvenebilmek i\u00e7in her ikisi de b\u00fcy\u00fck bir d\u00f6n\u00fc\u015f\u00fcmden ge\u00e7mek zorundad\u0131r. \u00c7\u00fcnk\u00fc kader, onlara art\u0131k b\u00fcy\u00fcme zaman\u0131n\u0131n geldi\u011fini f\u0131s\u0131ldamaktad\u0131r\u2026<\/p>\n","protected":false},"excerpt":{"rendered":"<p>Baz\u0131 kalpler, AYRI D\u00dc\u015eSELER DE BIRLE\u015eMEYE MAHK\u00dbMDUR&#8230; Gen, cesur ve i\u00e7g\u00fcd\u00fclerine g\u00fcvenerek ya\u015fayan, delidolu bir kad\u0131nd\u0131r. Ergenlik y\u0131llar\u0131ndan bu yana Evan\u2019la ya\u015fad\u0131\u011f\u0131 tutkulu ama ini\u015fli \u00e7\u0131k\u0131\u015fl\u0131<span class=\"excerpt-hellip\"> [\u2026]<\/span><\/p>\n","protected":false},"featured_media":0,"template":"","meta":{"_monsterinsights_skip_tracking":false,"_monsterinsights_sitenote_active":false,"_monsterinsights_sitenote_note":"","_monsterinsights_sitenote_category":0},"product_brand":[],"product_cat":[12291,12711],"product_tag":[],"class_list":{"0":"post-780781","1":"product","2":"type-product","3":"status-publish","5":"product_cat-edebiyat","6":"product_cat-roman-oyku","7":"pa_cilt-ciltsiz","8":"pa_tur-kitap","9":"pa_yayinevi-nemesis-kitap","10":"pa_yazar-elle-kennedy","12":"first","13":"instock","14":"sale","15":"shipping-taxable","16":"purchasable","17":"product-type-simple"},"_links":{"self":[{"href":"https:\/\/roveyayinevi.com.tr\/index.php\/wp-json\/wp\/v2\/product\/780781","targetHints":{"allow":["GET"]}}],"collection":[{"href":"https:\/\/roveyayinevi.com.tr\/index.php\/wp-json\/wp\/v2\/product"}],"about":[{"href":"https:\/\/roveyayinevi.com.tr\/index.php\/wp-json\/wp\/v2\/types\/product"}],"wp:attachment":[{"href":"https:\/\/roveyayinevi.com.tr\/index.php\/wp-json\/wp\/v2\/media?parent=780781"}],"wp:term":[{"taxonomy":"product_brand","embeddable":true,"href":"https:\/\/roveyayinevi.com.tr\/index.php\/wp-json\/wp\/v2\/product_brand?post=780781"},{"taxonomy":"product_cat","embeddable":true,"href":"https:\/\/roveyayinevi.com.tr\/index.php\/wp-json\/wp\/v2\/product_cat?post=780781"},{"taxonomy":"product_tag","embeddable":true,"href":"https:\/\/roveyayinevi.com.tr\/index.php\/wp-json\/wp\/v2\/product_tag?post=780781"}],"curies":[{"name":"wp","href":"https:\/\/api.w.org\/{rel}","templated":true}]}}