{"id":780780,"date":"2026-01-20T04:20:27","date_gmt":"2026-01-20T01:20:27","guid":{"rendered":"https:\/\/roveyayinevi.com.tr\/index.php\/urun\/dogadaki-saglik\/"},"modified":"2026-04-15T03:44:54","modified_gmt":"2026-04-15T00:44:54","slug":"dogadaki-saglik","status":"publish","type":"product","link":"https:\/\/roveyayinevi.com.tr\/index.php\/urun\/dogadaki-saglik\/","title":{"rendered":"Do\u011fadaki Sa\u011fl\u0131k"},"content":{"rendered":"<p>Do\u011fru Bitkiyi Tan\u0131y\u0131n, \u015eifayi Evinizde BulunSa\u011fl\u0131\u011f\u0131n\u0131z hakk\u0131nda etrafta dola\u015fan bilgi kirlili\u011finden yoruldunuz mu? Kime ve neye gu\u0308venece\u011finizi bilmekte zorlan\u0131yor, \u015fifay\u0131 karma\u015f\u0131k ve pahal\u0131 u\u0308ru\u0308nlerde mi ar\u0131yorsunuz?T\u0131bbi-Aromatik Bitki Uzman\u0131 Ayhan Ercan, 40 y\u0131ll\u0131k mesleki birikimini Do\u011fadaki Sa\u011fl\u0131k ile sizlere sunuyor. Bu kitap,sizi para kazanma h\u0131rs\u0131yla gereksiz u\u0308ru\u0308nlere y\u00f6nlendirmek yerine, \u015fifay\u0131 kendi mutfa\u011f\u0131n\u0131zda bulman\u0131z i\u00e7in haz\u0131rland\u0131.Sayfalar\u0131 \u00e7evirmeye ba\u015flad\u0131\u011f\u0131n\u0131zda, \u015fifal\u0131 bitkilerin detayl\u0131 anlat\u0131mlar\u0131ndan farkl\u0131 rahats\u0131zl\u0131klar i\u00e7in haz\u0131rlanm\u0131\u015f \u00f6zel ku\u0308rlere, evde haz\u0131rlayabilece\u011finiz do\u011fal kozmetiklerden geleneksel sirke tariflerine kadar geni\u015f bir hazineyle kar\u015f\u0131la\u015facaks\u0131n\u0131z. Do\u011fru bitkiyi tan\u0131mak, onu do\u011fru y\u00f6ntemle kullanmak ve sa\u011fl\u0131\u011f\u0131n\u0131z\u0131 do\u011fal yollarla korumak i\u00e7in Do\u011fadaki Sa\u011fl\u0131k, vazge\u00e7ilmez ba\u015fucu rehberiniz olmay\u0131 hedefliyor.<\/p>\n","protected":false},"excerpt":{"rendered":"<p>Do\u011fru Bitkiyi Tan\u0131y\u0131n, \u015eifayi Evinizde BulunSa\u011fl\u0131\u011f\u0131n\u0131z hakk\u0131nda etrafta dola\u015fan bilgi kirlili\u011finden yoruldunuz mu? Kime ve neye gu\u0308venece\u011finizi bilmekte zorlan\u0131yor, \u015fifay\u0131 karma\u015f\u0131k ve pahal\u0131 u\u0308ru\u0308nlerde mi ar\u0131yorsunuz?T\u0131bbi-Aromatik<span class=\"excerpt-hellip\"> [\u2026]<\/span><\/p>\n","protected":false},"featured_media":0,"template":"","meta":{"_monsterinsights_skip_tracking":false,"_monsterinsights_sitenote_active":false,"_monsterinsights_sitenote_note":"","_monsterinsights_sitenote_category":0},"product_brand":[],"product_cat":[13397,13365],"product_tag":[],"class_list":{"0":"post-780780","1":"product","2":"type-product","3":"status-publish","5":"product_cat-alternatif-tip-sifali-bitkiler","6":"product_cat-saglik","7":"pa_cilt-ciltsiz","8":"pa_tur-kitap","9":"pa_yayinevi-nemesis-kitap","10":"pa_yazar-ayhan-ercan","12":"first","13":"instock","14":"sale","15":"shipping-taxable","16":"purchasable","17":"product-type-simple"},"_links":{"self":[{"href":"https:\/\/roveyayinevi.com.tr\/index.php\/wp-json\/wp\/v2\/product\/780780","targetHints":{"allow":["GET"]}}],"collection":[{"href":"https:\/\/roveyayinevi.com.tr\/index.php\/wp-json\/wp\/v2\/product"}],"about":[{"href":"https:\/\/roveyayinevi.com.tr\/index.php\/wp-json\/wp\/v2\/types\/product"}],"wp:attachment":[{"href":"https:\/\/roveyayinevi.com.tr\/index.php\/wp-json\/wp\/v2\/media?parent=780780"}],"wp:term":[{"taxonomy":"product_brand","embeddable":true,"href":"https:\/\/roveyayinevi.com.tr\/index.php\/wp-json\/wp\/v2\/product_brand?post=780780"},{"taxonomy":"product_cat","embeddable":true,"href":"https:\/\/roveyayinevi.com.tr\/index.php\/wp-json\/wp\/v2\/product_cat?post=780780"},{"taxonomy":"product_tag","embeddable":true,"href":"https:\/\/roveyayinevi.com.tr\/index.php\/wp-json\/wp\/v2\/product_tag?post=780780"}],"curies":[{"name":"wp","href":"https:\/\/api.w.org\/{rel}","templated":true}]}}