{"id":780779,"date":"2026-01-20T04:20:24","date_gmt":"2026-01-20T01:20:24","guid":{"rendered":"https:\/\/roveyayinevi.com.tr\/index.php\/urun\/ilk-kutuphanem-my-first-library\/"},"modified":"2026-04-15T03:44:54","modified_gmt":"2026-04-15T00:44:54","slug":"ilk-kutuphanem-my-first-library","status":"publish","type":"product","link":"https:\/\/roveyayinevi.com.tr\/index.php\/urun\/ilk-kutuphanem-my-first-library\/","title":{"rendered":"\u0130lk K\u00fct\u00fcphanem (My First Library)"},"content":{"rendered":"<p>Minik okurlar i\u00e7in \u00f6zel olarak haz\u0131rlanan \u0130lk K\u00fct\u00fcphanem, \u00e7ocuklar\u0131n g\u00fcnl\u00fck hayatta kar\u015f\u0131la\u015ft\u0131klar\u0131 kelimeleri e\u011flenceli ve renkli bir d\u00fcnyada ke\u015ffetmelerine yard\u0131mc\u0131 oluyor. Setin i\u00e7indeki 9 farkl\u0131 kitap; g\u00f6rsel haf\u0131zay\u0131 geli\u015ftiren \u00e7izimleri, sade anlat\u0131m\u0131 ve temel kavramlar\u0131 \u00f6\u011fretmeye y\u00f6nelik i\u00e7erikleriyle erken dil geli\u015fimini destekliyor.Her sayfada \u00e7ocu\u011funuzu yeni bir kelime, yeni bir renk ve yeni bir ke\u015fif bekliyor. T\u00fcrk\u00e7e ve \u0130ngilizce kelimelerin birlikte yer ald\u0131\u011f\u0131 bu kitapl\u0131k, iki dilli \u00f6\u011frenim i\u00e7in m\u00fckemmel bir ba\u015flang\u0131\u00e7 sunarken \u00e7ocu\u011funuzun kelime da\u011farc\u0131\u011f\u0131n\u0131 da zenginle\u015ftiriyor. E\u011fitici, g\u00fcvenli ve keyifli vakit ge\u00e7irmenin en renkli yolu miniklerin kendi ilk k\u00fct\u00fcphanesi olacak!<\/p>\n","protected":false},"excerpt":{"rendered":"<p>Minik okurlar i\u00e7in \u00f6zel olarak haz\u0131rlanan \u0130lk K\u00fct\u00fcphanem, \u00e7ocuklar\u0131n g\u00fcnl\u00fck hayatta kar\u015f\u0131la\u015ft\u0131klar\u0131 kelimeleri e\u011flenceli ve renkli bir d\u00fcnyada ke\u015ffetmelerine yard\u0131mc\u0131 oluyor. Setin i\u00e7indeki 9 farkl\u0131 kitap;<span class=\"excerpt-hellip\"> [\u2026]<\/span><\/p>\n","protected":false},"featured_media":0,"template":"","meta":{"_monsterinsights_skip_tracking":false,"_monsterinsights_sitenote_active":false,"_monsterinsights_sitenote_note":"","_monsterinsights_sitenote_category":0},"product_brand":[],"product_cat":[12274,15842],"product_tag":[],"class_list":{"0":"post-780779","1":"product","2":"type-product","3":"status-publish","5":"product_cat-cocuk-ve-genclik-kitaplari","6":"product_cat-egitici-kitaplar","7":"pa_cilt-ciltli","8":"pa_tur-kitap","9":"pa_yayinevi-ucan-fil-yayinlari","10":"pa_yazar-kolektif","12":"first","13":"instock","14":"sale","15":"shipping-taxable","16":"purchasable","17":"product-type-simple"},"_links":{"self":[{"href":"https:\/\/roveyayinevi.com.tr\/index.php\/wp-json\/wp\/v2\/product\/780779","targetHints":{"allow":["GET"]}}],"collection":[{"href":"https:\/\/roveyayinevi.com.tr\/index.php\/wp-json\/wp\/v2\/product"}],"about":[{"href":"https:\/\/roveyayinevi.com.tr\/index.php\/wp-json\/wp\/v2\/types\/product"}],"wp:attachment":[{"href":"https:\/\/roveyayinevi.com.tr\/index.php\/wp-json\/wp\/v2\/media?parent=780779"}],"wp:term":[{"taxonomy":"product_brand","embeddable":true,"href":"https:\/\/roveyayinevi.com.tr\/index.php\/wp-json\/wp\/v2\/product_brand?post=780779"},{"taxonomy":"product_cat","embeddable":true,"href":"https:\/\/roveyayinevi.com.tr\/index.php\/wp-json\/wp\/v2\/product_cat?post=780779"},{"taxonomy":"product_tag","embeddable":true,"href":"https:\/\/roveyayinevi.com.tr\/index.php\/wp-json\/wp\/v2\/product_tag?post=780779"}],"curies":[{"name":"wp","href":"https:\/\/api.w.org\/{rel}","templated":true}]}}