{"id":780778,"date":"2026-01-20T04:20:22","date_gmt":"2026-01-20T01:20:22","guid":{"rendered":"https:\/\/roveyayinevi.com.tr\/index.php\/urun\/samanlar-tanrilar-ateistler\/"},"modified":"2026-04-15T03:44:54","modified_gmt":"2026-04-15T00:44:54","slug":"samanlar-tanrilar-ateistler","status":"publish","type":"product","link":"https:\/\/roveyayinevi.com.tr\/index.php\/urun\/samanlar-tanrilar-ateistler\/","title":{"rendered":"\u015eamanlar Tanr\u0131lar Ateistler"},"content":{"rendered":"<p>\u0130nsanl\u0131k tarihi boyunca en karma\u015f\u0131k, en zorlu ve en irrasyonel alan hi\u00e7 ku\u015fkusuz inan\u00e7 alan\u0131d\u0131r. Peki insan neden inanmay\u0131 gerekli g\u00f6rd\u00fc? \u0130nan\u00e7s\u0131z yapamaz m\u0131yd\u0131?Sad\u0131k Usta, haz\u0131r ezberlerden ve ideolojik \u00f6nyarg\u0131lardan ar\u0131narak bizi 50.000 y\u0131l\u0131 a\u015fan bir k\u00fclt\u00fcrel ve d\u00fc\u015f\u00fcnsel yolculu\u011fa \u00e7\u0131kar\u0131yor; rota, insan\u0131n evrimsel s\u00fcrecinde \u00f6l\u00fcm bilincinin ortaya \u00e7\u0131k\u0131\u015f\u0131ndan zihinsel yarat\u0131c\u0131l\u0131\u011f\u0131n bir yanarda\u011f gibi patlad\u0131\u011f\u0131 ilk anlara kadar ilerliyor.Homo sapiens&#8217;in ilk yarat\u0131c\u0131 zihinsel patlamas\u0131n\u0131 ya\u015fad\u0131\u011f\u0131 \u015eamanist \u00e7a\u011fa, ma\u011fara resimlerine, \u00f6l\u00fc g\u00f6mme t\u00f6renlerine, G\u00f6beklitepe\u2019ye ve \u00e7oktanr\u0131l\u0131 dinlerin k\u00f6klerine inen yazar, inan\u00e7la inan\u00e7s\u0131zl\u0131\u011f\u0131n (teizm, deizm, ateizm ve agnostisizm) zihinsel, antropolojik, toplumsal ve felsefi k\u00f6kenlerinin izini s\u00fcr\u00fcyor.\u0130lk \u015eaman kahramanlardan, u\u011fruna milyonlarca insan\u0131n kan\u0131n\u0131n ak\u0131t\u0131ld\u0131\u011f\u0131 \u00f6fkeli tanr\u0131lara ve inan\u00e7lara meydan okuyarak \u015f\u00fcpheyi, sorgulamay\u0131, akl\u0131 \u00f6\u011freten korkusuz Ateistlere&#8230;\u015eamanlar, Tanr\u0131lar, Ateistler, hepimizi derinden etkileyen bu karma\u015f\u0131k alan\u0131n k\u00f6kenlerini yal\u0131n bir dille ve bilimsel ahlakla anlama davetidir.<\/p>\n","protected":false},"excerpt":{"rendered":"<p>\u0130nsanl\u0131k tarihi boyunca en karma\u015f\u0131k, en zorlu ve en irrasyonel alan hi\u00e7 ku\u015fkusuz inan\u00e7 alan\u0131d\u0131r. Peki insan neden inanmay\u0131 gerekli g\u00f6rd\u00fc? \u0130nan\u00e7s\u0131z yapamaz m\u0131yd\u0131?Sad\u0131k Usta, haz\u0131r<span class=\"excerpt-hellip\"> [\u2026]<\/span><\/p>\n","protected":false},"featured_media":0,"template":"","meta":{"_monsterinsights_skip_tracking":false,"_monsterinsights_sitenote_active":false,"_monsterinsights_sitenote_note":"","_monsterinsights_sitenote_category":0},"product_brand":[],"product_cat":[12718,12858],"product_tag":[],"class_list":{"0":"post-780778","1":"product","2":"type-product","3":"status-publish","5":"product_cat-din","6":"product_cat-mitolojiler","7":"pa_cilt-ciltsiz","8":"pa_tur-kitap","9":"pa_yayinevi-kafka-yayinevi","10":"pa_yazar-sadik-usta","12":"first","13":"instock","14":"sale","15":"shipping-taxable","16":"purchasable","17":"product-type-simple"},"_links":{"self":[{"href":"https:\/\/roveyayinevi.com.tr\/index.php\/wp-json\/wp\/v2\/product\/780778","targetHints":{"allow":["GET"]}}],"collection":[{"href":"https:\/\/roveyayinevi.com.tr\/index.php\/wp-json\/wp\/v2\/product"}],"about":[{"href":"https:\/\/roveyayinevi.com.tr\/index.php\/wp-json\/wp\/v2\/types\/product"}],"wp:attachment":[{"href":"https:\/\/roveyayinevi.com.tr\/index.php\/wp-json\/wp\/v2\/media?parent=780778"}],"wp:term":[{"taxonomy":"product_brand","embeddable":true,"href":"https:\/\/roveyayinevi.com.tr\/index.php\/wp-json\/wp\/v2\/product_brand?post=780778"},{"taxonomy":"product_cat","embeddable":true,"href":"https:\/\/roveyayinevi.com.tr\/index.php\/wp-json\/wp\/v2\/product_cat?post=780778"},{"taxonomy":"product_tag","embeddable":true,"href":"https:\/\/roveyayinevi.com.tr\/index.php\/wp-json\/wp\/v2\/product_tag?post=780778"}],"curies":[{"name":"wp","href":"https:\/\/api.w.org\/{rel}","templated":true}]}}