{"id":780777,"date":"2026-01-20T04:20:20","date_gmt":"2026-01-20T01:20:20","guid":{"rendered":"https:\/\/roveyayinevi.com.tr\/index.php\/urun\/hayat-zor-fleksi\/"},"modified":"2026-04-15T03:44:54","modified_gmt":"2026-04-15T00:44:54","slug":"hayat-zor-fleksi","status":"publish","type":"product","link":"https:\/\/roveyayinevi.com.tr\/index.php\/urun\/hayat-zor-fleksi\/","title":{"rendered":"Hayat Zor (Fleksi)"},"content":{"rendered":"<p>\u00c7a\u011f\u0131m\u0131zda mutluluk nihai bir hedef, ac\u0131 ise mutluluktan sapma olarak g\u00f6r\u00fcl\u00fcyor. Felsefeci Kieran Setiya Hayat Zor kitab\u0131nda bu yan\u0131lg\u0131y\u0131 sorguluyor; hayat\u0131n zorluklar\u0131n\u0131 yok saymak yerine, dertlerle y\u00fczle\u015fmenin ve hali p\u00fcrmelalimizi anlamland\u0131rman\u0131n yollar\u0131n\u0131 ar\u0131yor.  Hastal\u0131k, yaln\u0131zl\u0131k, kay\u0131p, yas, ba\u015far\u0131s\u0131zl\u0131k, abs\u00fcrtl\u00fck, adaletsizlik ve umutsuzluk&#8230; Setiya bu evrensel deneyimleri bir yandan felsefi bir perspektifle tahlil ediyor, di\u011fer yandan ki\u015fisel tecr\u00fcbe s\u00fczgecinden ge\u00e7iriyor. Antik ve modern filozoflarla beraber \u00e7a\u011fda\u015f d\u00fc\u015f\u00fcn\u00fcrlerle diyaloglar kurarak, edebiyat, sinema ve spordan siyaset ve g\u00fcndelik hayata uzanan\u00f6rneklerden hareketle bizi hem d\u00fc\u015f\u00fcnd\u00fcr\u00fcyor hem teselli ediyor.  Hayat Zor pozitif d\u00fc\u015f\u00fcnce ve mutluluk ideolojilerine de ele\u015ftirel bir yakla\u015f\u0131m benimsiyor, zorluklar\u0131 a\u015fmaya y\u00f6nelik haz\u0131r re\u00e7eteler sunmuyor; bizi her meseleyi karma\u015f\u0131kl\u0131\u011f\u0131n\u0131 teslim ederek iyisiyle k\u00f6t\u00fcs\u00fcyle ya\u015famaya ve d\u00fc\u015f\u00fcnmeye te\u015fvik ediyor. Zorluklara ra\u011fmen \u2013ve zorluklardan \u00f6\u011frenerek\u2013 ne\u015fv\u00fcnema bulabilece\u011fimiz ya\u015fama imk\u00e2nlar\u0131na i\u015faret ediyor.<\/p>\n","protected":false},"excerpt":{"rendered":"<p>\u00c7a\u011f\u0131m\u0131zda mutluluk nihai bir hedef, ac\u0131 ise mutluluktan sapma olarak g\u00f6r\u00fcl\u00fcyor. Felsefeci Kieran Setiya Hayat Zor kitab\u0131nda bu yan\u0131lg\u0131y\u0131 sorguluyor; hayat\u0131n zorluklar\u0131n\u0131 yok saymak yerine, dertlerle<span class=\"excerpt-hellip\"> [\u2026]<\/span><\/p>\n","protected":false},"featured_media":0,"template":"","meta":{"_monsterinsights_skip_tracking":false,"_monsterinsights_sitenote_active":false,"_monsterinsights_sitenote_note":"","_monsterinsights_sitenote_category":0},"product_brand":[],"product_cat":[12388],"product_tag":[],"class_list":{"0":"post-780777","1":"product","2":"type-product","3":"status-publish","5":"product_cat-felsefe","6":"pa_cilt-ciltsiz","7":"pa_tur-kitap","8":"pa_yayinevi-nous-kitap","9":"pa_yazar-kieran-setiya","11":"first","12":"instock","13":"sale","14":"shipping-taxable","15":"purchasable","16":"product-type-simple"},"_links":{"self":[{"href":"https:\/\/roveyayinevi.com.tr\/index.php\/wp-json\/wp\/v2\/product\/780777","targetHints":{"allow":["GET"]}}],"collection":[{"href":"https:\/\/roveyayinevi.com.tr\/index.php\/wp-json\/wp\/v2\/product"}],"about":[{"href":"https:\/\/roveyayinevi.com.tr\/index.php\/wp-json\/wp\/v2\/types\/product"}],"wp:attachment":[{"href":"https:\/\/roveyayinevi.com.tr\/index.php\/wp-json\/wp\/v2\/media?parent=780777"}],"wp:term":[{"taxonomy":"product_brand","embeddable":true,"href":"https:\/\/roveyayinevi.com.tr\/index.php\/wp-json\/wp\/v2\/product_brand?post=780777"},{"taxonomy":"product_cat","embeddable":true,"href":"https:\/\/roveyayinevi.com.tr\/index.php\/wp-json\/wp\/v2\/product_cat?post=780777"},{"taxonomy":"product_tag","embeddable":true,"href":"https:\/\/roveyayinevi.com.tr\/index.php\/wp-json\/wp\/v2\/product_tag?post=780777"}],"curies":[{"name":"wp","href":"https:\/\/api.w.org\/{rel}","templated":true}]}}