{"id":780774,"date":"2026-01-20T04:20:10","date_gmt":"2026-01-20T01:20:10","guid":{"rendered":"https:\/\/roveyayinevi.com.tr\/index.php\/urun\/zeytin-baba\/"},"modified":"2026-01-30T04:18:42","modified_gmt":"2026-01-30T01:18:42","slug":"zeytin-baba","status":"publish","type":"product","link":"https:\/\/roveyayinevi.com.tr\/index.php\/urun\/zeytin-baba\/","title":{"rendered":"Zeytin Baba"},"content":{"rendered":"<p>Zeytin a\u011fac\u0131 bu topraklar\u0131n en kadim \u015fahididir. K\u00f6kleri sabr\u0131, dallar\u0131 umudu, meyvesi eme\u011fi anlat\u0131r. Ama T\u00fcrkiye\u2019de zeytin y\u0131llarca hor g\u00f6r\u00fcld\u00fc, yok say\u0131lmak istendi.   \u0130\u015fte bu noktada bir adam \u00e7\u0131kt\u0131: Cahit \u00c7etin. \u00c7ift\u00e7i bir ailenin evlad\u0131 olarak b\u00fcy\u00fcd\u00fc, zeytinin bereketiyle okudu, hayat\u0131n\u0131 onun g\u00f6lgesinde kurdu. Sonra, \u00fcreticinin g\u00fcven kayna\u011f\u0131, zeytinin y\u0131lmaz savunucusu oldu.   33 y\u0131l boyunca Tari\u015f\u2019in ba\u015f\u0131nda verdi\u011fi m\u00fccadele, sadece bir kurumun de\u011fil, bir \u00fclkenin onur m\u00fccadelesiydi. Zeytinliklere g\u00f6z dikildi\u011finde, \u00fcretici yaln\u0131z b\u0131rak\u0131ld\u0131\u011f\u0131nda, kooperatifler da\u011f\u0131t\u0131lmak istendi\u011finde o dimdik durdu. \u0130nsanlar ona bu y\u00fczden \u201cZeytin Baba\u201d dediler.   Bu kitap, bir evlad\u0131n kaleminden, bir babaya ve bir davaya duyulan vefan\u0131n hik\u00e2yesidir. Ge\u00e7mi\u015fin hat\u0131ras\u0131, gelece\u011fin pusulas\u0131 olan bir miras\u2026 \u00c7\u00fcnk\u00fc zeytin ya\u015fad\u0131k\u00e7a, Cahit \u00c7etin\u2019in ad\u0131 da ya\u015fayacak.<\/p>\n","protected":false},"excerpt":{"rendered":"<p>Zeytin a\u011fac\u0131 bu topraklar\u0131n en kadim \u015fahididir. K\u00f6kleri sabr\u0131, dallar\u0131 umudu, meyvesi eme\u011fi anlat\u0131r. Ama T\u00fcrkiye\u2019de zeytin y\u0131llarca hor g\u00f6r\u00fcld\u00fc, yok say\u0131lmak istendi. \u0130\u015fte bu noktada<span class=\"excerpt-hellip\"> [\u2026]<\/span><\/p>\n","protected":false},"featured_media":0,"template":"","meta":{"_monsterinsights_skip_tracking":false,"_monsterinsights_sitenote_active":false,"_monsterinsights_sitenote_note":"","_monsterinsights_sitenote_category":0},"product_brand":[],"product_cat":[14009,12291],"product_tag":[],"class_list":{"0":"post-780774","1":"product","2":"type-product","3":"status-publish","5":"product_cat-biyografi-otobiyografi-edebiyat","6":"product_cat-edebiyat","7":"pa_cilt-ciltsiz","8":"pa_tur-kitap","9":"pa_yayinevi-vova-yayinlari","10":"pa_yazar-ahmet-cetin","12":"first","13":"instock","14":"sale","15":"shipping-taxable","16":"purchasable","17":"product-type-simple"},"_links":{"self":[{"href":"https:\/\/roveyayinevi.com.tr\/index.php\/wp-json\/wp\/v2\/product\/780774","targetHints":{"allow":["GET"]}}],"collection":[{"href":"https:\/\/roveyayinevi.com.tr\/index.php\/wp-json\/wp\/v2\/product"}],"about":[{"href":"https:\/\/roveyayinevi.com.tr\/index.php\/wp-json\/wp\/v2\/types\/product"}],"wp:attachment":[{"href":"https:\/\/roveyayinevi.com.tr\/index.php\/wp-json\/wp\/v2\/media?parent=780774"}],"wp:term":[{"taxonomy":"product_brand","embeddable":true,"href":"https:\/\/roveyayinevi.com.tr\/index.php\/wp-json\/wp\/v2\/product_brand?post=780774"},{"taxonomy":"product_cat","embeddable":true,"href":"https:\/\/roveyayinevi.com.tr\/index.php\/wp-json\/wp\/v2\/product_cat?post=780774"},{"taxonomy":"product_tag","embeddable":true,"href":"https:\/\/roveyayinevi.com.tr\/index.php\/wp-json\/wp\/v2\/product_tag?post=780774"}],"curies":[{"name":"wp","href":"https:\/\/api.w.org\/{rel}","templated":true}]}}