{"id":780772,"date":"2026-01-20T04:20:05","date_gmt":"2026-01-20T01:20:05","guid":{"rendered":"https:\/\/roveyayinevi.com.tr\/index.php\/urun\/gacagucu-ve-ailenin-gucu\/"},"modified":"2026-04-15T03:44:54","modified_gmt":"2026-04-15T00:44:54","slug":"gacagucu-ve-ailenin-gucu","status":"publish","type":"product","link":"https:\/\/roveyayinevi.com.tr\/index.php\/urun\/gacagucu-ve-ailenin-gucu\/","title":{"rendered":"Gacagucu ve Ailenin G\u00fcc\u00fc"},"content":{"rendered":"<p>Tam \u00fc\u00e7 milyon y\u0131l \u00f6nce\u2026 Orman\u0131n kalbinde birbirine s\u0131k\u0131ca ba\u011fl\u0131 iki karde\u015f vard\u0131: Gacagucu ve Gucugaca. Bir f\u0131rt\u0131na onlar\u0131 ay\u0131rd\u0131 belki ama kalplerindeki sevgi hi\u00e7 kopmad\u0131. Ve \u015fimdi, y\u0131l\u0131n en parlak g\u00fcn\u00fcnde kader yeniden birle\u015fmelerini f\u0131s\u0131ld\u0131yor. Kay\u0131p ailelerine kavu\u015fmak i\u00e7in \u00e7\u0131kt\u0131klar\u0131 bu yolculukta, d\u00fc\u015fe kalka ilerliyorlar; yeni dostlar ediniyor, engelleri birlikte a\u015f\u0131yorlar. \u00c7\u00fcnk\u00fc aile, bazen yan\u0131nda y\u00fcr\u00fcyen bir karde\u015fin elidir\u2026 Karanl\u0131kta sana yol g\u00f6steren bir ses, Yoruldu\u011funda seni aya\u011fa kald\u0131ran bir g\u00fc\u00e7\u2026 Sinan Ya\u015far\u2019\u0131n kaleminden Gacagucu ve Ailenin G\u00fcc\u00fc, k\u00fc\u00e7\u00fck okurlara sevginin, birlik olman\u0131n ve aile olman\u0131n ger\u00e7ek mucizesini hat\u0131rlat\u0131yor: \u201cAile; en zorlu yolculuklarda bile seni ileri ta\u015f\u0131yan kalptir!\u201d<\/p>\n","protected":false},"excerpt":{"rendered":"<p>Tam \u00fc\u00e7 milyon y\u0131l \u00f6nce\u2026 Orman\u0131n kalbinde birbirine s\u0131k\u0131ca ba\u011fl\u0131 iki karde\u015f vard\u0131: Gacagucu ve Gucugaca. Bir f\u0131rt\u0131na onlar\u0131 ay\u0131rd\u0131 belki ama kalplerindeki sevgi hi\u00e7 kopmad\u0131.<span class=\"excerpt-hellip\"> [\u2026]<\/span><\/p>\n","protected":false},"featured_media":0,"template":"","meta":{"_monsterinsights_skip_tracking":false,"_monsterinsights_sitenote_active":false,"_monsterinsights_sitenote_note":"","_monsterinsights_sitenote_category":0},"product_brand":[],"product_cat":[12274,12284],"product_tag":[],"class_list":{"0":"post-780772","1":"product","2":"type-product","3":"status-publish","5":"product_cat-cocuk-ve-genclik-kitaplari","6":"product_cat-hikayeler","7":"pa_cilt-ciltsiz","8":"pa_tur-kitap","9":"pa_yayinevi-fom-kitap","10":"pa_yazar-sinan-yasar","12":"first","13":"instock","14":"sale","15":"shipping-taxable","16":"purchasable","17":"product-type-simple"},"_links":{"self":[{"href":"https:\/\/roveyayinevi.com.tr\/index.php\/wp-json\/wp\/v2\/product\/780772","targetHints":{"allow":["GET"]}}],"collection":[{"href":"https:\/\/roveyayinevi.com.tr\/index.php\/wp-json\/wp\/v2\/product"}],"about":[{"href":"https:\/\/roveyayinevi.com.tr\/index.php\/wp-json\/wp\/v2\/types\/product"}],"wp:attachment":[{"href":"https:\/\/roveyayinevi.com.tr\/index.php\/wp-json\/wp\/v2\/media?parent=780772"}],"wp:term":[{"taxonomy":"product_brand","embeddable":true,"href":"https:\/\/roveyayinevi.com.tr\/index.php\/wp-json\/wp\/v2\/product_brand?post=780772"},{"taxonomy":"product_cat","embeddable":true,"href":"https:\/\/roveyayinevi.com.tr\/index.php\/wp-json\/wp\/v2\/product_cat?post=780772"},{"taxonomy":"product_tag","embeddable":true,"href":"https:\/\/roveyayinevi.com.tr\/index.php\/wp-json\/wp\/v2\/product_tag?post=780772"}],"curies":[{"name":"wp","href":"https:\/\/api.w.org\/{rel}","templated":true}]}}