{"id":780769,"date":"2026-01-20T04:19:59","date_gmt":"2026-01-20T01:19:59","guid":{"rendered":"https:\/\/roveyayinevi.com.tr\/index.php\/urun\/ejderha-ile-kiz\/"},"modified":"2026-04-15T03:44:54","modified_gmt":"2026-04-15T00:44:54","slug":"ejderha-ile-kiz","status":"publish","type":"product","link":"https:\/\/roveyayinevi.com.tr\/index.php\/urun\/ejderha-ile-kiz\/","title":{"rendered":"Ejderha ile K\u0131z"},"content":{"rendered":"<p>(2023 Folch y Torres \u00d6d\u00fcl\u00fc) Long, be\u015f efsanevi \u00c7in ejderhas\u0131ndan biriydi. Terk edilmi\u015f bir bebekle kar\u015f\u0131la\u015ft\u0131\u011f\u0131nda kaderleri birle\u015fti ve k\u00fc\u00e7\u00fck k\u0131z\u0131 korumak, ejderhan\u0131n g\u00f6revi h\u00e2line geldi. \u201cB\u00fct\u00fcn \u00e7ocuklar\u0131n ejderhas\u0131 var m\u0131d\u0131r, Long?\u201d Ejderha gergin bir \u015fekilde bo\u011faz\u0131n\u0131 temizledi ve cevap verdi: \u201cHay\u0131r, hepsinin de\u011fil. Sadece en \u015fansl\u0131 olanlar\u0131n.\u201d Long b\u00fcy\u00fctt\u00fc\u011f\u00fc, e\u011fitti\u011fi ve \u00e7ok sevdi\u011fi Wen i\u00e7in son ve \u00e7ok zor bir g\u00f6revi yerine getirmeye haz\u0131rlan\u0131yordu&#8230;<\/p>\n","protected":false},"excerpt":{"rendered":"<p>(2023 Folch y Torres \u00d6d\u00fcl\u00fc) Long, be\u015f efsanevi \u00c7in ejderhas\u0131ndan biriydi. Terk edilmi\u015f bir bebekle kar\u015f\u0131la\u015ft\u0131\u011f\u0131nda kaderleri birle\u015fti ve k\u00fc\u00e7\u00fck k\u0131z\u0131 korumak, ejderhan\u0131n g\u00f6revi h\u00e2line geldi.<span class=\"excerpt-hellip\"> [\u2026]<\/span><\/p>\n","protected":false},"featured_media":0,"template":"","meta":{"_monsterinsights_skip_tracking":false,"_monsterinsights_sitenote_active":false,"_monsterinsights_sitenote_note":"","_monsterinsights_sitenote_category":0},"product_brand":[],"product_cat":[12274,12284],"product_tag":[],"class_list":{"0":"post-780769","1":"product","2":"type-product","3":"status-publish","5":"product_cat-cocuk-ve-genclik-kitaplari","6":"product_cat-hikayeler","7":"pa_cilt-ciltsiz","8":"pa_tur-kitap","9":"pa_yayinevi-beyaz-balina-yayinlari","10":"pa_yazar-lluis-prats","12":"first","13":"instock","14":"sale","15":"shipping-taxable","16":"purchasable","17":"product-type-simple"},"_links":{"self":[{"href":"https:\/\/roveyayinevi.com.tr\/index.php\/wp-json\/wp\/v2\/product\/780769","targetHints":{"allow":["GET"]}}],"collection":[{"href":"https:\/\/roveyayinevi.com.tr\/index.php\/wp-json\/wp\/v2\/product"}],"about":[{"href":"https:\/\/roveyayinevi.com.tr\/index.php\/wp-json\/wp\/v2\/types\/product"}],"wp:attachment":[{"href":"https:\/\/roveyayinevi.com.tr\/index.php\/wp-json\/wp\/v2\/media?parent=780769"}],"wp:term":[{"taxonomy":"product_brand","embeddable":true,"href":"https:\/\/roveyayinevi.com.tr\/index.php\/wp-json\/wp\/v2\/product_brand?post=780769"},{"taxonomy":"product_cat","embeddable":true,"href":"https:\/\/roveyayinevi.com.tr\/index.php\/wp-json\/wp\/v2\/product_cat?post=780769"},{"taxonomy":"product_tag","embeddable":true,"href":"https:\/\/roveyayinevi.com.tr\/index.php\/wp-json\/wp\/v2\/product_tag?post=780769"}],"curies":[{"name":"wp","href":"https:\/\/api.w.org\/{rel}","templated":true}]}}