{"id":780768,"date":"2026-01-20T04:19:56","date_gmt":"2026-01-20T01:19:56","guid":{"rendered":"https:\/\/roveyayinevi.com.tr\/index.php\/urun\/guvenli-liman\/"},"modified":"2026-04-15T03:44:54","modified_gmt":"2026-04-15T00:44:54","slug":"guvenli-liman","status":"publish","type":"product","link":"https:\/\/roveyayinevi.com.tr\/index.php\/urun\/guvenli-liman\/","title":{"rendered":"G\u00fcvenli Liman"},"content":{"rendered":"<p>Her hik\u00e2ye, ikinci bir \u015fans\u0131n \u0131\u015f\u0131\u011f\u0131n\u0131 bekler. R\u00fczg\u00e2rl\u0131 bir yaz g\u00fcn\u00fcnde, San Francisco\u2019nun Safe Harbour kasabas\u0131n\u0131n sahilinde k\u00fc\u00e7\u00fck bir k\u0131z k\u00f6pe\u011fiyle y\u00fcr\u00fcy\u00fc\u015f yap\u0131yordu. K\u0131sac\u0131k hayat\u0131 \u015fimdiden trajedilerle g\u00f6lgelenmi\u015f on bir ya\u015f\u0131ndaki Pip Mackenzie, korkun\u00e7 bir kazayla kaybetti\u011fi babas\u0131n\u0131n ve abisinin yas\u0131n\u0131 tutuyor, k\u0131r\u0131k bir kalple yoluna devam etmekte zorlanan annesi Oph\u00e9lie\u2019ye sessizce destek olmaya \u00e7al\u0131\u015f\u0131yordu. Sahildeki y\u00fcr\u00fcy\u00fc\u015f\u00fc s\u0131ras\u0131nda tan\u0131\u015ft\u0131\u011f\u0131 ressam Matt Bowles da ilk andan itibaren onun ne kadar \u00f6zel bir \u00e7ocuk oldu\u011funu hissetmi\u015f gibiydi. Zorlu bir bo\u015fanma sonras\u0131 ba\u011flar\u0131n\u0131 yitirdi\u011fi k\u0131z\u0131na olan benzerli\u011fi sayesinde Pip\u2019e kan\u0131 kaynam\u0131\u015f, aralar\u0131nda s\u0131rad\u0131\u015f\u0131 bir arkada\u015fl\u0131\u011f\u0131n temelleri at\u0131lm\u0131\u015ft\u0131. Ba\u015flarda k\u0131z\u0131n\u0131n yeni arkada\u015f\u0131n\u0131n niyetlerini sorgulayan Oph\u00e9lie de \u00e7ok ge\u00e7meden onun tam da ihtiya\u00e7 duyduklar\u0131 sad\u0131k arkada\u015f oldu\u011funu anlam\u0131\u015ft\u0131. Kalbinde daha fazlas\u0131 i\u00e7in yer bulabilir miydi, emin de\u011fildi ancak Matt\u2019in, hayatlar\u0131n\u0131 hayal bile edemeyecekleri \u015fekilde g\u00fczelle\u015ftirdi\u011fini g\u00f6rmezden gelemezdi. Eski hesapla\u015fmalar, derin yaralar ve kay\u0131plarla \u015fekillenmi\u015f bu \u00fc\u00e7 hayat, hi\u00e7 umulmad\u0131k \u015fekilde ayd\u0131nlanacak ve birbirlerine yaslanarak ikinci \u015fanslar\u0131n\u0131 ke\u015ffedecekti. Usta yazar Danielle Steel\u2019den y\u0131llara meydan okuyan, y\u00fcrek burkan kay\u0131plar\u0131 ve ikinci \u015fanslar\u0131n b\u00fcy\u00fcs\u00fcn\u00fc bir araya getiren unutulmaz bir roman. \u00d6vg\u00fcler \u201cHuzurlu ve dokunakl\u0131 bir a\u015fk hik\u00e2yesi&#8230; Yazar\u0131n diline kap\u0131lmamak m\u00fcmk\u00fcn de\u011fil.&#8221; Kirkus Reviews \u201cBa\u015f\u0131ndan sonuna kadar muhte\u015fem bir kitap. A\u015fk\u0131, iyile\u015fmeyi ve aff\u0131 i\u00e7tenlikle anlat\u0131yor, okurun kalbine dokunuyor.\u201d Amazon<\/p>\n","protected":false},"excerpt":{"rendered":"<p>Her hik\u00e2ye, ikinci bir \u015fans\u0131n \u0131\u015f\u0131\u011f\u0131n\u0131 bekler. R\u00fczg\u00e2rl\u0131 bir yaz g\u00fcn\u00fcnde, San Francisco\u2019nun Safe Harbour kasabas\u0131n\u0131n sahilinde k\u00fc\u00e7\u00fck bir k\u0131z k\u00f6pe\u011fiyle y\u00fcr\u00fcy\u00fc\u015f yap\u0131yordu. K\u0131sac\u0131k hayat\u0131 \u015fimdiden<span class=\"excerpt-hellip\"> [\u2026]<\/span><\/p>\n","protected":false},"featured_media":0,"template":"","meta":{"_monsterinsights_skip_tracking":false,"_monsterinsights_sitenote_active":false,"_monsterinsights_sitenote_note":"","_monsterinsights_sitenote_category":0},"product_brand":[],"product_cat":[12291,12711],"product_tag":[],"class_list":{"0":"post-780768","1":"product","2":"type-product","3":"status-publish","5":"product_cat-edebiyat","6":"product_cat-roman-oyku","7":"pa_cilt-ciltsiz","8":"pa_tur-kitap","9":"pa_yayinevi-arkadya-yayinlari","10":"pa_yazar-danielle-steel","12":"first","13":"instock","14":"sale","15":"shipping-taxable","16":"purchasable","17":"product-type-simple"},"_links":{"self":[{"href":"https:\/\/roveyayinevi.com.tr\/index.php\/wp-json\/wp\/v2\/product\/780768","targetHints":{"allow":["GET"]}}],"collection":[{"href":"https:\/\/roveyayinevi.com.tr\/index.php\/wp-json\/wp\/v2\/product"}],"about":[{"href":"https:\/\/roveyayinevi.com.tr\/index.php\/wp-json\/wp\/v2\/types\/product"}],"wp:attachment":[{"href":"https:\/\/roveyayinevi.com.tr\/index.php\/wp-json\/wp\/v2\/media?parent=780768"}],"wp:term":[{"taxonomy":"product_brand","embeddable":true,"href":"https:\/\/roveyayinevi.com.tr\/index.php\/wp-json\/wp\/v2\/product_brand?post=780768"},{"taxonomy":"product_cat","embeddable":true,"href":"https:\/\/roveyayinevi.com.tr\/index.php\/wp-json\/wp\/v2\/product_cat?post=780768"},{"taxonomy":"product_tag","embeddable":true,"href":"https:\/\/roveyayinevi.com.tr\/index.php\/wp-json\/wp\/v2\/product_tag?post=780768"}],"curies":[{"name":"wp","href":"https:\/\/api.w.org\/{rel}","templated":true}]}}