{"id":780767,"date":"2026-01-20T04:19:53","date_gmt":"2026-01-20T01:19:53","guid":{"rendered":"https:\/\/roveyayinevi.com.tr\/index.php\/urun\/neden-bu-iliskiden-kopamiyorum-travmatik-baglardan-guvenli-baglanmaya\/"},"modified":"2026-04-13T03:40:46","modified_gmt":"2026-04-13T00:40:46","slug":"neden-bu-iliskiden-kopamiyorum-travmatik-baglardan-guvenli-baglanmaya","status":"publish","type":"product","link":"https:\/\/roveyayinevi.com.tr\/index.php\/urun\/neden-bu-iliskiden-kopamiyorum-travmatik-baglardan-guvenli-baglanmaya\/","title":{"rendered":"Neden Bu \u0130li\u015fkiden Kopam\u0131yorum? &#8211; Travmatik Ba\u011flardan Gu\u0308venli Ba\u011flanmaya"},"content":{"rendered":"<p>Kopamad\u0131\u011f\u0131n ba\u011f kaderin de\u011fil, ge\u00e7mi\u015finin g\u00f6lgesidir.Bu kitap, tam da burada s\u0131k\u0131\u015f\u0131p kalm\u0131\u015f olan i\u00e7 sesiniz i\u00e7in yaz\u0131ld\u0131.\u00c7ocuklukta ya\u015fanan ihmal, reddedilme, istismar ya da sevgisizlik\u2026 T\u00fcm bu deneyimler yeti\u015fkinlikte kurdu\u011funuzili\u015fkilerin g\u00f6r\u00fcnmez senaryosunu yazar. Ba\u011f\u0131ml\u0131l\u0131k gibi hissettiren \u201ca\u015fklar\u201d, s\u00fcrekli ho\u015fg\u00f6r\u00fc bekleyen partnerler,sizi yaralayan d\u00f6ng\u00fcler\u2026Ve o bitmeyen soru:\u201cNeden bu ili\u015fkiden kopam\u0131yorum?\u201d\u0130li\u015fki uzman\u0131 Michelle Skeen ile k\u0131z\u0131 Kelly Skeen, Kabul ve Kararl\u0131l\u0131k Terapisi (ACT) yakla\u015f\u0131m\u0131yla sizi, kendi i\u00e7d\u00fcnyan\u0131za do\u011fru derin bir d\u00f6n\u00fc\u015f\u00fcm yolculu\u011funa davet ediyor.Bu kitapta:\u2022 Ba\u011flanma stilinizi ke\u015ffedecek,\u2022 Y\u0131llard\u0131r sizi tutan travma ba\u011flar\u0131n\u0131n mekanizmas\u0131n\u0131 anlayacak,\u2022 \u201cBen hep b\u00f6yleyim\u201d dedi\u011finiz davran\u0131\u015f kal\u0131plar\u0131n\u0131n ge\u00e7mi\u015ften gelen yank\u0131lar oldu\u011funu g\u00f6recek,\u2022 Sa\u011fl\u0131kl\u0131, g\u00fcvenli ve \u015fefkatli ili\u015fkiler kurmak i\u00e7in bilimsel olarak kan\u0131tlanm\u0131\u015f ACT becerilerini \u00f6\u011freneceksiniz.G\u00fcvende oldu\u011funuz, g\u00f6r\u00fcld\u00fc\u011f\u00fcn\u00fcz ve ger\u00e7ekten sevildi\u011finiz bir ili\u015fki m\u00fcmk\u00fcn.Bu kitap, o ihtimalin kap\u0131s\u0131n\u0131 aralarken size \u015fefkatle e\u015flik edecek.<\/p>\n","protected":false},"excerpt":{"rendered":"<p>Kopamad\u0131\u011f\u0131n ba\u011f kaderin de\u011fil, ge\u00e7mi\u015finin g\u00f6lgesidir.Bu kitap, tam da burada s\u0131k\u0131\u015f\u0131p kalm\u0131\u015f olan i\u00e7 sesiniz i\u00e7in yaz\u0131ld\u0131.\u00c7ocuklukta ya\u015fanan ihmal, reddedilme, istismar ya da sevgisizlik\u2026 T\u00fcm bu<span class=\"excerpt-hellip\"> [\u2026]<\/span><\/p>\n","protected":false},"featured_media":0,"template":"","meta":{"_monsterinsights_skip_tracking":false,"_monsterinsights_sitenote_active":false,"_monsterinsights_sitenote_note":"","_monsterinsights_sitenote_category":0},"product_brand":[],"product_cat":[12364,12376],"product_tag":[],"class_list":{"0":"post-780767","1":"product","2":"type-product","3":"status-publish","5":"product_cat-genel-konular","6":"product_cat-kisisel-gelisim","7":"pa_cilt-ciltsiz","8":"pa_tur-kitap","9":"pa_yayinevi-omega","10":"pa_yazar-michelle-skeen-kelly-skeen","12":"first","13":"instock","14":"sale","15":"shipping-taxable","16":"purchasable","17":"product-type-simple"},"_links":{"self":[{"href":"https:\/\/roveyayinevi.com.tr\/index.php\/wp-json\/wp\/v2\/product\/780767","targetHints":{"allow":["GET"]}}],"collection":[{"href":"https:\/\/roveyayinevi.com.tr\/index.php\/wp-json\/wp\/v2\/product"}],"about":[{"href":"https:\/\/roveyayinevi.com.tr\/index.php\/wp-json\/wp\/v2\/types\/product"}],"wp:attachment":[{"href":"https:\/\/roveyayinevi.com.tr\/index.php\/wp-json\/wp\/v2\/media?parent=780767"}],"wp:term":[{"taxonomy":"product_brand","embeddable":true,"href":"https:\/\/roveyayinevi.com.tr\/index.php\/wp-json\/wp\/v2\/product_brand?post=780767"},{"taxonomy":"product_cat","embeddable":true,"href":"https:\/\/roveyayinevi.com.tr\/index.php\/wp-json\/wp\/v2\/product_cat?post=780767"},{"taxonomy":"product_tag","embeddable":true,"href":"https:\/\/roveyayinevi.com.tr\/index.php\/wp-json\/wp\/v2\/product_tag?post=780767"}],"curies":[{"name":"wp","href":"https:\/\/api.w.org\/{rel}","templated":true}]}}