{"id":780752,"date":"2026-01-20T04:19:17","date_gmt":"2026-01-20T01:19:17","guid":{"rendered":"https:\/\/roveyayinevi.com.tr\/index.php\/urun\/kanli-dus-2\/"},"modified":"2026-04-15T03:44:53","modified_gmt":"2026-04-15T00:44:53","slug":"kanli-dus-2","status":"publish","type":"product","link":"https:\/\/roveyayinevi.com.tr\/index.php\/urun\/kanli-dus-2\/","title":{"rendered":"Kanl\u0131 D\u00fc\u015f"},"content":{"rendered":"<p>\u201cKurtulu\u015fun sorumlulu\u011fu omuzlar\u0131m\u0131zda.\u201dResullerin sava\u015ft\u0131\u011f\u0131 kanl\u0131 \u00e7ete yeniden sahnede!\u201cCehennemin kap\u0131lar\u0131\u201d onlar i\u00e7in a\u00e7\u0131ld\u0131. Ordular kurup zihinleridahi i\u015fgal edip insan\u0131 etkisiz b\u0131rakt\u0131klar\u0131 t\u00fcm h\u00fccreler uyan\u0131yor. Neyin i\u00e7inde oldu\u011funu anlayan herkes d\u00fc\u015fmana kar\u015f\u0131 bir silaht\u0131r.\u201cKanl\u0131 D\u00fc\u015f\u201d sona ve ba\u015fa yakla\u015f\u0131yor.2023\u2019te her \u015fey \u00e7ok g\u00fczel olacak dedikleri \u015fey, \u00f6nceden bilinen bir deprem felaketiydi. Arkas\u0131ndaki perdeyi g\u00f6rmeye haz\u0131r m\u0131s\u0131n\u0131z?Tek D\u00fcnya Devleti ve Yeni Roma kanl\u0131 bir d\u00fc\u015ft\u00fc&#8230;\u0130klim tiyatrosu ve k\u0131tl\u0131k, insanl\u0131\u011f\u0131 a\u015f\u0131lamak, M\u00fcsl\u00fcman T\u00fcrk\u2019e Roma demek ve \u00fclkeleri kana bulayan bu \u00e7eteye hak demek kanl\u0131 bir d\u00fc\u015ft\u00fcr&#8230;\u0130klim yalan\u0131yla a\u00e7 b\u0131rakmak, Ayasofya\u2019da oyun oynamak, M\u00fcsl\u00fcman Anadolu\u2019yu Kuran\u2019dan koparmak ve \u015feytana yolda\u015fl\u0131k yapmak kanl\u0131 bir d\u00fc\u015ft\u00fcr. Sokuldu\u011fumuz bu yol, anlamayan her insan i\u00e7in kanl\u0131 bir d\u00fc\u015ft\u00fcr.Bu y\u00fczden herkes yar\u0131n i\u00e7in \u00f6nden ne g\u00f6nderdi\u011fine baks\u0131n.<\/p>\n","protected":false},"excerpt":{"rendered":"<p>\u201cKurtulu\u015fun sorumlulu\u011fu omuzlar\u0131m\u0131zda.\u201dResullerin sava\u015ft\u0131\u011f\u0131 kanl\u0131 \u00e7ete yeniden sahnede!\u201cCehennemin kap\u0131lar\u0131\u201d onlar i\u00e7in a\u00e7\u0131ld\u0131. Ordular kurup zihinleridahi i\u015fgal edip insan\u0131 etkisiz b\u0131rakt\u0131klar\u0131 t\u00fcm h\u00fccreler uyan\u0131yor. Neyin i\u00e7inde oldu\u011funu<span class=\"excerpt-hellip\"> [\u2026]<\/span><\/p>\n","protected":false},"featured_media":0,"template":"","meta":{"_monsterinsights_skip_tracking":false,"_monsterinsights_sitenote_active":false,"_monsterinsights_sitenote_note":"","_monsterinsights_sitenote_category":0},"product_brand":[],"product_cat":[12337],"product_tag":[],"class_list":{"0":"post-780752","1":"product","2":"type-product","3":"status-publish","5":"product_cat-politika-siyaset","6":"pa_cilt-ciltsiz","7":"pa_tur-kitap","8":"pa_yayinevi-destek-yayinlari","9":"pa_yazar-eray-haciosmanoglu","11":"first","12":"instock","13":"sale","14":"shipping-taxable","15":"purchasable","16":"product-type-simple"},"_links":{"self":[{"href":"https:\/\/roveyayinevi.com.tr\/index.php\/wp-json\/wp\/v2\/product\/780752","targetHints":{"allow":["GET"]}}],"collection":[{"href":"https:\/\/roveyayinevi.com.tr\/index.php\/wp-json\/wp\/v2\/product"}],"about":[{"href":"https:\/\/roveyayinevi.com.tr\/index.php\/wp-json\/wp\/v2\/types\/product"}],"wp:attachment":[{"href":"https:\/\/roveyayinevi.com.tr\/index.php\/wp-json\/wp\/v2\/media?parent=780752"}],"wp:term":[{"taxonomy":"product_brand","embeddable":true,"href":"https:\/\/roveyayinevi.com.tr\/index.php\/wp-json\/wp\/v2\/product_brand?post=780752"},{"taxonomy":"product_cat","embeddable":true,"href":"https:\/\/roveyayinevi.com.tr\/index.php\/wp-json\/wp\/v2\/product_cat?post=780752"},{"taxonomy":"product_tag","embeddable":true,"href":"https:\/\/roveyayinevi.com.tr\/index.php\/wp-json\/wp\/v2\/product_tag?post=780752"}],"curies":[{"name":"wp","href":"https:\/\/api.w.org\/{rel}","templated":true}]}}