{"id":780751,"date":"2026-01-20T04:19:15","date_gmt":"2026-01-20T01:19:15","guid":{"rendered":"https:\/\/roveyayinevi.com.tr\/index.php\/urun\/kasem-2\/"},"modified":"2026-04-15T03:44:53","modified_gmt":"2026-04-15T00:44:53","slug":"kasem-2","status":"publish","type":"product","link":"https:\/\/roveyayinevi.com.tr\/index.php\/urun\/kasem-2\/","title":{"rendered":"Kasem"},"content":{"rendered":"<p>\u201cOlanlara ve olacaklara kasem olsun!\u201dAnt olsun ki yeni ba\u015fl\u0131yoruz!  D\u00fc\u015fman ve ihanet boyut de\u011fi\u015ftirmi\u015f, d\u00fc\u011fmeye basm\u0131\u015f, her yere s\u0131zm\u0131\u015f ve maskesi k\u00f6r olana tan\u0131nmaz hale gelmi\u015ftir.Kurtulu\u015f, \u015fimdi her zamankinden daha \u00f6nemli. Tek D\u00fcnya Devleti sapk\u0131nl\u0131\u011f\u0131n\u0131 kurma \u00fczerine, y\u00fcz y\u0131ll\u0131k planlar\u0131n\u0131 devreye sokanlar, hi\u00e7 \u015f\u00fcphesiz insanl\u0131\u011f\u0131 \u00e7ok daha fazla kana bulayacaklar. T\u00fcrkiye ise bu s\u00fcrecin tam ortas\u0131nda! Biz d\u00fcnyay\u0131 konvansiyonel bir ak\u0131lla okuyup \u015feytan\u0131 eski usuller ile beklerken, \u015feytan tabii ki bo\u015f durmad\u0131 ve akl\u0131n\u0131za gelebilecek her k\u0131l\u0131\u011fa girdi.Hi\u00e7 olmad\u0131\u011f\u0131 kadar, insanl\u0131\u011f\u0131 ele ge\u00e7irmek i\u00e7in her \u015feyi tek tek planlad\u0131. Oyunun kurallar\u0131ndan \u00e7ok, kendisi de\u011fi\u015fti. T\u00fcrk ve M\u00fcsl\u00fcman milletler e\u015fi g\u00f6r\u00fclmemi\u015f bir yok edili\u015fin namlusuna s\u00fcr\u00fcld\u00fc. Milliyet\u00e7ilikten dindarl\u0131\u011fa, vatanseverlikten kanaat \u00f6nderli\u011fine her alan bu al\u00e7ak sava\u015f\u0131n maskeleri olarak belirdi.Sava\u015f ba\u015flad\u0131 ve geriye d\u00f6n\u00fc\u015f yok!Okuyana ve okutanaYazd\u0131klar\u0131ma ve yazacaklar\u0131ma Yazana ve yazd\u0131rana\u0130nsanlar\u0131n vebalini ta\u015f\u0131yan ikiy\u00fczl\u00fclere Yalana uyana ve korkana Masum kalpleri ya\u011fmalayanlara Uyuyan ve uyananlara G\u00f6rene ve k\u00f6r olana G\u00f6rd\u00fcklerine ve g\u00f6rmezden gelinenlereAh alan ve utanmayana KASEM OLSUN! <\/p>\n","protected":false},"excerpt":{"rendered":"<p>\u201cOlanlara ve olacaklara kasem olsun!\u201dAnt olsun ki yeni ba\u015fl\u0131yoruz! D\u00fc\u015fman ve ihanet boyut de\u011fi\u015ftirmi\u015f, d\u00fc\u011fmeye basm\u0131\u015f, her yere s\u0131zm\u0131\u015f ve maskesi k\u00f6r olana tan\u0131nmaz hale gelmi\u015ftir.Kurtulu\u015f,<span class=\"excerpt-hellip\"> [\u2026]<\/span><\/p>\n","protected":false},"featured_media":0,"template":"","meta":{"_monsterinsights_skip_tracking":false,"_monsterinsights_sitenote_active":false,"_monsterinsights_sitenote_note":"","_monsterinsights_sitenote_category":0},"product_brand":[],"product_cat":[12337],"product_tag":[],"class_list":{"0":"post-780751","1":"product","2":"type-product","3":"status-publish","5":"product_cat-politika-siyaset","6":"pa_cilt-ciltsiz","7":"pa_tur-kitap","8":"pa_yayinevi-destek-yayinlari","9":"pa_yazar-eray-haciosmanoglu","11":"first","12":"instock","13":"sale","14":"shipping-taxable","15":"purchasable","16":"product-type-simple"},"_links":{"self":[{"href":"https:\/\/roveyayinevi.com.tr\/index.php\/wp-json\/wp\/v2\/product\/780751","targetHints":{"allow":["GET"]}}],"collection":[{"href":"https:\/\/roveyayinevi.com.tr\/index.php\/wp-json\/wp\/v2\/product"}],"about":[{"href":"https:\/\/roveyayinevi.com.tr\/index.php\/wp-json\/wp\/v2\/types\/product"}],"wp:attachment":[{"href":"https:\/\/roveyayinevi.com.tr\/index.php\/wp-json\/wp\/v2\/media?parent=780751"}],"wp:term":[{"taxonomy":"product_brand","embeddable":true,"href":"https:\/\/roveyayinevi.com.tr\/index.php\/wp-json\/wp\/v2\/product_brand?post=780751"},{"taxonomy":"product_cat","embeddable":true,"href":"https:\/\/roveyayinevi.com.tr\/index.php\/wp-json\/wp\/v2\/product_cat?post=780751"},{"taxonomy":"product_tag","embeddable":true,"href":"https:\/\/roveyayinevi.com.tr\/index.php\/wp-json\/wp\/v2\/product_tag?post=780751"}],"curies":[{"name":"wp","href":"https:\/\/api.w.org\/{rel}","templated":true}]}}