{"id":780747,"date":"2026-01-20T04:19:07","date_gmt":"2026-01-20T01:19:07","guid":{"rendered":"https:\/\/roveyayinevi.com.tr\/index.php\/urun\/oze-donus-5\/"},"modified":"2026-04-15T03:44:52","modified_gmt":"2026-04-15T00:44:52","slug":"oze-donus-5","status":"publish","type":"product","link":"https:\/\/roveyayinevi.com.tr\/index.php\/urun\/oze-donus-5\/","title":{"rendered":"\u00d6ze D\u00f6n\u00fc\u015f"},"content":{"rendered":"<p>Tek d\u00fcnya devleti sapk\u0131nl\u0131\u011f\u0131na s\u00fcr\u00fcklenen insano\u011flu, hi\u00e7 \u015f\u00fcphesiz bu d\u00f6n\u00fc\u015f\u00fcm\u00fcn sanc\u0131lar\u0131yla bo\u011fu\u015furken, travmatik an\u0131lar\u0131 gelece\u011fe ayarlanm\u0131\u015f saatli bir bomba gibi fark\u0131nda olmadan genlerine kaz\u0131yor. \u00c7\u00fcnk\u00fc ge\u00e7mi\u015fin k\u00f6t\u00fc izlerini temizlemek yetmez. Bug\u00fcne ge\u00e7mi\u015fin gelece\u011fi olarak da bakmak zorunday\u0131z. Bu bizi hem olmu\u015f olana hem de olacak olana kar\u015f\u0131 tam donan\u0131ml\u0131 bir \u015fifa kayna\u011f\u0131 yapabilir. Bug\u00fcn\u00fcn ruhsal problemleri gelecek kayg\u0131s\u0131 dahi olsa esas mesele bug\u00fcnde ve ge\u00e7mi\u015fte ya\u015fanan a\u011f\u0131r travmalard\u0131r. Sebebini bulmak, ad\u0131n\u0131 koymak ve \u00e7\u00f6z\u00fcme ula\u015fmak ise tam bir \u015fifad\u0131r. \u0130nsan\u0131 \u00f6z\u00fcnden uzakla\u015ft\u0131ran her t\u00fcrl\u00fc travman\u0131n anahtar\u0131n\u0131 bulmak, kaderi de\u011fi\u015ftirmede birinci rol\u00fc oynar. O y\u00fczden bu kitap ile olmu\u015f olana \u00e7are olmaya niyet etti\u011fimiz kadar olmam\u0131\u015f olan\u0131n da \u00f6n\u00fcn\u00fc kesmeyi ama\u00e7l\u0131yoruz.Bu kitab\u0131 okurken olaylara bir isim verir gibi, unuttu\u011funuz ve ge\u00e7mi\u015fte b\u0131rakt\u0131\u011f\u0131n\u0131z \u201csen\u201de yeniden dokunur gibi, kendinizi yeniden ke\u015ffederken bir kez daha do\u011far gibi bak\u0131n.\u00c7\u00fcnk\u00fc uyan\u0131\u015f\u0131n ilk \u00e7a\u011fr\u0131lar\u0131na kulak verir ve bu kitab\u0131 kendi ya\u015fam\u0131n\u0131z\u0131 ele alarak okursan\u0131z, kendi ge\u00e7mi\u015finizle ilgili muhte\u015fem izler bulacak ve gelece\u011fi dahi \u015fifaland\u0131racaks\u0131n\u0131z.Unutmay\u0131n, bu sizin hik\u00e2yeniz ve \u00f6ze d\u00f6n\u00fc\u015f yolculu\u011funuz\u2026<\/p>\n","protected":false},"excerpt":{"rendered":"<p>Tek d\u00fcnya devleti sapk\u0131nl\u0131\u011f\u0131na s\u00fcr\u00fcklenen insano\u011flu, hi\u00e7 \u015f\u00fcphesiz bu d\u00f6n\u00fc\u015f\u00fcm\u00fcn sanc\u0131lar\u0131yla bo\u011fu\u015furken, travmatik an\u0131lar\u0131 gelece\u011fe ayarlanm\u0131\u015f saatli bir bomba gibi fark\u0131nda olmadan genlerine kaz\u0131yor. \u00c7\u00fcnk\u00fc ge\u00e7mi\u015fin<span class=\"excerpt-hellip\"> [\u2026]<\/span><\/p>\n","protected":false},"featured_media":0,"template":"","meta":{"_monsterinsights_skip_tracking":false,"_monsterinsights_sitenote_active":false,"_monsterinsights_sitenote_note":"","_monsterinsights_sitenote_category":0},"product_brand":[],"product_cat":[12357],"product_tag":[],"class_list":{"0":"post-780747","1":"product","2":"type-product","3":"status-publish","5":"product_cat-psikoloji","6":"pa_cilt-ciltsiz","7":"pa_tur-kitap","8":"pa_yayinevi-destek-yayinlari","9":"pa_yazar-zeynep-dizmen-eray-haciosmanoglu","11":"first","12":"instock","13":"sale","14":"shipping-taxable","15":"purchasable","16":"product-type-simple"},"_links":{"self":[{"href":"https:\/\/roveyayinevi.com.tr\/index.php\/wp-json\/wp\/v2\/product\/780747","targetHints":{"allow":["GET"]}}],"collection":[{"href":"https:\/\/roveyayinevi.com.tr\/index.php\/wp-json\/wp\/v2\/product"}],"about":[{"href":"https:\/\/roveyayinevi.com.tr\/index.php\/wp-json\/wp\/v2\/types\/product"}],"wp:attachment":[{"href":"https:\/\/roveyayinevi.com.tr\/index.php\/wp-json\/wp\/v2\/media?parent=780747"}],"wp:term":[{"taxonomy":"product_brand","embeddable":true,"href":"https:\/\/roveyayinevi.com.tr\/index.php\/wp-json\/wp\/v2\/product_brand?post=780747"},{"taxonomy":"product_cat","embeddable":true,"href":"https:\/\/roveyayinevi.com.tr\/index.php\/wp-json\/wp\/v2\/product_cat?post=780747"},{"taxonomy":"product_tag","embeddable":true,"href":"https:\/\/roveyayinevi.com.tr\/index.php\/wp-json\/wp\/v2\/product_tag?post=780747"}],"curies":[{"name":"wp","href":"https:\/\/api.w.org\/{rel}","templated":true}]}}