{"id":780746,"date":"2026-01-20T04:19:06","date_gmt":"2026-01-20T01:19:06","guid":{"rendered":"https:\/\/roveyayinevi.com.tr\/index.php\/urun\/sifa-2\/"},"modified":"2026-04-15T03:44:52","modified_gmt":"2026-04-15T00:44:52","slug":"sifa-2","status":"publish","type":"product","link":"https:\/\/roveyayinevi.com.tr\/index.php\/urun\/sifa-2\/","title":{"rendered":"\u015eifa"},"content":{"rendered":"<p>Hasta olmadan \u00f6nce ruhunuzu, sonra da duygudan kaynakl\u0131 olas\u0131 hastal\u0131klar\u0131 hi\u00e7 olmadan \u00f6nlemek m\u00fcmk\u00fcn. Bunu bilmek insanl\u0131k i\u00e7in b\u00fcy\u00fck bir m\u00fcjdedir! Her \u015fey i\u00e7in ge\u00e7 olmadan, ger\u00e7ek \u015fifay\u0131 kalbinizde hissedin.Bu yolculukta duygularla hastal\u0131klar\u0131n, ruh-beden-zihin \u00fc\u00e7geninin birbiriyle muhte\u015fem ba\u011f\u0131na \u015fahit olaca\u011f\u0131z. Duygular\u0131n k\u00f6t\u00fc etkileri fark edilmedi\u011finde nas\u0131l hastal\u0131\u011fa d\u00f6n\u00fc\u015ft\u00fc\u011f\u00fcyle y\u00fczle\u015fmek sizin i\u00e7in ilk ad\u0131m. Esas \u015fa\u015fk\u0131nl\u0131k bilim diye an\u0131lan bir\u00e7ok \u015fifan\u0131n nas\u0131l da bu d\u00fc\u015fman\u0131 bilerek g\u00f6rmezden geldi\u011fine tan\u0131kl\u0131k edince ba\u015flayacak. \u00c7\u00fcnk\u00fc beslenmenin de duygusal sebeplerin de \u015fifa kaynaklar\u0131nda bilin\u00e7li eller ile yok say\u0131ld\u0131\u011f\u0131n\u0131n \u00e7arp\u0131c\u0131l\u0131\u011f\u0131belki de umuda bak\u0131\u015f\u0131n\u0131z\u0131 bile de\u011fi\u015ftirecek.\u015eifan\u0131n duygusal izlerinde o kadar ileri gidece\u011fiz ki, b\u0131rak\u0131n anne karn\u0131ndaki hayat\u0131m\u0131z\u0131n g\u00fcn\u00fcm\u00fcze uzanan etkilerini, atalar\u0131m\u0131za uzanan aktar\u0131m \u00f6yk\u00fclerini de ele alaca\u011f\u0131z.  \u0130nan\u00e7 ve sevgi gibi g\u00f6zle g\u00f6r\u00fclmeyen amainsan hayat\u0131n\u0131 \u00f6telere ta\u015f\u0131yan bir mucizenin \u015fifan\u0131n i\u00e7indeki \u015fahaneetkilerine de tan\u0131k olal\u0131m. Hasta olduktan sonra de\u011fil, hasta olmadan \u00f6nce al\u0131yoruz \u00f6nlemimizi. \u0130yile\u015fmek, daha da \u00f6nemlisi hastal\u0131k bizi bulmadan harekete ge\u00e7mek i\u00e7inkendi de\u011fi\u015fimimizi sa\u011flayabiliriz. Bu de\u011fi\u015fim i\u00e7in \u00f6n\u00fcm\u00fczde hi\u00e7bir engel yok. Tabii kendi direncimizi saymazsak\u2026Bu kitapla hastal\u0131klar ile duygusal sebepleri aras\u0131ndaki ba\u011f\u0131 ortaya koyarken hem dolayl\u0131 bir \u015fifa hem de  \u201cher \u015fey i\u00e7in ge\u00e7 olmadan\u201d yapabileceklerimizin pe\u015fine d\u00fc\u015f\u00fcyoruz.<\/p>\n","protected":false},"excerpt":{"rendered":"<p>Hasta olmadan \u00f6nce ruhunuzu, sonra da duygudan kaynakl\u0131 olas\u0131 hastal\u0131klar\u0131 hi\u00e7 olmadan \u00f6nlemek m\u00fcmk\u00fcn. Bunu bilmek insanl\u0131k i\u00e7in b\u00fcy\u00fck bir m\u00fcjdedir! Her \u015fey i\u00e7in ge\u00e7 olmadan,<span class=\"excerpt-hellip\"> [\u2026]<\/span><\/p>\n","protected":false},"featured_media":0,"template":"","meta":{"_monsterinsights_skip_tracking":false,"_monsterinsights_sitenote_active":false,"_monsterinsights_sitenote_note":"","_monsterinsights_sitenote_category":0},"product_brand":[],"product_cat":[12357],"product_tag":[],"class_list":{"0":"post-780746","1":"product","2":"type-product","3":"status-publish","5":"product_cat-psikoloji","6":"pa_cilt-ciltsiz","7":"pa_tur-kitap","8":"pa_yayinevi-destek-yayinlari","9":"pa_yazar-zeynep-dizmen-eray-haciosmanoglu","11":"first","12":"instock","13":"sale","14":"shipping-taxable","15":"purchasable","16":"product-type-simple"},"_links":{"self":[{"href":"https:\/\/roveyayinevi.com.tr\/index.php\/wp-json\/wp\/v2\/product\/780746","targetHints":{"allow":["GET"]}}],"collection":[{"href":"https:\/\/roveyayinevi.com.tr\/index.php\/wp-json\/wp\/v2\/product"}],"about":[{"href":"https:\/\/roveyayinevi.com.tr\/index.php\/wp-json\/wp\/v2\/types\/product"}],"wp:attachment":[{"href":"https:\/\/roveyayinevi.com.tr\/index.php\/wp-json\/wp\/v2\/media?parent=780746"}],"wp:term":[{"taxonomy":"product_brand","embeddable":true,"href":"https:\/\/roveyayinevi.com.tr\/index.php\/wp-json\/wp\/v2\/product_brand?post=780746"},{"taxonomy":"product_cat","embeddable":true,"href":"https:\/\/roveyayinevi.com.tr\/index.php\/wp-json\/wp\/v2\/product_cat?post=780746"},{"taxonomy":"product_tag","embeddable":true,"href":"https:\/\/roveyayinevi.com.tr\/index.php\/wp-json\/wp\/v2\/product_tag?post=780746"}],"curies":[{"name":"wp","href":"https:\/\/api.w.org\/{rel}","templated":true}]}}