{"id":780745,"date":"2026-01-20T04:19:04","date_gmt":"2026-01-20T01:19:04","guid":{"rendered":"https:\/\/roveyayinevi.com.tr\/index.php\/urun\/umudun-ta-kendisi\/"},"modified":"2026-04-15T03:44:52","modified_gmt":"2026-04-15T00:44:52","slug":"umudun-ta-kendisi","status":"publish","type":"product","link":"https:\/\/roveyayinevi.com.tr\/index.php\/urun\/umudun-ta-kendisi\/","title":{"rendered":"Umudun Ta Kendisi"},"content":{"rendered":"<p>Bu kitapla ger\u00e7ek terapi y\u00f6ntemlerini de\u011fersizle\u015ftirmeye veya ortadan kald\u0131rmaya \u00e7al\u0131\u015fm\u0131yoruz. Tam aksine b\u00fct\u00fcn travmatik \u00f6r\u00fcnt\u00fcleri ve psikanaliz bilimini d\u00fcnyan\u0131n en g\u00fc\u00e7l\u00fc ve en ger\u00e7ek\u00e7i \u015fifa kayna\u011f\u0131 olan Allah\u2019\u0131n yasalar\u0131 ile bulu\u015fturuyoruz. Bu sayede d\u00fcnyada ilk defa en a\u011f\u0131r psikolojik problemlere, \u015fimdiye kadar e\u015fi benzeri g\u00f6r\u00fclmemi\u015f ger\u00e7ek \u00e7\u00f6z\u00fcmler sunuyoruz. \u00dcstelik bunu yaparken psikanalizin en derin disiplinlerini ve psikoterapinin en keskin y\u00f6ntemlerini ayetler ile birle\u015ftiriyoruz. Bu \u00e7al\u0131\u015fma bu alanda bir ilk olmas\u0131 sebebiyle ucu a\u00e7\u0131k bir ba\u015flang\u0131\u00e7t\u0131r.Terapi \u00f6l\u00fcm\u00fc ka\u00e7\u0131n\u0131lmaz bir ger\u00e7ek olarak kabul etmeni sa\u011flar ama onun anlam\u0131n\u0131, hikmetini, d\u00f6n\u00fc\u015f\u00fcm g\u00fcc\u00fcn\u00fc, ahiretle ba\u011f\u0131n\u0131 ve sevdiklerinle yeniden kavu\u015fma ihtimalini merkezine almaz. Ayetler ise zihnindeki umut evrenini geni\u015fletir ve yeniden kavu\u015fma ihtimalini g\u00f6zler \u00f6n\u00fcne koyar. K\u00e2inat\u0131n yasalar\u0131nda veda yoktur, halden hale ge\u00e7i\u015f vard\u0131r.Modern terapi bireye \u201cKendin i\u00e7in sava\u015f, g\u00fc\u00e7 sende, kendine y\u00f6nel, kendini ger\u00e7ekle\u015ftir, iyile\u015febilirsin!\u201d mesaj\u0131n\u0131 verir. Kuran ise senin g\u00fcc\u00fcn\u00fcn \u00f6tesinde bir kudretin daima seninle oldu\u011funu hat\u0131rlat\u0131r. Terapi umut \u00fcretir. Kuran ise umut ile kaderi ba\u011flar ve o umudu sonsuzla\u015ft\u0131r\u0131r.\u0130nsan\u0131n en b\u00fcy\u00fck yaralar\u0131nda bu fark belirleyicidir. Psikoloji bilimi insan\u0131 anlamada \u015fahane sonu\u00e7lar sunar. Ancak evrenin \u00f6tesine ta\u015fan bu en \u00f6nemli bo\u015flu\u011fu en g\u00fczel Allah\u2019\u0131n yasalar\u0131 doldurur.\u00c7\u00f6z\u00fcme dair hi\u00e7bir disiplin Kuran\u2019\u0131n yasalar\u0131 ile k\u0131yas edilemez.\u0130yile\u015ftirme y\u00f6ntemleri \u00e7ok b\u00fcy\u00fck oranda askeri sald\u0131r\u0131lar ve toplumu \u00e7\u00f6kertecek planl\u0131 i\u00e7erikler ile doludur. Allah\u2019\u0131n yasalar\u0131 da bu y\u00fczden planl\u0131 olarak hi\u00e7bir alana dahil edilmemi\u015ftir. G\u00f6lge b\u00f6yle bir \u015feydir.\u0130\u015fte biz bu \u00e7al\u0131\u015fma ile o en derin bo\u015flu\u011fu umuda geri kazand\u0131r\u0131yoruz.<\/p>\n","protected":false},"excerpt":{"rendered":"<p>Bu kitapla ger\u00e7ek terapi y\u00f6ntemlerini de\u011fersizle\u015ftirmeye veya ortadan kald\u0131rmaya \u00e7al\u0131\u015fm\u0131yoruz. Tam aksine b\u00fct\u00fcn travmatik \u00f6r\u00fcnt\u00fcleri ve psikanaliz bilimini d\u00fcnyan\u0131n en g\u00fc\u00e7l\u00fc ve en ger\u00e7ek\u00e7i \u015fifa kayna\u011f\u0131<span class=\"excerpt-hellip\"> [\u2026]<\/span><\/p>\n","protected":false},"featured_media":0,"template":"","meta":{"_monsterinsights_skip_tracking":false,"_monsterinsights_sitenote_active":false,"_monsterinsights_sitenote_note":"","_monsterinsights_sitenote_category":0},"product_brand":[],"product_cat":[12358,12357],"product_tag":[],"class_list":{"0":"post-780745","1":"product","2":"type-product","3":"status-publish","5":"product_cat-genel-psikoloji","6":"product_cat-psikoloji","7":"pa_cilt-ciltsiz","8":"pa_tur-kitap","9":"pa_yayinevi-destek-yayinlari","10":"pa_yazar-eray-haciosmanoglu","12":"first","13":"instock","14":"sale","15":"shipping-taxable","16":"purchasable","17":"product-type-simple"},"_links":{"self":[{"href":"https:\/\/roveyayinevi.com.tr\/index.php\/wp-json\/wp\/v2\/product\/780745","targetHints":{"allow":["GET"]}}],"collection":[{"href":"https:\/\/roveyayinevi.com.tr\/index.php\/wp-json\/wp\/v2\/product"}],"about":[{"href":"https:\/\/roveyayinevi.com.tr\/index.php\/wp-json\/wp\/v2\/types\/product"}],"wp:attachment":[{"href":"https:\/\/roveyayinevi.com.tr\/index.php\/wp-json\/wp\/v2\/media?parent=780745"}],"wp:term":[{"taxonomy":"product_brand","embeddable":true,"href":"https:\/\/roveyayinevi.com.tr\/index.php\/wp-json\/wp\/v2\/product_brand?post=780745"},{"taxonomy":"product_cat","embeddable":true,"href":"https:\/\/roveyayinevi.com.tr\/index.php\/wp-json\/wp\/v2\/product_cat?post=780745"},{"taxonomy":"product_tag","embeddable":true,"href":"https:\/\/roveyayinevi.com.tr\/index.php\/wp-json\/wp\/v2\/product_tag?post=780745"}],"curies":[{"name":"wp","href":"https:\/\/api.w.org\/{rel}","templated":true}]}}