{"id":780744,"date":"2026-01-20T04:19:02","date_gmt":"2026-01-20T01:19:02","guid":{"rendered":"https:\/\/roveyayinevi.com.tr\/index.php\/urun\/gunes-uyandi-2\/"},"modified":"2026-04-15T03:44:52","modified_gmt":"2026-04-15T00:44:52","slug":"gunes-uyandi-2","status":"publish","type":"product","link":"https:\/\/roveyayinevi.com.tr\/index.php\/urun\/gunes-uyandi-2\/","title":{"rendered":"G\u00fcne\u015f Uyand\u0131"},"content":{"rendered":"<p>Filistin ile beliren bir i\u015fgalin, zincirlerini s\u00f6k\u00fcp atabilecek bir \u201ctutsak ressam\u201d hik\u00e2yesi\u201cDede biliyor musun, Filistinli bir k\u0131z \u00e7ocu\u011funun bayra\u011f\u0131yla \u00f6zg\u00fcrce ko\u015ftu\u011fu bir resim \u00e7izmek istiyorum. \u0130\u015fgal edildikten sonra par\u00e7alara ayr\u0131lan vatan\u0131m\u0131zdan kopan bir par\u00e7ad\u0131r Filistin. \u00d6l\u00fcm ile erken ya\u015fta tan\u0131\u015fan \u00e7ocuklar\u0131n hik\u00e2yesi\u2026 \u00d6zg\u00fcr oldu\u011fumuzu g\u00f6rece\u011fimiz g\u00fcnlerin temsili bir resmi.  Nas\u0131l fikir?\u201dVe \u201cG\u00d6LGE\u201d, Asya\u2019n\u0131n niyetini fark etmi\u015fti&#8230;K\u00f6le, kurtar\u0131lmay\u0131 bekleyen ki\u015fiyse Ak\u0131nc\u0131lar g\u00f6reve!<\/p>\n","protected":false},"excerpt":{"rendered":"<p>Filistin ile beliren bir i\u015fgalin, zincirlerini s\u00f6k\u00fcp atabilecek bir \u201ctutsak ressam\u201d hik\u00e2yesi\u201cDede biliyor musun, Filistinli bir k\u0131z \u00e7ocu\u011funun bayra\u011f\u0131yla \u00f6zg\u00fcrce ko\u015ftu\u011fu bir resim \u00e7izmek istiyorum. \u0130\u015fgal<span class=\"excerpt-hellip\"> [\u2026]<\/span><\/p>\n","protected":false},"featured_media":0,"template":"","meta":{"_monsterinsights_skip_tracking":false,"_monsterinsights_sitenote_active":false,"_monsterinsights_sitenote_note":"","_monsterinsights_sitenote_category":0},"product_brand":[],"product_cat":[12274,12284],"product_tag":[],"class_list":{"0":"post-780744","1":"product","2":"type-product","3":"status-publish","5":"product_cat-cocuk-ve-genclik-kitaplari","6":"product_cat-hikayeler","7":"pa_cilt-ciltsiz","8":"pa_tur-kitap","9":"pa_yayinevi-destek-yayinlari","10":"pa_yazar-eray-haciosmanoglu","12":"first","13":"instock","14":"sale","15":"shipping-taxable","16":"purchasable","17":"product-type-simple"},"_links":{"self":[{"href":"https:\/\/roveyayinevi.com.tr\/index.php\/wp-json\/wp\/v2\/product\/780744","targetHints":{"allow":["GET"]}}],"collection":[{"href":"https:\/\/roveyayinevi.com.tr\/index.php\/wp-json\/wp\/v2\/product"}],"about":[{"href":"https:\/\/roveyayinevi.com.tr\/index.php\/wp-json\/wp\/v2\/types\/product"}],"wp:attachment":[{"href":"https:\/\/roveyayinevi.com.tr\/index.php\/wp-json\/wp\/v2\/media?parent=780744"}],"wp:term":[{"taxonomy":"product_brand","embeddable":true,"href":"https:\/\/roveyayinevi.com.tr\/index.php\/wp-json\/wp\/v2\/product_brand?post=780744"},{"taxonomy":"product_cat","embeddable":true,"href":"https:\/\/roveyayinevi.com.tr\/index.php\/wp-json\/wp\/v2\/product_cat?post=780744"},{"taxonomy":"product_tag","embeddable":true,"href":"https:\/\/roveyayinevi.com.tr\/index.php\/wp-json\/wp\/v2\/product_tag?post=780744"}],"curies":[{"name":"wp","href":"https:\/\/api.w.org\/{rel}","templated":true}]}}