{"id":780743,"date":"2026-01-20T04:19:00","date_gmt":"2026-01-20T01:19:00","guid":{"rendered":"https:\/\/roveyayinevi.com.tr\/index.php\/urun\/golge-6\/"},"modified":"2026-04-15T03:44:52","modified_gmt":"2026-04-15T00:44:52","slug":"golge-6","status":"publish","type":"product","link":"https:\/\/roveyayinevi.com.tr\/index.php\/urun\/golge-6\/","title":{"rendered":"G\u00f6lge"},"content":{"rendered":"<p>Ha\u00e7l\u0131lar Yeni Roma olarak geri d\u00f6n\u00fcyor! Hem de yerli ve milli g\u00f6r\u00fcnen maske ile.   \u0130nsanlar inand\u0131klar\u0131 \u015feylerin nedenine de\u011fil, onlara neden inand\u0131r\u0131ld\u0131klar\u0131na bakmad\u0131k\u00e7a d\u00fc\u015fman askeri olmaktan kurtulamazlar. Bu da onlar\u0131 kullan\u0131\u015fl\u0131 aparatlar ya da d\u00fc\u015f\u00fcnmeyen ter\u00f6ristler yapar. Totaliter bir matrixin i\u00e7inde oldu\u011funu anlamayan insan her yerde mevcut olan ve bir merkezden y\u00f6netilen G\u00f6lge\u2019yi ilk bak\u0131\u015fta alg\u0131layamazd\u0131 ancak i\u015fler de\u011fi\u015fti. Y\u00fcz y\u0131ld\u0131r var olan bir i\u015fgali saklayan s\u0131r perdesi yerle bir oldu. Zafer ve ihanet ayn\u0131 \u00e7\u0131kt\u0131. Kud\u00fcs\u2019ten \u0130stanbul\u2019a uzanan bir i\u015fgalin ayn\u0131l\u0131\u011f\u0131 netle\u015fti. Toprak sava\u015flar\u0131 bitti. \u015eimdi hedef sensin! \u0130nsanl\u0131k tarihinde \u00e7ok ac\u0131mas\u0131z yalanlar g\u00f6r\u00fcld\u00fc. Ancak insana ve onuruna bundan daha a\u015fa\u011f\u0131l\u0131k bir sald\u0131r\u0131 g\u00f6r\u00fclmedi. Yalan\u0131n askerile\u015fip herkesi bir ter\u00f6rist gibi kulland\u0131\u011f\u0131 bu \u201ckaranl\u0131k sava\u015f\u201d bilenler taraf\u0131ndan bile sakland\u0131. Bizleri, vatan\u0131 ve insanl\u0131\u011f\u0131 bekleyen daha b\u00fcy\u00fck par\u00e7alanmalar yoldayken \u201ckoruyan\u0131 ve sald\u0131ran\u0131 ayn\u0131\u201d kap\u0131ya \u00e7\u0131karan G\u00f6lge\u2019nin maskesi yerle bir oldu. Bili\u015fsel sava\u015f rakibe kar\u015f\u0131 avantaj elde etmek, insan\u0131 etkisiz hale getirmek, haberi olmadan plana g\u00f6re davrand\u0131rmak ve hatta yok etmek i\u00e7in beyin bilimlerinin silahland\u0131r\u0131ld\u0131\u011f\u0131 en karanl\u0131k aland\u0131r. T\u00fcm belalar\u0131n en \u00f6nemli kararg\u00e2h\u0131 ile tan\u0131\u015f\u0131n! G\u00f6zle g\u00f6r\u00fclen bu par\u00e7alanma, g\u00fcc\u00fc eline ge\u00e7irdi\u011fini sananlar\u0131n halk\u0131n \u00fczerinde oynad\u0131\u011f\u0131 \u00f6l\u00fcmc\u00fcl bir oyundan ba\u015fka bir \u015fey de\u011fildir. Biz asl\u0131nda neyin i\u00e7indeyiz? S\u0131rada ne var? G\u00fcne\u015f hepimiz i\u00e7in uyan\u0131yor!   <\/p>\n","protected":false},"excerpt":{"rendered":"<p>Ha\u00e7l\u0131lar Yeni Roma olarak geri d\u00f6n\u00fcyor! Hem de yerli ve milli g\u00f6r\u00fcnen maske ile. \u0130nsanlar inand\u0131klar\u0131 \u015feylerin nedenine de\u011fil, onlara neden inand\u0131r\u0131ld\u0131klar\u0131na bakmad\u0131k\u00e7a d\u00fc\u015fman askeri olmaktan<span class=\"excerpt-hellip\"> [\u2026]<\/span><\/p>\n","protected":false},"featured_media":0,"template":"","meta":{"_monsterinsights_skip_tracking":false,"_monsterinsights_sitenote_active":false,"_monsterinsights_sitenote_note":"","_monsterinsights_sitenote_category":0},"product_brand":[],"product_cat":[13590,12337],"product_tag":[],"class_list":{"0":"post-780743","1":"product","2":"type-product","3":"status-publish","5":"product_cat-arastirma-inceleme-politika-siyaset","6":"product_cat-politika-siyaset","7":"pa_cilt-ciltsiz","8":"pa_tur-kitap","9":"pa_yayinevi-destek-yayinlari","10":"pa_yazar-eray-haciosmanoglu","12":"first","13":"instock","14":"sale","15":"shipping-taxable","16":"purchasable","17":"product-type-simple"},"_links":{"self":[{"href":"https:\/\/roveyayinevi.com.tr\/index.php\/wp-json\/wp\/v2\/product\/780743","targetHints":{"allow":["GET"]}}],"collection":[{"href":"https:\/\/roveyayinevi.com.tr\/index.php\/wp-json\/wp\/v2\/product"}],"about":[{"href":"https:\/\/roveyayinevi.com.tr\/index.php\/wp-json\/wp\/v2\/types\/product"}],"wp:attachment":[{"href":"https:\/\/roveyayinevi.com.tr\/index.php\/wp-json\/wp\/v2\/media?parent=780743"}],"wp:term":[{"taxonomy":"product_brand","embeddable":true,"href":"https:\/\/roveyayinevi.com.tr\/index.php\/wp-json\/wp\/v2\/product_brand?post=780743"},{"taxonomy":"product_cat","embeddable":true,"href":"https:\/\/roveyayinevi.com.tr\/index.php\/wp-json\/wp\/v2\/product_cat?post=780743"},{"taxonomy":"product_tag","embeddable":true,"href":"https:\/\/roveyayinevi.com.tr\/index.php\/wp-json\/wp\/v2\/product_tag?post=780743"}],"curies":[{"name":"wp","href":"https:\/\/api.w.org\/{rel}","templated":true}]}}