{"id":780742,"date":"2026-01-20T04:18:59","date_gmt":"2026-01-20T01:18:59","guid":{"rendered":"https:\/\/roveyayinevi.com.tr\/index.php\/urun\/isilda-curet-et-gulumse\/"},"modified":"2026-04-08T03:41:40","modified_gmt":"2026-04-08T00:41:40","slug":"isilda-curet-et-gulumse","status":"publish","type":"product","link":"https:\/\/roveyayinevi.com.tr\/index.php\/urun\/isilda-curet-et-gulumse\/","title":{"rendered":"I\u015f\u0131lda, C\u00fcret Et, G\u00fcl\u00fcmse"},"content":{"rendered":"<p>Beklemesini bilen, \u0131\u015f\u0131\u011fa mutlaka kavu\u015fur.   \u201cZaman \u00e7ok ac\u0131mas\u0131z bir \u00f6\u011fretmen. \u00d6nce s\u0131nav yap\u0131yor, sonra dersi veriyor. Sen de \u00f6\u011freneceksin. Kendini, insanlar\u0131, kaybetmeyi bile hatta\u2026 Baz\u0131 insanlar hayat\u0131nda sadece gitmeyi \u00f6\u011fretmek i\u00e7in vard\u0131r, baz\u0131lar\u0131ysa kalmay\u0131.\u201d   \u201cHer \u015feyin bir zaman\u0131 var. Zorlayarak hi\u00e7bir kap\u0131n\u0131n a\u00e7\u0131lmas\u0131n\u0131 isteme, a\u00e7\u0131lm\u0131yorsa o kap\u0131n\u0131n ard\u0131ndaki \u015fey senin de\u011fildir. Zaman bazen ge\u00e7mi\u015f gibi g\u00f6r\u00fcn\u00fcr ama hi\u00e7bir \u015fey sebepsiz olmaz. Oldurmaya \u00e7al\u0131\u015fma, oluruna b\u0131rak.\u201d   Her \u015fey gelip ge\u00e7ici olsa da insan ya\u015farken kimi zaman ac\u0131 \u00e7eker, kimi zaman \u00e7\u0131lg\u0131nca \u00e2\u015f\u0131k olur, kimi zaman ili\u015fkilerden yara al\u0131r. Bazen durum \u00e7ok \u00fcmitsiz g\u00f6r\u00fcnse de g\u00fcne\u015f hi\u00e7 ald\u0131rmadan her sabah yeniden do\u011far. Beklemesini bilen, \u0131\u015f\u0131\u011fa mutlaka kavu\u015fur.   Hayat\u0131n i\u00e7inde kalmak, bazen \u00e7aba g\u00f6stermek bazen de olan\u0131 kabullenmek, asl\u0131nda huzurlu bir ya\u015fam\u0131n anahtar\u0131d\u0131r.   Ali Bayam, I\u015f\u0131lda, C\u00fcret Et, G\u00fcl\u00fcmse ile hayata kar\u015f\u0131 cesur olman\u0131n \u00f6nemini anlat\u0131rken, her \u015feyin ge\u00e7ici oldu\u011funu unutmay\u0131p g\u00fcl\u00fcmsemenin ve sonu\u00e7ta kendine g\u00fcvenli, mutlu, huzurlu bir \u015fekilde \u0131\u015f\u0131ldaman\u0131n yolunu g\u00f6steriyor. <\/p>\n","protected":false},"excerpt":{"rendered":"<p>Beklemesini bilen, \u0131\u015f\u0131\u011fa mutlaka kavu\u015fur. \u201cZaman \u00e7ok ac\u0131mas\u0131z bir \u00f6\u011fretmen. \u00d6nce s\u0131nav yap\u0131yor, sonra dersi veriyor. Sen de \u00f6\u011freneceksin. Kendini, insanlar\u0131, kaybetmeyi bile hatta\u2026 Baz\u0131 insanlar<span class=\"excerpt-hellip\"> [\u2026]<\/span><\/p>\n","protected":false},"featured_media":0,"template":"","meta":{"_monsterinsights_skip_tracking":false,"_monsterinsights_sitenote_active":false,"_monsterinsights_sitenote_note":"","_monsterinsights_sitenote_category":0},"product_brand":[],"product_cat":[12364,12376],"product_tag":[],"class_list":{"0":"post-780742","1":"product","2":"type-product","3":"status-publish","5":"product_cat-genel-konular","6":"product_cat-kisisel-gelisim","7":"pa_cilt-ciltsiz","8":"pa_tur-kitap","9":"pa_yayinevi-destek-yayinlari","10":"pa_yazar-ali-bayam","12":"first","13":"instock","14":"sale","15":"shipping-taxable","16":"purchasable","17":"product-type-simple"},"_links":{"self":[{"href":"https:\/\/roveyayinevi.com.tr\/index.php\/wp-json\/wp\/v2\/product\/780742","targetHints":{"allow":["GET"]}}],"collection":[{"href":"https:\/\/roveyayinevi.com.tr\/index.php\/wp-json\/wp\/v2\/product"}],"about":[{"href":"https:\/\/roveyayinevi.com.tr\/index.php\/wp-json\/wp\/v2\/types\/product"}],"wp:attachment":[{"href":"https:\/\/roveyayinevi.com.tr\/index.php\/wp-json\/wp\/v2\/media?parent=780742"}],"wp:term":[{"taxonomy":"product_brand","embeddable":true,"href":"https:\/\/roveyayinevi.com.tr\/index.php\/wp-json\/wp\/v2\/product_brand?post=780742"},{"taxonomy":"product_cat","embeddable":true,"href":"https:\/\/roveyayinevi.com.tr\/index.php\/wp-json\/wp\/v2\/product_cat?post=780742"},{"taxonomy":"product_tag","embeddable":true,"href":"https:\/\/roveyayinevi.com.tr\/index.php\/wp-json\/wp\/v2\/product_tag?post=780742"}],"curies":[{"name":"wp","href":"https:\/\/api.w.org\/{rel}","templated":true}]}}