{"id":780741,"date":"2026-01-20T04:18:57","date_gmt":"2026-01-20T01:18:57","guid":{"rendered":"https:\/\/roveyayinevi.com.tr\/index.php\/urun\/osmanliyi-yucelten-nedenler\/"},"modified":"2026-04-15T03:44:52","modified_gmt":"2026-04-15T00:44:52","slug":"osmanliyi-yucelten-nedenler","status":"publish","type":"product","link":"https:\/\/roveyayinevi.com.tr\/index.php\/urun\/osmanliyi-yucelten-nedenler\/","title":{"rendered":"Osmanl\u0131y\u0131 Y\u00fccelten Nedenler"},"content":{"rendered":"<p>Y\u00fckseli\u015f d\u00f6neminin ehil y\u00f6neticileri: &#8220;Birey olmadan toplum,&#8221; &#8220;toplum olmadan ulus&#8221; ve &#8221; ulus olmadan da devlet olamayaca\u011f\u0131n\u0131&#8221; alg\u0131lad\u0131klar\u0131 i\u00e7in y\u00f6netim yap\u0131s\u0131n\u0131n: Temelinin insana, \u00c7at\u0131s\u0131n\u0131 adalete dayand\u0131rm\u0131\u015f, Devaml\u0131l\u0131\u011f\u0131 i\u00e7in devletin maddi-manevi g\u00fcc\u00fcn\u00fcn de \u00f6ncelikle \u00fclkenin bekas\u0131 ve ulusunun g\u00fcvenli\u011fi i\u00e7in kullan\u0131lm\u0131\u015ft\u0131r. Y\u00fckseli\u015f d\u00f6neminin yap\u0131lanmas\u0131 tek bir nedene de\u011fil nedenlere zincirine ba\u011fl\u0131 olmu\u015ftur. <\/p>\n","protected":false},"excerpt":{"rendered":"<p>Y\u00fckseli\u015f d\u00f6neminin ehil y\u00f6neticileri: &#8220;Birey olmadan toplum,&#8221; &#8220;toplum olmadan ulus&#8221; ve &#8221; ulus olmadan da devlet olamayaca\u011f\u0131n\u0131&#8221; alg\u0131lad\u0131klar\u0131 i\u00e7in y\u00f6netim yap\u0131s\u0131n\u0131n: Temelinin insana, \u00c7at\u0131s\u0131n\u0131 adalete dayand\u0131rm\u0131\u015f,<span class=\"excerpt-hellip\"> [\u2026]<\/span><\/p>\n","protected":false},"featured_media":0,"template":"","meta":{"_monsterinsights_skip_tracking":false,"_monsterinsights_sitenote_active":false,"_monsterinsights_sitenote_note":"","_monsterinsights_sitenote_category":0},"product_brand":[],"product_cat":[12337],"product_tag":[],"class_list":{"0":"post-780741","1":"product","2":"type-product","3":"status-publish","5":"product_cat-politika-siyaset","6":"pa_cilt-ciltsiz","7":"pa_tur-kitap","8":"pa_yayinevi-soncag-akademik-kitaplar","9":"pa_yazar-korkmaz-tagma","11":"first","12":"instock","13":"sale","14":"shipping-taxable","15":"purchasable","16":"product-type-simple"},"_links":{"self":[{"href":"https:\/\/roveyayinevi.com.tr\/index.php\/wp-json\/wp\/v2\/product\/780741","targetHints":{"allow":["GET"]}}],"collection":[{"href":"https:\/\/roveyayinevi.com.tr\/index.php\/wp-json\/wp\/v2\/product"}],"about":[{"href":"https:\/\/roveyayinevi.com.tr\/index.php\/wp-json\/wp\/v2\/types\/product"}],"wp:attachment":[{"href":"https:\/\/roveyayinevi.com.tr\/index.php\/wp-json\/wp\/v2\/media?parent=780741"}],"wp:term":[{"taxonomy":"product_brand","embeddable":true,"href":"https:\/\/roveyayinevi.com.tr\/index.php\/wp-json\/wp\/v2\/product_brand?post=780741"},{"taxonomy":"product_cat","embeddable":true,"href":"https:\/\/roveyayinevi.com.tr\/index.php\/wp-json\/wp\/v2\/product_cat?post=780741"},{"taxonomy":"product_tag","embeddable":true,"href":"https:\/\/roveyayinevi.com.tr\/index.php\/wp-json\/wp\/v2\/product_tag?post=780741"}],"curies":[{"name":"wp","href":"https:\/\/api.w.org\/{rel}","templated":true}]}}