{"id":780739,"date":"2026-01-20T04:18:53","date_gmt":"2026-01-20T01:18:53","guid":{"rendered":"https:\/\/roveyayinevi.com.tr\/index.php\/urun\/mucit-gizmo\/"},"modified":"2026-04-03T03:36:16","modified_gmt":"2026-04-03T00:36:16","slug":"mucit-gizmo","status":"publish","type":"product","link":"https:\/\/roveyayinevi.com.tr\/index.php\/urun\/mucit-gizmo\/","title":{"rendered":"Mucit Gizmo"},"content":{"rendered":"<p>\u2026ve \u00e7o\u011fu zaman bozulur. Mucit Gizmo, yaral\u0131 bir kargay\u0131 kurtard\u0131\u011f\u0131nda, hayal g\u00fcc\u00fcn\u00fc sonuna kadar kullan\u0131r. Ona yeni kanatlar icat edebilir mi? Yoksa yeni arkada\u015f\u0131, u\u00e7amayan bir karga olarak m\u0131 ya\u015fayacak?<\/p>\n","protected":false},"excerpt":{"rendered":"<p>\u2026ve \u00e7o\u011fu zaman bozulur. Mucit Gizmo, yaral\u0131 bir kargay\u0131 kurtard\u0131\u011f\u0131nda, hayal g\u00fcc\u00fcn\u00fc sonuna kadar kullan\u0131r. Ona yeni kanatlar icat edebilir mi? Yoksa yeni arkada\u015f\u0131, u\u00e7amayan bir<span class=\"excerpt-hellip\"> [\u2026]<\/span><\/p>\n","protected":false},"featured_media":0,"template":"","meta":{"_monsterinsights_skip_tracking":false,"_monsterinsights_sitenote_active":false,"_monsterinsights_sitenote_note":"","_monsterinsights_sitenote_category":0},"product_brand":[],"product_cat":[12274,12284],"product_tag":[],"class_list":{"0":"post-780739","1":"product","2":"type-product","3":"status-publish","5":"product_cat-cocuk-ve-genclik-kitaplari","6":"product_cat-hikayeler","7":"pa_cilt-ciltsiz","8":"pa_tur-kitap","9":"pa_yayinevi-beta-kids","10":"pa_yazar-pip-jones","12":"first","13":"instock","14":"sale","15":"shipping-taxable","16":"purchasable","17":"product-type-simple"},"_links":{"self":[{"href":"https:\/\/roveyayinevi.com.tr\/index.php\/wp-json\/wp\/v2\/product\/780739","targetHints":{"allow":["GET"]}}],"collection":[{"href":"https:\/\/roveyayinevi.com.tr\/index.php\/wp-json\/wp\/v2\/product"}],"about":[{"href":"https:\/\/roveyayinevi.com.tr\/index.php\/wp-json\/wp\/v2\/types\/product"}],"wp:attachment":[{"href":"https:\/\/roveyayinevi.com.tr\/index.php\/wp-json\/wp\/v2\/media?parent=780739"}],"wp:term":[{"taxonomy":"product_brand","embeddable":true,"href":"https:\/\/roveyayinevi.com.tr\/index.php\/wp-json\/wp\/v2\/product_brand?post=780739"},{"taxonomy":"product_cat","embeddable":true,"href":"https:\/\/roveyayinevi.com.tr\/index.php\/wp-json\/wp\/v2\/product_cat?post=780739"},{"taxonomy":"product_tag","embeddable":true,"href":"https:\/\/roveyayinevi.com.tr\/index.php\/wp-json\/wp\/v2\/product_tag?post=780739"}],"curies":[{"name":"wp","href":"https:\/\/api.w.org\/{rel}","templated":true}]}}