{"id":780736,"date":"2026-01-20T04:18:46","date_gmt":"2026-01-20T01:18:46","guid":{"rendered":"https:\/\/roveyayinevi.com.tr\/index.php\/urun\/siradisi-yasamlariyla-matematikciler-matematik-tarihi\/"},"modified":"2026-03-12T03:42:14","modified_gmt":"2026-03-12T00:42:14","slug":"siradisi-yasamlariyla-matematikciler-matematik-tarihi","status":"publish","type":"product","link":"https:\/\/roveyayinevi.com.tr\/index.php\/urun\/siradisi-yasamlariyla-matematikciler-matematik-tarihi\/","title":{"rendered":"S\u0131rad\u0131\u015f\u0131 Ya\u015famlar\u0131yla  Matematik\u00e7iler &amp; Matematik Tarihi"},"content":{"rendered":"<p>\u0130yi bir \u00f6\u011fretmen \u00f6\u011frencilerinin onun sayesinde yava\u015f yava\u015f kendisini ge\u00e7ti\u011fini ve zaman i\u00e7inde kendisini k\u00fc\u00e7\u00fcmsemeye ba\u015flad\u0131klar\u0131n\u0131 b\u00fcy\u00fck bir gurur ve mutlulukla izleyen ki\u015fidir. \u0130nsanl\u0131k tarihi incelendi\u011finde d\u00fcnyay\u0131 bi\u00e7imlendiren \u00f6\u011fretmenlerdir. Bir kitap yazmak ise, \u00e7\u00f6le bir tohum ekmek gibidir. Bir g\u00fcn bir ya\u011fmur ya\u011far o tohumlardan bir a\u011fa\u00e7 \u00e7\u0131kar, \u00e7\u00f6lde bir g\u00f6lge olur. \u0130\u015fte b\u00f6yle uzak umutlar\u0131 ger\u00e7ek bir plan gibi g\u00f6rebilen ki\u015filerdir \u00f6\u011fretmenler. Bu kitap, \u00f6\u011fretmenlerin ders anlat\u0131m\u0131nda kullanabilece\u011fi k\u0131sa ama etkili hikayelerden olu\u015fmaktad\u0131r. \u00d6zellikle dersin 20. dakikas\u0131ndan sonra dikkati da\u011f\u0131lan \u00f6\u011frencilerin yeniden odaklanmas\u0131n\u0131 sa\u011flamak, ilgiyi tazelemek ve merak duygusunu canland\u0131rmak amac\u0131yla haz\u0131rlanm\u0131\u015ft\u0131r. Anlat\u0131lan her hikaye, \u00f6\u011frencilerin yaln\u0131zca matematiksel kavramlarla de\u011fil, ayn\u0131 zamanda bu kavramlar\u0131 ortaya koyan insanlar\u0131n ya\u015famlar\u0131yla da ba\u011f kurmalar\u0131n\u0131 hedeflemektedir. Amac\u0131m\u0131z, s\u0131n\u0131f ortam\u0131nda genel k\u00fclt\u00fcr\u00fc zenginle\u015ftiren, dersi canland\u0131ran ve matemati\u011fi insanile\u015ftiren k\u0131sa anlat\u0131larla \u00f6\u011fretim s\u00fcrecine katk\u0131da bulunmakt\u0131r.  Belki de bir \u00f6\u011frencinin ilgisini \u00e7eken bir anekdot, onun matemati\u011fe bak\u0131\u015f\u0131n\u0131 k\u00f6kten de\u011fi\u015ftirecek bir k\u0131v\u0131lc\u0131ma d\u00f6n\u00fc\u015fecektir. Umar\u0131z bu kitap, derslerinize anlam katar. \u00f6\u011frencilerinizin kalbine dokunur ve \u0131, matemati\u011fi yaln\u0131zca bir ders de\u011fil, bir ke\u015fif yolculu\u011fu olarak g\u00f6rmelerini sa\u011flar. <\/p>\n","protected":false},"excerpt":{"rendered":"<p>\u0130yi bir \u00f6\u011fretmen \u00f6\u011frencilerinin onun sayesinde yava\u015f yava\u015f kendisini ge\u00e7ti\u011fini ve zaman i\u00e7inde kendisini k\u00fc\u00e7\u00fcmsemeye ba\u015flad\u0131klar\u0131n\u0131 b\u00fcy\u00fck bir gurur ve mutlulukla izleyen ki\u015fidir. \u0130nsanl\u0131k tarihi incelendi\u011finde<span class=\"excerpt-hellip\"> [\u2026]<\/span><\/p>\n","protected":false},"featured_media":0,"template":"","meta":{"_monsterinsights_skip_tracking":false,"_monsterinsights_sitenote_active":false,"_monsterinsights_sitenote_note":"","_monsterinsights_sitenote_category":0},"product_brand":[],"product_cat":[13946,12304],"product_tag":[],"class_list":{"0":"post-780736","1":"product","2":"type-product","3":"status-publish","5":"product_cat-biyografi-otobiyografi","6":"product_cat-tarih","7":"pa_cilt-ciltsiz","8":"pa_tur-kitap","9":"pa_yayinevi-kirmizi-cati-yayinlari","10":"pa_yazar-prof-dr-hasim-cayir","12":"first","13":"instock","14":"sale","15":"shipping-taxable","16":"purchasable","17":"product-type-simple"},"_links":{"self":[{"href":"https:\/\/roveyayinevi.com.tr\/index.php\/wp-json\/wp\/v2\/product\/780736","targetHints":{"allow":["GET"]}}],"collection":[{"href":"https:\/\/roveyayinevi.com.tr\/index.php\/wp-json\/wp\/v2\/product"}],"about":[{"href":"https:\/\/roveyayinevi.com.tr\/index.php\/wp-json\/wp\/v2\/types\/product"}],"wp:attachment":[{"href":"https:\/\/roveyayinevi.com.tr\/index.php\/wp-json\/wp\/v2\/media?parent=780736"}],"wp:term":[{"taxonomy":"product_brand","embeddable":true,"href":"https:\/\/roveyayinevi.com.tr\/index.php\/wp-json\/wp\/v2\/product_brand?post=780736"},{"taxonomy":"product_cat","embeddable":true,"href":"https:\/\/roveyayinevi.com.tr\/index.php\/wp-json\/wp\/v2\/product_cat?post=780736"},{"taxonomy":"product_tag","embeddable":true,"href":"https:\/\/roveyayinevi.com.tr\/index.php\/wp-json\/wp\/v2\/product_tag?post=780736"}],"curies":[{"name":"wp","href":"https:\/\/api.w.org\/{rel}","templated":true}]}}