{"id":780735,"date":"2026-01-20T04:18:44","date_gmt":"2026-01-20T01:18:44","guid":{"rendered":"https:\/\/roveyayinevi.com.tr\/index.php\/urun\/egenin-sihirli-battaniyesi\/"},"modified":"2026-04-15T03:44:52","modified_gmt":"2026-04-15T00:44:52","slug":"egenin-sihirli-battaniyesi","status":"publish","type":"product","link":"https:\/\/roveyayinevi.com.tr\/index.php\/urun\/egenin-sihirli-battaniyesi\/","title":{"rendered":"Ege\u2019nin Sihirli Battaniyesi"},"content":{"rendered":"<p>Ege\u2019nin Sihirli Battaniyesi, hayal kurman\u0131n g\u00fcc\u00fcn\u00fc anlatan, renkli ve sevimli bir hik\u00e2ye. Ege alt\u0131 ya\u015f\u0131nda, hayallere dalmay\u0131, kitap okumay\u0131 ve oyun oynamay\u0131 \u00e7ok seven, mutlu bir \u00e7ocuk. Ama en \u00e7ok sevdi\u011fi \u015fey, babaannesinin elleriyle \u00f6rd\u00fc\u011f\u00fc sihirli battaniyesi\u2026 Bu battaniye Ege\u2019yi sadece \u0131s\u0131tmakla kalm\u0131yor; onu g\u00f6ky\u00fcz\u00fcne ta\u015f\u0131yor, hayallerinin i\u00e7ine sakl\u0131yor, bazen de maceradan maceraya s\u00fcr\u00fckl\u00fcyor.<\/p>\n","protected":false},"excerpt":{"rendered":"<p>Ege\u2019nin Sihirli Battaniyesi, hayal kurman\u0131n g\u00fcc\u00fcn\u00fc anlatan, renkli ve sevimli bir hik\u00e2ye. Ege alt\u0131 ya\u015f\u0131nda, hayallere dalmay\u0131, kitap okumay\u0131 ve oyun oynamay\u0131 \u00e7ok seven, mutlu bir<span class=\"excerpt-hellip\"> [\u2026]<\/span><\/p>\n","protected":false},"featured_media":0,"template":"","meta":{"_monsterinsights_skip_tracking":false,"_monsterinsights_sitenote_active":false,"_monsterinsights_sitenote_note":"","_monsterinsights_sitenote_category":0},"product_brand":[],"product_cat":[12274,12284],"product_tag":[],"class_list":{"0":"post-780735","1":"product","2":"type-product","3":"status-publish","5":"product_cat-cocuk-ve-genclik-kitaplari","6":"product_cat-hikayeler","7":"pa_cilt-ciltsiz","8":"pa_tur-kitap","9":"pa_yayinevi-perseus","10":"pa_yazar-merve-korkmaz","12":"first","13":"instock","14":"sale","15":"shipping-taxable","16":"purchasable","17":"product-type-simple"},"_links":{"self":[{"href":"https:\/\/roveyayinevi.com.tr\/index.php\/wp-json\/wp\/v2\/product\/780735","targetHints":{"allow":["GET"]}}],"collection":[{"href":"https:\/\/roveyayinevi.com.tr\/index.php\/wp-json\/wp\/v2\/product"}],"about":[{"href":"https:\/\/roveyayinevi.com.tr\/index.php\/wp-json\/wp\/v2\/types\/product"}],"wp:attachment":[{"href":"https:\/\/roveyayinevi.com.tr\/index.php\/wp-json\/wp\/v2\/media?parent=780735"}],"wp:term":[{"taxonomy":"product_brand","embeddable":true,"href":"https:\/\/roveyayinevi.com.tr\/index.php\/wp-json\/wp\/v2\/product_brand?post=780735"},{"taxonomy":"product_cat","embeddable":true,"href":"https:\/\/roveyayinevi.com.tr\/index.php\/wp-json\/wp\/v2\/product_cat?post=780735"},{"taxonomy":"product_tag","embeddable":true,"href":"https:\/\/roveyayinevi.com.tr\/index.php\/wp-json\/wp\/v2\/product_tag?post=780735"}],"curies":[{"name":"wp","href":"https:\/\/api.w.org\/{rel}","templated":true}]}}