{"id":780734,"date":"2026-01-20T04:18:42","date_gmt":"2026-01-20T01:18:42","guid":{"rendered":"https:\/\/roveyayinevi.com.tr\/index.php\/urun\/suleymancilar-fetonun-renklenme-merkezi\/"},"modified":"2026-04-15T03:44:52","modified_gmt":"2026-04-15T00:44:52","slug":"suleymancilar-fetonun-renklenme-merkezi","status":"publish","type":"product","link":"https:\/\/roveyayinevi.com.tr\/index.php\/urun\/suleymancilar-fetonun-renklenme-merkezi\/","title":{"rendered":"S\u00fcleymanc\u0131lar \/ FET\u00d6\u2019n\u00fcn \u201cRenklenme\u201d Merkezi"},"content":{"rendered":"<p>1990\u2019larda Fetullah\u00e7\u0131lar neredeyse bug\u00fcn de S\u00fcleymanc\u0131lar orada. Toplumda yava\u015f yava\u015f tepki olu\u015fmaya ba\u015flad\u0131 ancak siyasi ve mali destek\u00e7ileri sayesinde h\u00e2l\u00e2 sistemin par\u00e7as\u0131 olmay\u0131 s\u00fcrd\u00fcr\u00fcyorlar.Kur\u2019an \u00f6\u011fretme iddias\u0131nda olan ancak d\u00fcnya genelinde yabanc\u0131 istihbarat deste\u011fiyle \u00f6rg\u00fctlenen, b\u00fcy\u00fck \u015firketler kurarak y\u00fcz milyonlarca dolar paray\u0131 kontrol eden, siyaset-mafya-ticaret sisteminin i\u00e7inde yer alan, se\u00e7imlerde a\u00e7\u0131k\u00e7a Amerikanc\u0131 planlar\u0131n taraf\u0131nda tav\u0131r alan ve t\u00fcm bunlardan menfaat sa\u011flayan te\u015fkilatl\u0131 bir yap\u0131yla kar\u015f\u0131 kar\u015f\u0131yay\u0131z.S\u00fcleymanc\u0131lar cemaati, emperyalizmin T\u00fcrkiye\u2019deki gayrimilli, b\u00f6l\u00fcc\u00fc, teslimiyet\u00e7i iktidar planlar\u0131n\u0131n tam merkezinde yer al\u0131yor. O y\u00fczden FET\u00d6 de CHP de di\u011fer Amerikanc\u0131 siyasi merkezler de bu cephenin d\u00fc\u015fmesini istemiyorlar.Cemaatin \u00f6nceki lideri Arif Ahmet Denizolgun, 2014\u2019e kadar bu sistem sayesinde ayakta kald\u0131. 2014\u2019ten sonra sisteme ba\u015fkald\u0131rmaya ba\u015flay\u0131nca \u015f\u00fcpheli bir \u00f6l\u00fcmle hayat\u0131n\u0131 kaybetti. \u015eimdi bu sistem, t\u00fcm destek\u00e7ileriyle birlikte bunal\u0131m ya\u015f\u0131yor. Yak\u0131n gelecekte bu bunal\u0131m\u0131n sona erece\u011fi de m\u00fcmk\u00fcn g\u00f6r\u00fcnm\u00fcyor. <\/p>\n","protected":false},"excerpt":{"rendered":"<p>1990\u2019larda Fetullah\u00e7\u0131lar neredeyse bug\u00fcn de S\u00fcleymanc\u0131lar orada. Toplumda yava\u015f yava\u015f tepki olu\u015fmaya ba\u015flad\u0131 ancak siyasi ve mali destek\u00e7ileri sayesinde h\u00e2l\u00e2 sistemin par\u00e7as\u0131 olmay\u0131 s\u00fcrd\u00fcr\u00fcyorlar.Kur\u2019an \u00f6\u011fretme iddias\u0131nda<span class=\"excerpt-hellip\"> [\u2026]<\/span><\/p>\n","protected":false},"featured_media":0,"template":"","meta":{"_monsterinsights_skip_tracking":false,"_monsterinsights_sitenote_active":false,"_monsterinsights_sitenote_note":"","_monsterinsights_sitenote_category":0},"product_brand":[],"product_cat":[13590,12337],"product_tag":[],"class_list":{"0":"post-780734","1":"product","2":"type-product","3":"status-publish","5":"product_cat-arastirma-inceleme-politika-siyaset","6":"product_cat-politika-siyaset","7":"pa_cilt-ciltsiz","8":"pa_tur-kitap","9":"pa_yayinevi-kaynak-yayinlari","10":"pa_yazar-kaan-arslan","12":"first","13":"instock","14":"sale","15":"shipping-taxable","16":"purchasable","17":"product-type-simple"},"_links":{"self":[{"href":"https:\/\/roveyayinevi.com.tr\/index.php\/wp-json\/wp\/v2\/product\/780734","targetHints":{"allow":["GET"]}}],"collection":[{"href":"https:\/\/roveyayinevi.com.tr\/index.php\/wp-json\/wp\/v2\/product"}],"about":[{"href":"https:\/\/roveyayinevi.com.tr\/index.php\/wp-json\/wp\/v2\/types\/product"}],"wp:attachment":[{"href":"https:\/\/roveyayinevi.com.tr\/index.php\/wp-json\/wp\/v2\/media?parent=780734"}],"wp:term":[{"taxonomy":"product_brand","embeddable":true,"href":"https:\/\/roveyayinevi.com.tr\/index.php\/wp-json\/wp\/v2\/product_brand?post=780734"},{"taxonomy":"product_cat","embeddable":true,"href":"https:\/\/roveyayinevi.com.tr\/index.php\/wp-json\/wp\/v2\/product_cat?post=780734"},{"taxonomy":"product_tag","embeddable":true,"href":"https:\/\/roveyayinevi.com.tr\/index.php\/wp-json\/wp\/v2\/product_tag?post=780734"}],"curies":[{"name":"wp","href":"https:\/\/api.w.org\/{rel}","templated":true}]}}