{"id":780732,"date":"2026-01-20T04:18:38","date_gmt":"2026-01-20T01:18:38","guid":{"rendered":"https:\/\/roveyayinevi.com.tr\/index.php\/urun\/bolca-dikkat-daginikligi\/"},"modified":"2026-04-15T03:44:51","modified_gmt":"2026-04-15T00:44:51","slug":"bolca-dikkat-daginikligi","status":"publish","type":"product","link":"https:\/\/roveyayinevi.com.tr\/index.php\/urun\/bolca-dikkat-daginikligi\/","title":{"rendered":"Bolca Dikkat Da\u011f\u0131n\u0131kl\u0131\u011f\u0131"},"content":{"rendered":"<p>Dikkat da\u011f\u0131n\u0131kl\u0131\u011f\u0131, d\u00fc\u015f kurma, yava\u015fl\u0131k ve hatta tembellik\u2026 Modern d\u00fcnyan\u0131n ba\u015far\u0131, h\u0131z, odak ve verimlilik saplant\u0131lar\u0131 kar\u015f\u0131s\u0131nda p\u00fcr\u00fcz olarak g\u00f6r\u00fclen bu haller, derin bir felsefi d\u00fc\u015f\u00fcncenin anahtar\u0131 yahut zihinsel bir ka\u00e7\u0131\u015f olabilir mi?Modernitenin sebep oldu\u011fu rahats\u0131zl\u0131klar\u0131 ara\u015ft\u0131ran ve bu konuda bir\u00e7ok makalesi bulunan Bard College profes\u00f6r\u00fc Marina van Zuylen, dikkat da\u011f\u0131n\u0131kl\u0131\u011f\u0131n\u0131 bir sorun de\u011fil, felsefi bir d\u00fc\u015f\u00fcnme bi\u00e7imi olarak ele ald\u0131\u011f\u0131 kitab\u0131nda felsefe, edebiyat ve psikolojinin izinden giderek dikkat da\u011f\u0131n\u0131kl\u0131\u011f\u0131n\u0131 sorgulamam\u0131za f\u0131rsat tan\u0131yor. Yava\u015flama \u00e7a\u011fr\u0131s\u0131nda bulunan yazar, zihni s\u0131n\u0131rland\u0131ran yap\u0131lar kar\u015f\u0131s\u0131nda onu \u00f6zg\u00fcr b\u0131rakman\u0131n ne denli \u00f6nemli oldu\u011funu fark etmemizi sa\u011fl\u0131yor. Da\u011f\u0131lan dikkatinizin zenginli\u011fini ke\u015ffetmeye haz\u0131r olun.<\/p>\n","protected":false},"excerpt":{"rendered":"<p>Dikkat da\u011f\u0131n\u0131kl\u0131\u011f\u0131, d\u00fc\u015f kurma, yava\u015fl\u0131k ve hatta tembellik\u2026 Modern d\u00fcnyan\u0131n ba\u015far\u0131, h\u0131z, odak ve verimlilik saplant\u0131lar\u0131 kar\u015f\u0131s\u0131nda p\u00fcr\u00fcz olarak g\u00f6r\u00fclen bu haller, derin bir felsefi d\u00fc\u015f\u00fcncenin<span class=\"excerpt-hellip\"> [\u2026]<\/span><\/p>\n","protected":false},"featured_media":0,"template":"","meta":{"_monsterinsights_skip_tracking":false,"_monsterinsights_sitenote_active":false,"_monsterinsights_sitenote_note":"","_monsterinsights_sitenote_category":0},"product_brand":[],"product_cat":[12777,12291],"product_tag":[],"class_list":{"0":"post-780732","1":"product","2":"type-product","3":"status-publish","5":"product_cat-deneme","6":"product_cat-edebiyat","7":"pa_cilt-ciltsiz","8":"pa_tur-kitap","9":"pa_yayinevi-everest-yayinlari","10":"pa_yazar-marina-van-zuylen","12":"first","13":"instock","14":"sale","15":"shipping-taxable","16":"purchasable","17":"product-type-simple"},"_links":{"self":[{"href":"https:\/\/roveyayinevi.com.tr\/index.php\/wp-json\/wp\/v2\/product\/780732","targetHints":{"allow":["GET"]}}],"collection":[{"href":"https:\/\/roveyayinevi.com.tr\/index.php\/wp-json\/wp\/v2\/product"}],"about":[{"href":"https:\/\/roveyayinevi.com.tr\/index.php\/wp-json\/wp\/v2\/types\/product"}],"wp:attachment":[{"href":"https:\/\/roveyayinevi.com.tr\/index.php\/wp-json\/wp\/v2\/media?parent=780732"}],"wp:term":[{"taxonomy":"product_brand","embeddable":true,"href":"https:\/\/roveyayinevi.com.tr\/index.php\/wp-json\/wp\/v2\/product_brand?post=780732"},{"taxonomy":"product_cat","embeddable":true,"href":"https:\/\/roveyayinevi.com.tr\/index.php\/wp-json\/wp\/v2\/product_cat?post=780732"},{"taxonomy":"product_tag","embeddable":true,"href":"https:\/\/roveyayinevi.com.tr\/index.php\/wp-json\/wp\/v2\/product_tag?post=780732"}],"curies":[{"name":"wp","href":"https:\/\/api.w.org\/{rel}","templated":true}]}}