{"id":780730,"date":"2026-01-20T04:18:33","date_gmt":"2026-01-20T01:18:33","guid":{"rendered":"https:\/\/roveyayinevi.com.tr\/index.php\/urun\/firfir-galaksisi\/"},"modified":"2026-03-30T03:44:06","modified_gmt":"2026-03-30T00:44:06","slug":"firfir-galaksisi","status":"publish","type":"product","link":"https:\/\/roveyayinevi.com.tr\/index.php\/urun\/firfir-galaksisi\/","title":{"rendered":"F\u0131rf\u0131r Galaksisi"},"content":{"rendered":"<p>D\u00fcnyazinga\u2019da bir \u015feyler ters gidiyor!  Kimse ne oldu\u011funu bilmiyor ama yolunda gitmeyen bir \u015feyler var.  Topa\u00e7 ve arkada\u015flar\u0131, F\u0131rf\u0131r Galaksisi\u2019nden D\u00fcnyazinga\u2019ya do\u011fru e\u011flence dolu bir maceraya \u00e7\u0131k\u0131yor. Bu yolculukta onlara rehberlik edecek gizli bir harita da var!  Kitab\u0131n i\u00e7indeki haritay\u0131 bul, a\u00e7t\u0131\u011f\u0131nda D\u00fcnyazinga\u2019n\u0131n kocaman d\u00fcnyas\u0131n\u0131 ke\u015ffet.  Hadi, vakit kaybetme\u2026 Topa\u00e7 ve arkada\u015flar\u0131na kat\u0131l, D\u00fcnyazinga\u2019n\u0131n gizemlerini birlikte \u00e7\u00f6zelim ve e\u011flenceyi ba\u015flatal\u0131m!<\/p>\n","protected":false},"excerpt":{"rendered":"<p>D\u00fcnyazinga\u2019da bir \u015feyler ters gidiyor! Kimse ne oldu\u011funu bilmiyor ama yolunda gitmeyen bir \u015feyler var. Topa\u00e7 ve arkada\u015flar\u0131, F\u0131rf\u0131r Galaksisi\u2019nden D\u00fcnyazinga\u2019ya do\u011fru e\u011flence dolu bir maceraya<span class=\"excerpt-hellip\"> [\u2026]<\/span><\/p>\n","protected":false},"featured_media":0,"template":"","meta":{"_monsterinsights_skip_tracking":false,"_monsterinsights_sitenote_active":false,"_monsterinsights_sitenote_note":"","_monsterinsights_sitenote_category":0},"product_brand":[],"product_cat":[12274,12284],"product_tag":[],"class_list":{"0":"post-780730","1":"product","2":"type-product","3":"status-publish","5":"product_cat-cocuk-ve-genclik-kitaplari","6":"product_cat-hikayeler","7":"pa_cilt-ciltsiz","8":"pa_tur-kitap","9":"pa_yayinevi-buyulu-fener-yayinlari","10":"pa_yazar-defne-ongun-muminoglu","12":"first","13":"instock","14":"sale","15":"shipping-taxable","16":"purchasable","17":"product-type-simple"},"_links":{"self":[{"href":"https:\/\/roveyayinevi.com.tr\/index.php\/wp-json\/wp\/v2\/product\/780730","targetHints":{"allow":["GET"]}}],"collection":[{"href":"https:\/\/roveyayinevi.com.tr\/index.php\/wp-json\/wp\/v2\/product"}],"about":[{"href":"https:\/\/roveyayinevi.com.tr\/index.php\/wp-json\/wp\/v2\/types\/product"}],"wp:attachment":[{"href":"https:\/\/roveyayinevi.com.tr\/index.php\/wp-json\/wp\/v2\/media?parent=780730"}],"wp:term":[{"taxonomy":"product_brand","embeddable":true,"href":"https:\/\/roveyayinevi.com.tr\/index.php\/wp-json\/wp\/v2\/product_brand?post=780730"},{"taxonomy":"product_cat","embeddable":true,"href":"https:\/\/roveyayinevi.com.tr\/index.php\/wp-json\/wp\/v2\/product_cat?post=780730"},{"taxonomy":"product_tag","embeddable":true,"href":"https:\/\/roveyayinevi.com.tr\/index.php\/wp-json\/wp\/v2\/product_tag?post=780730"}],"curies":[{"name":"wp","href":"https:\/\/api.w.org\/{rel}","templated":true}]}}