{"id":780729,"date":"2026-01-20T04:18:31","date_gmt":"2026-01-20T01:18:31","guid":{"rendered":"https:\/\/roveyayinevi.com.tr\/index.php\/urun\/bir-anti-yildiz-adile-nasit\/"},"modified":"2026-04-15T03:44:51","modified_gmt":"2026-04-15T00:44:51","slug":"bir-anti-yildiz-adile-nasit","status":"publish","type":"product","link":"https:\/\/roveyayinevi.com.tr\/index.php\/urun\/bir-anti-yildiz-adile-nasit\/","title":{"rendered":"Bir Anti-Y\u0131ld\u0131z  Adile Na\u015fit"},"content":{"rendered":"<p>Adile Na\u015fit, \u201cg\u00f6kteki y\u0131ld\u0131zlar\u201ddan biri de\u011fil, bizden biridir. K\u00f6t\u00fcc\u00fcl zamanlara kayd\u0131 d\u00fc\u015f\u00fclen iyiliktir. \u0130nsana, ya\u015fam\u0131n kendisine dayal\u0131 bir k\u00fclt\u00fcr\u00fcn zarif temsilcisidir. H\u00fcz\u00fcnle sevin\u00e7 kar\u0131\u015f\u0131m\u0131 m\u00fclayimlik, g\u00fclerken a\u011flayabilen, a\u011flarken g\u00fcl\u00fcmseyen, kendi deyimiyle \u201cbiri pat dese korkudan \u00f6lebilecek\u201d\u2026 Ku\u015faklar boyu sanat yapm\u0131\u015f, g\u00fcld\u00fcrm\u00fc\u015f, e\u011flendirmi\u015f bir ailenin genlerindeki saf sanat duygusu, asalet, evlat kaybetmi\u015f bir annenin dinmeyen kederi, kanaat, vefa, nezaket, h\u00fcrmet, t\u00fcm o eski kavramlar, han\u0131mlar, beyler, yitip giden Direkleraras\u0131, \u015eehzadeba\u015f\u0131, Beyo\u011flu, kapanan tiyatrolar, inen perdeler, de\u011fi\u015ftirilen adlar\u2026 Usta&#8230; \u00c7\u0131rak&#8230; Kad\u0131n. K\u00fc\u00e7\u00fck kad\u0131n, b\u00fcy\u00fck y\u00fcrek\u2026 K\u0131r\u0131lganl\u0131\u011f\u0131 gizleyen tebess\u00fcm&#8230; Adile Na\u015fit b\u00fct\u00fcn bunlar, b\u00fct\u00fcn bu haller, b\u00fct\u00fcn bu y\u0131llard\u0131r.   Sibel \u00d6z\u2019\u00fcn yakla\u015f\u0131k d\u00f6rt y\u0131ll\u0131k bir \u00e7al\u0131\u015fmas\u0131n\u0131n \u00fcr\u00fcn\u00fc olan bu kitap, Adile Na\u015fit\u2019in kim oldu\u011fu ve neden bu kadar sevildi\u011fi sorusuna \u00f6zellikle sinema tarihinin i\u00e7inden ve bu alandaki standartlara ele\u015ftirel bir bak\u0131\u015fla bir cevap bulmaya \u00e7al\u0131\u015f\u0131yor. Bunun yan\u0131 s\u0131ra \u00fclkemizde hem tiyatro hem de sinema tarihine katk\u0131lar\u0131yla ayr\u0131cal\u0131kl\u0131 bir yere sahip olan Na\u015fit ailesinin kitapta ayr\u0131nt\u0131l\u0131 olarak yer verilen \u00f6yk\u00fcs\u00fc, geleneksel tiyatrodan modern tiyatroya ge\u00e7i\u015fin de etkileyici bir foto\u011fraf\u0131n\u0131 ortaya koyuyor. Bug\u00fcn h\u00e2l\u00e2 \u00e7ok sevilen Adile Na\u015fit\u2019in sanat\u0131na ve ya\u015fam\u0131na dair kaynaklarda titizlikle y\u00fcr\u00fct\u00fclen bir kaz\u0131 \u00e7al\u0131\u015fmas\u0131n\u0131n \u00fcr\u00fcn\u00fc olan Bir Anti-Y\u0131ld\u0131z: Adile Na\u015fit, ayn\u0131 zamanda bu b\u00fcy\u00fck oyuncuya vefan\u0131n da bir ifadesidir. <\/p>\n","protected":false},"excerpt":{"rendered":"<p>Adile Na\u015fit, \u201cg\u00f6kteki y\u0131ld\u0131zlar\u201ddan biri de\u011fil, bizden biridir. K\u00f6t\u00fcc\u00fcl zamanlara kayd\u0131 d\u00fc\u015f\u00fclen iyiliktir. \u0130nsana, ya\u015fam\u0131n kendisine dayal\u0131 bir k\u00fclt\u00fcr\u00fcn zarif temsilcisidir. H\u00fcz\u00fcnle sevin\u00e7 kar\u0131\u015f\u0131m\u0131 m\u00fclayimlik, g\u00fclerken<span class=\"excerpt-hellip\"> [\u2026]<\/span><\/p>\n","protected":false},"featured_media":0,"template":"","meta":{"_monsterinsights_skip_tracking":false,"_monsterinsights_sitenote_active":false,"_monsterinsights_sitenote_note":"","_monsterinsights_sitenote_category":0},"product_brand":[],"product_cat":[14009,12291],"product_tag":[],"class_list":{"0":"post-780729","1":"product","2":"type-product","3":"status-publish","5":"product_cat-biyografi-otobiyografi-edebiyat","6":"product_cat-edebiyat","7":"pa_cilt-ciltsiz","8":"pa_tur-kitap","9":"pa_yayinevi-everest-yayinlari","10":"pa_yazar-sibel-oz","12":"first","13":"instock","14":"sale","15":"shipping-taxable","16":"purchasable","17":"product-type-simple"},"_links":{"self":[{"href":"https:\/\/roveyayinevi.com.tr\/index.php\/wp-json\/wp\/v2\/product\/780729","targetHints":{"allow":["GET"]}}],"collection":[{"href":"https:\/\/roveyayinevi.com.tr\/index.php\/wp-json\/wp\/v2\/product"}],"about":[{"href":"https:\/\/roveyayinevi.com.tr\/index.php\/wp-json\/wp\/v2\/types\/product"}],"wp:attachment":[{"href":"https:\/\/roveyayinevi.com.tr\/index.php\/wp-json\/wp\/v2\/media?parent=780729"}],"wp:term":[{"taxonomy":"product_brand","embeddable":true,"href":"https:\/\/roveyayinevi.com.tr\/index.php\/wp-json\/wp\/v2\/product_brand?post=780729"},{"taxonomy":"product_cat","embeddable":true,"href":"https:\/\/roveyayinevi.com.tr\/index.php\/wp-json\/wp\/v2\/product_cat?post=780729"},{"taxonomy":"product_tag","embeddable":true,"href":"https:\/\/roveyayinevi.com.tr\/index.php\/wp-json\/wp\/v2\/product_tag?post=780729"}],"curies":[{"name":"wp","href":"https:\/\/api.w.org\/{rel}","templated":true}]}}