{"id":780726,"date":"2026-01-20T04:18:24","date_gmt":"2026-01-20T01:18:24","guid":{"rendered":"https:\/\/roveyayinevi.com.tr\/index.php\/urun\/immortal\/"},"modified":"2026-04-15T03:44:51","modified_gmt":"2026-04-15T00:44:51","slug":"immortal","status":"publish","type":"product","link":"https:\/\/roveyayinevi.com.tr\/index.php\/urun\/immortal\/","title":{"rendered":"immortal"},"content":{"rendered":"<p>\u201c\u0130mmortal \u015fahane bir roman olmu\u015f. Ben yazmak isterdim ama kerata benden \u00f6nce davranm\u0131\u015f. Neyse ki zaman\u0131nda \u201cYa\u015far ne ya\u015far ne ya\u015famaz\u201d adl\u0131 eserimle bu konuya vurgu yapm\u0131\u015ft\u0131m. Gani M\u00fcjde\u2019nin dilini bana benzetenler oluyormu\u015f. Ben pek benzetemedim. Ama boyu biraz daha uzarsa ayn\u0131 ben\u2026\u201d\u2013Aziz Nesin (1915- \u2026 )\u201c\u0130mmortal\u2019\u0131 Kastamonu cezaevinde tutuklu iken okudum.\u00c7ok s\u00fcr\u00fckleyici ve ayn\u0131 zamanda \u00e7ok e\u011flenceli buldum kitab\u0131. Gani M\u00fcjde Kel Mahmut ve \u0130nek \u015eaban kadar olmasa bile ustaca bir karakter yaratm\u0131\u015f bu roman\u0131nda.\u201d\u2013R\u0131fat Ilgaz (1911- \u2026 )\u201cKendisini ben yeti\u015ftirdim diye s\u00f6ylemiyorum ama Gani M\u00fcjde \u201cimmortal\u201d roman\u0131nda hepimizi anlatm\u0131\u015f bir par\u00e7a. Her daim bokunda boncuk bulmu\u015f gibi g\u00fcl\u00fcmseyerek dola\u015fan bu velet, gereksiz taramalardan ka\u00e7\u0131n\u0131rsa gelecekte iyi bir yazar olabilir umudunu hala ta\u015f\u0131yorum.\u201d\u2013O\u011fuz Aral (1936- \u2026 )\u201cGani M\u00fcjde bana ilk yazd\u0131klar\u0131n\u0131 g\u00f6sterdi\u011finde k\u0131sa pantolonla geziyordu. Sonra senaryo i\u015flerine bula\u015ft\u0131. Hala k\u0131sa pantolonla dola\u015f\u0131yormu\u015f diye duyuyorum. Umar\u0131m bu kitab\u0131n geliri ile kendine do\u011fru d\u00fczg\u00fcn bir pantolon al\u0131r.\u201d\u2013Umur Bugay (1941- \u2026 )\u201cHeybeliada\u2019da kitap\u00e7\u0131lar\u0131 dola\u015f\u0131rken g\u00f6rd\u00fcm Gani M\u00fcjde\u2019nin \u201cimmortal\u201d adl\u0131 eserini. \u00d6l\u00fcms\u00fcz eser diye yazm\u0131\u015f. Hi\u00e7 \u00f6l\u00fcms\u00fcz eser g\u00f6rmemi\u015f bence\u2026\u201d\u2013H\u00fcseyin Rahmi G\u00fcrp\u0131nar (1864- \u2026)<\/p>\n","protected":false},"excerpt":{"rendered":"<p>\u201c\u0130mmortal \u015fahane bir roman olmu\u015f. Ben yazmak isterdim ama kerata benden \u00f6nce davranm\u0131\u015f. Neyse ki zaman\u0131nda \u201cYa\u015far ne ya\u015far ne ya\u015famaz\u201d adl\u0131 eserimle bu konuya vurgu<span class=\"excerpt-hellip\"> [\u2026]<\/span><\/p>\n","protected":false},"featured_media":0,"template":"","meta":{"_monsterinsights_skip_tracking":false,"_monsterinsights_sitenote_active":false,"_monsterinsights_sitenote_note":"","_monsterinsights_sitenote_category":0},"product_brand":[],"product_cat":[12291,12711],"product_tag":[],"class_list":{"0":"post-780726","1":"product","2":"type-product","3":"status-publish","5":"product_cat-edebiyat","6":"product_cat-roman-oyku","7":"pa_cilt-ciltsiz","8":"pa_tur-kitap","9":"pa_yayinevi-alfa-yayinlari","10":"pa_yazar-gani-mujde","12":"first","13":"instock","14":"sale","15":"shipping-taxable","16":"purchasable","17":"product-type-simple"},"_links":{"self":[{"href":"https:\/\/roveyayinevi.com.tr\/index.php\/wp-json\/wp\/v2\/product\/780726","targetHints":{"allow":["GET"]}}],"collection":[{"href":"https:\/\/roveyayinevi.com.tr\/index.php\/wp-json\/wp\/v2\/product"}],"about":[{"href":"https:\/\/roveyayinevi.com.tr\/index.php\/wp-json\/wp\/v2\/types\/product"}],"wp:attachment":[{"href":"https:\/\/roveyayinevi.com.tr\/index.php\/wp-json\/wp\/v2\/media?parent=780726"}],"wp:term":[{"taxonomy":"product_brand","embeddable":true,"href":"https:\/\/roveyayinevi.com.tr\/index.php\/wp-json\/wp\/v2\/product_brand?post=780726"},{"taxonomy":"product_cat","embeddable":true,"href":"https:\/\/roveyayinevi.com.tr\/index.php\/wp-json\/wp\/v2\/product_cat?post=780726"},{"taxonomy":"product_tag","embeddable":true,"href":"https:\/\/roveyayinevi.com.tr\/index.php\/wp-json\/wp\/v2\/product_tag?post=780726"}],"curies":[{"name":"wp","href":"https:\/\/api.w.org\/{rel}","templated":true}]}}