{"id":780724,"date":"2026-01-20T04:18:20","date_gmt":"2026-01-20T01:18:20","guid":{"rendered":"https:\/\/roveyayinevi.com.tr\/index.php\/urun\/bir-hakimin-feryadi\/"},"modified":"2026-04-15T03:44:51","modified_gmt":"2026-04-15T00:44:51","slug":"bir-hakimin-feryadi","status":"publish","type":"product","link":"https:\/\/roveyayinevi.com.tr\/index.php\/urun\/bir-hakimin-feryadi\/","title":{"rendered":"Bir Hakimin Feryad\u0131"},"content":{"rendered":"<p>Adalet, bazen bir mahkeme salonunun sessizli\u011finde de\u011fil; y\u0131llarca i\u00e7e at\u0131lm\u0131\u015f bir feryad\u0131n derinli\u011finde yank\u0131lan\u0131r. Bu kitap, bir h\u00e2kimin mesleki hayat\u0131nda ta\u015f\u0131d\u0131\u011f\u0131 y\u00fckleri, vicdan\u0131n bazen kanun maddelerinden daha a\u011f\u0131r bast\u0131\u011f\u0131 anlar\u0131 ve suskun kalm\u0131\u015f y\u00fczlerin g\u00f6lgesinde verilen kararlar\u0131n arka plan\u0131n\u0131 incelikle g\u00f6zler \u00f6n\u00fcne seriyor. Toplumun unuttu\u011fu hik\u00e2yeler, dosyalar\u0131n aras\u0131na s\u0131k\u0131\u015fm\u0131\u015f hayatlar ve bir yarg\u0131c\u0131n kendi i\u00e7 muhasebesi\u2026 \u201cBir H\u00e2kimin Feryad\u0131\u201d, adalet duygusunu sarsan olaylara tan\u0131kl\u0131k eden herkes i\u00e7in bir y\u00fczle\u015fme metni niteli\u011finde. Bu eser, yaln\u0131zca bir hukuk anlat\u0131s\u0131 de\u011fil; insan\u0131n karanl\u0131\u011f\u0131yla, sistemin eksikleriyle ve vicdan\u0131n s\u0131n\u0131rlar\u0131yla \u00f6r\u00fcl\u00fc bir i\u00e7 yolculuk. Her sat\u0131r\u0131nda, ger\u00e7e\u011fin a\u011f\u0131rl\u0131\u011f\u0131na dokunacak; her b\u00f6l\u00fcmde adaletin ne kadar k\u0131r\u0131lgan olabilece\u011fini yeniden hat\u0131rlayacaks\u0131n\u0131z. <\/p>\n","protected":false},"excerpt":{"rendered":"<p>Adalet, bazen bir mahkeme salonunun sessizli\u011finde de\u011fil; y\u0131llarca i\u00e7e at\u0131lm\u0131\u015f bir feryad\u0131n derinli\u011finde yank\u0131lan\u0131r. Bu kitap, bir h\u00e2kimin mesleki hayat\u0131nda ta\u015f\u0131d\u0131\u011f\u0131 y\u00fckleri, vicdan\u0131n bazen kanun maddelerinden<span class=\"excerpt-hellip\"> [\u2026]<\/span><\/p>\n","protected":false},"featured_media":0,"template":"","meta":{"_monsterinsights_skip_tracking":false,"_monsterinsights_sitenote_active":false,"_monsterinsights_sitenote_note":"","_monsterinsights_sitenote_category":0},"product_brand":[],"product_cat":[12777,12291],"product_tag":[],"class_list":{"0":"post-780724","1":"product","2":"type-product","3":"status-publish","5":"product_cat-deneme","6":"product_cat-edebiyat","7":"pa_cilt-ciltsiz","8":"pa_tur-kitap","9":"pa_yayinevi-gulnar-yayinlari","10":"pa_yazar-m-hamid-koc","12":"first","13":"instock","14":"sale","15":"shipping-taxable","16":"purchasable","17":"product-type-simple"},"_links":{"self":[{"href":"https:\/\/roveyayinevi.com.tr\/index.php\/wp-json\/wp\/v2\/product\/780724","targetHints":{"allow":["GET"]}}],"collection":[{"href":"https:\/\/roveyayinevi.com.tr\/index.php\/wp-json\/wp\/v2\/product"}],"about":[{"href":"https:\/\/roveyayinevi.com.tr\/index.php\/wp-json\/wp\/v2\/types\/product"}],"wp:attachment":[{"href":"https:\/\/roveyayinevi.com.tr\/index.php\/wp-json\/wp\/v2\/media?parent=780724"}],"wp:term":[{"taxonomy":"product_brand","embeddable":true,"href":"https:\/\/roveyayinevi.com.tr\/index.php\/wp-json\/wp\/v2\/product_brand?post=780724"},{"taxonomy":"product_cat","embeddable":true,"href":"https:\/\/roveyayinevi.com.tr\/index.php\/wp-json\/wp\/v2\/product_cat?post=780724"},{"taxonomy":"product_tag","embeddable":true,"href":"https:\/\/roveyayinevi.com.tr\/index.php\/wp-json\/wp\/v2\/product_tag?post=780724"}],"curies":[{"name":"wp","href":"https:\/\/api.w.org\/{rel}","templated":true}]}}