{"id":780715,"date":"2026-01-20T04:17:56","date_gmt":"2026-01-20T01:17:56","guid":{"rendered":"https:\/\/roveyayinevi.com.tr\/index.php\/urun\/marka-degerlemesinde-finansal-perspektif-paraya-donusen-marka\/"},"modified":"2026-04-15T03:44:51","modified_gmt":"2026-04-15T00:44:51","slug":"marka-degerlemesinde-finansal-perspektif-paraya-donusen-marka","status":"publish","type":"product","link":"https:\/\/roveyayinevi.com.tr\/index.php\/urun\/marka-degerlemesinde-finansal-perspektif-paraya-donusen-marka\/","title":{"rendered":"Marka De\u011ferlemesinde Finansal Perspektif: Paraya D\u00f6n\u00fc\u015fen Marka"},"content":{"rendered":"<p>\u0130\u00e7indekiler :   B\u0130R\u0130NC\u0130 B\u00d6L\u00dcM MARKA VE DE\u011eER KAVRAMINA GENEL B\u0130R BAKI\u015e: TANIMLAR, TAR\u0130H\u00c7E, B\u0130LE\u015eENLER VE \u0130\u015eLEVLER   \u0130K\u0130NC\u0130 B\u00d6L\u00dcM MARKA DE\u011eER\u0130-T\u00dcKET\u0130C\u0130 TEMELL\u0130- F\u0130NANSAL TEMELL\u0130 MARKA DE\u011eERLEME   \u00dc\u00c7\u00dcNC\u00dc B\u00d6L\u00dcM ENTELLEKT\u00dcEL SERMAYE VE \u015e\u0130RKET DE\u011eER\u0130NE ETK\u0130S\u0130   D\u00d6RD\u00dcNC\u00dc B\u00d6L\u00dcM \u0130NTERBRAND Y\u00d6NTEM\u0130NE G\u00d6RE MARKA DE\u011eER\u0130N\u0130N HESAPLANMASI VE T\u00dcRK\u0130YE\u2019DE B\u0130R UYGULAMA <\/p>\n","protected":false},"excerpt":{"rendered":"<p>\u0130\u00e7indekiler : B\u0130R\u0130NC\u0130 B\u00d6L\u00dcM MARKA VE DE\u011eER KAVRAMINA GENEL B\u0130R BAKI\u015e: TANIMLAR, TAR\u0130H\u00c7E, B\u0130LE\u015eENLER VE \u0130\u015eLEVLER \u0130K\u0130NC\u0130 B\u00d6L\u00dcM MARKA DE\u011eER\u0130-T\u00dcKET\u0130C\u0130 TEMELL\u0130- F\u0130NANSAL TEMELL\u0130 MARKA DE\u011eERLEME \u00dc\u00c7\u00dcNC\u00dc<span class=\"excerpt-hellip\"> [\u2026]<\/span><\/p>\n","protected":false},"featured_media":0,"template":"","meta":{"_monsterinsights_skip_tracking":false,"_monsterinsights_sitenote_active":false,"_monsterinsights_sitenote_note":"","_monsterinsights_sitenote_category":0},"product_brand":[],"product_cat":[13043],"product_tag":[],"class_list":{"0":"post-780715","1":"product","2":"type-product","3":"status-publish","5":"product_cat-ekonomi","6":"pa_cilt-ciltsiz","7":"pa_tur-kitap","8":"pa_yayinevi-gazi-kitabevi","9":"pa_yazar-bora-yargic","11":"first","12":"instock","13":"sale","14":"shipping-taxable","15":"purchasable","16":"product-type-simple"},"_links":{"self":[{"href":"https:\/\/roveyayinevi.com.tr\/index.php\/wp-json\/wp\/v2\/product\/780715","targetHints":{"allow":["GET"]}}],"collection":[{"href":"https:\/\/roveyayinevi.com.tr\/index.php\/wp-json\/wp\/v2\/product"}],"about":[{"href":"https:\/\/roveyayinevi.com.tr\/index.php\/wp-json\/wp\/v2\/types\/product"}],"wp:attachment":[{"href":"https:\/\/roveyayinevi.com.tr\/index.php\/wp-json\/wp\/v2\/media?parent=780715"}],"wp:term":[{"taxonomy":"product_brand","embeddable":true,"href":"https:\/\/roveyayinevi.com.tr\/index.php\/wp-json\/wp\/v2\/product_brand?post=780715"},{"taxonomy":"product_cat","embeddable":true,"href":"https:\/\/roveyayinevi.com.tr\/index.php\/wp-json\/wp\/v2\/product_cat?post=780715"},{"taxonomy":"product_tag","embeddable":true,"href":"https:\/\/roveyayinevi.com.tr\/index.php\/wp-json\/wp\/v2\/product_tag?post=780715"}],"curies":[{"name":"wp","href":"https:\/\/api.w.org\/{rel}","templated":true}]}}