{"id":780713,"date":"2026-01-20T04:17:51","date_gmt":"2026-01-20T01:17:51","guid":{"rendered":"https:\/\/roveyayinevi.com.tr\/index.php\/urun\/gumus-yurek-serisi-uc-kitaplik-hediyeli-yan-boyamali-kutuciltli\/"},"modified":"2026-04-15T03:44:50","modified_gmt":"2026-04-15T00:44:50","slug":"gumus-yurek-serisi-uc-kitaplik-hediyeli-yan-boyamali-kutuciltli","status":"publish","type":"product","link":"https:\/\/roveyayinevi.com.tr\/index.php\/urun\/gumus-yurek-serisi-uc-kitaplik-hediyeli-yan-boyamali-kutuciltli\/","title":{"rendered":"G\u00fcm\u00fc\u015f Y\u00fcrek Serisi &#8211; \u00dc\u00e7 Kitapl\u0131k Hediyeli Yan Boyamal\u0131 Kutu(Ciltli)"},"content":{"rendered":"<p>\u0130\u00e7indekiler: G\u00fcm\u00fc\u015f Y\u00fcrek 1: Kay\u0131p D\u00fcnyan\u0131n Ba\u015flang\u0131c\u0131 (Ciltli Yan Boyamal\u0131) G\u00fcm\u00fc\u015f Y\u00fcrek 3: Bilinmeyen Lanetin Kederi (Ciltli Yan Boyamal\u0131) G\u00fcm\u00fc\u015f Y\u00fcrek 3: Yolun Son \u015eark\u0131s\u0131 (Ciltli Yan Boyamal\u0131) Lak Detayl\u0131 Mat Selefon Kutu \u00d6zel Kesim Ayra\u00e7 (3 Adet)Poster (3 Adet) \u015eeffaf Ayra\u00e7 (3 Adet) Bez \u00c7anta Anahtarl\u0131k Defter \u015eehir Kart\u0131<\/p>\n","protected":false},"excerpt":{"rendered":"<p>\u0130\u00e7indekiler: G\u00fcm\u00fc\u015f Y\u00fcrek 1: Kay\u0131p D\u00fcnyan\u0131n Ba\u015flang\u0131c\u0131 (Ciltli Yan Boyamal\u0131) G\u00fcm\u00fc\u015f Y\u00fcrek 3: Bilinmeyen Lanetin Kederi (Ciltli Yan Boyamal\u0131) G\u00fcm\u00fc\u015f Y\u00fcrek 3: Yolun Son \u015eark\u0131s\u0131 (Ciltli<span class=\"excerpt-hellip\"> [\u2026]<\/span><\/p>\n","protected":false},"featured_media":0,"template":"","meta":{"_monsterinsights_skip_tracking":false,"_monsterinsights_sitenote_active":false,"_monsterinsights_sitenote_note":"","_monsterinsights_sitenote_category":0},"product_brand":[],"product_cat":[12291,12711],"product_tag":[],"class_list":{"0":"post-780713","1":"product","2":"type-product","3":"status-publish","5":"product_cat-edebiyat","6":"product_cat-roman-oyku","7":"pa_cilt-ciltli","8":"pa_tur-kitap","9":"pa_yayinevi-guardian","10":"pa_yazar-d-n-archeron","12":"first","13":"instock","14":"sale","15":"shipping-taxable","16":"purchasable","17":"product-type-simple"},"_links":{"self":[{"href":"https:\/\/roveyayinevi.com.tr\/index.php\/wp-json\/wp\/v2\/product\/780713","targetHints":{"allow":["GET"]}}],"collection":[{"href":"https:\/\/roveyayinevi.com.tr\/index.php\/wp-json\/wp\/v2\/product"}],"about":[{"href":"https:\/\/roveyayinevi.com.tr\/index.php\/wp-json\/wp\/v2\/types\/product"}],"wp:attachment":[{"href":"https:\/\/roveyayinevi.com.tr\/index.php\/wp-json\/wp\/v2\/media?parent=780713"}],"wp:term":[{"taxonomy":"product_brand","embeddable":true,"href":"https:\/\/roveyayinevi.com.tr\/index.php\/wp-json\/wp\/v2\/product_brand?post=780713"},{"taxonomy":"product_cat","embeddable":true,"href":"https:\/\/roveyayinevi.com.tr\/index.php\/wp-json\/wp\/v2\/product_cat?post=780713"},{"taxonomy":"product_tag","embeddable":true,"href":"https:\/\/roveyayinevi.com.tr\/index.php\/wp-json\/wp\/v2\/product_tag?post=780713"}],"curies":[{"name":"wp","href":"https:\/\/api.w.org\/{rel}","templated":true}]}}