{"id":780711,"date":"2026-01-20T04:17:45","date_gmt":"2026-01-20T01:17:45","guid":{"rendered":"https:\/\/roveyayinevi.com.tr\/index.php\/urun\/vasiyet\/"},"modified":"2026-04-15T03:44:50","modified_gmt":"2026-04-15T00:44:50","slug":"vasiyet","status":"publish","type":"product","link":"https:\/\/roveyayinevi.com.tr\/index.php\/urun\/vasiyet\/","title":{"rendered":"Vasiyet"},"content":{"rendered":"<p>YA\u015eADI\u011eIM YILLARA Tam s\u00f6vece\u011fim ya\u015fad\u0131\u011f\u0131m y\u0131llara Vazge\u00e7iyorum Sevdiklerim var i\u00e7inde Gittin diye gidi\u015fini sayd\u0131\u011f\u0131m y\u0131llar var \u00d6fkem var \u00f6fkeli y\u0131llar\u0131m var G\u00f6zya\u015flar\u0131m var G\u00f6zlerim k\u0131pk\u0131rm\u0131z\u0131 Karanl\u0131k g\u00fcnleri sayd\u0131m Say\u0131lar\u0131 onlarca y\u0131l\u0131 a\u015ft\u0131 Ad\u0131n\u0131 and\u0131\u011f\u0131m t\u00fcrk\u00fcler geliyor akl\u0131ma Y\u00fcre\u011fimi t\u0131rmal\u0131yor   \u00d6ks\u00fcz y\u0131llar\u0131n hangisini anay\u0131m Tam s\u00f6vece\u011fim Vazge\u00e7iyorum Arada kal\u0131yor insanl\u0131\u011f\u0131m&#8230; <\/p>\n","protected":false},"excerpt":{"rendered":"<p>YA\u015eADI\u011eIM YILLARA Tam s\u00f6vece\u011fim ya\u015fad\u0131\u011f\u0131m y\u0131llara Vazge\u00e7iyorum Sevdiklerim var i\u00e7inde Gittin diye gidi\u015fini sayd\u0131\u011f\u0131m y\u0131llar var \u00d6fkem var \u00f6fkeli y\u0131llar\u0131m var G\u00f6zya\u015flar\u0131m var G\u00f6zlerim k\u0131pk\u0131rm\u0131z\u0131 Karanl\u0131k<span class=\"excerpt-hellip\"> [\u2026]<\/span><\/p>\n","protected":false},"featured_media":0,"template":"","meta":{"_monsterinsights_skip_tracking":false,"_monsterinsights_sitenote_active":false,"_monsterinsights_sitenote_note":"","_monsterinsights_sitenote_category":0},"product_brand":[],"product_cat":[12291,12509],"product_tag":[],"class_list":{"0":"post-780711","1":"product","2":"type-product","3":"status-publish","5":"product_cat-edebiyat","6":"product_cat-siir","7":"pa_cilt-ciltsiz","8":"pa_tur-kitap","9":"pa_yayinevi-gulnar-yayinlari","10":"pa_yazar-m-faik-guneysu","12":"first","13":"instock","14":"sale","15":"shipping-taxable","16":"purchasable","17":"product-type-simple"},"_links":{"self":[{"href":"https:\/\/roveyayinevi.com.tr\/index.php\/wp-json\/wp\/v2\/product\/780711","targetHints":{"allow":["GET"]}}],"collection":[{"href":"https:\/\/roveyayinevi.com.tr\/index.php\/wp-json\/wp\/v2\/product"}],"about":[{"href":"https:\/\/roveyayinevi.com.tr\/index.php\/wp-json\/wp\/v2\/types\/product"}],"wp:attachment":[{"href":"https:\/\/roveyayinevi.com.tr\/index.php\/wp-json\/wp\/v2\/media?parent=780711"}],"wp:term":[{"taxonomy":"product_brand","embeddable":true,"href":"https:\/\/roveyayinevi.com.tr\/index.php\/wp-json\/wp\/v2\/product_brand?post=780711"},{"taxonomy":"product_cat","embeddable":true,"href":"https:\/\/roveyayinevi.com.tr\/index.php\/wp-json\/wp\/v2\/product_cat?post=780711"},{"taxonomy":"product_tag","embeddable":true,"href":"https:\/\/roveyayinevi.com.tr\/index.php\/wp-json\/wp\/v2\/product_tag?post=780711"}],"curies":[{"name":"wp","href":"https:\/\/api.w.org\/{rel}","templated":true}]}}