{"id":780710,"date":"2026-01-20T04:17:42","date_gmt":"2026-01-20T01:17:42","guid":{"rendered":"https:\/\/roveyayinevi.com.tr\/index.php\/urun\/romankent-berlin\/"},"modified":"2026-01-22T03:57:02","modified_gmt":"2026-01-22T00:57:02","slug":"romankent-berlin","status":"publish","type":"product","link":"https:\/\/roveyayinevi.com.tr\/index.php\/urun\/romankent-berlin\/","title":{"rendered":"RomanKent Berlin"},"content":{"rendered":"<p>RomanKentBerlinAlman ve T\u00fcrk Edebiyat\u0131nda Kent \u0130mgesini Yeniden Anlamland\u0131ran Kad\u0131n YazarlarRomanKent Berlin, modern kentsel mek\u00e2nlar\u0131n edebiyattaki temsillerini yeniden yorumlayan ve d\u00f6n\u00fc\u015ft\u00fcren \u00fc\u00e7 \u00f6nemli kad\u0131n yazar\u0131n eserlerini derinlemesine inceleyen bir \u00e7al\u0131\u015fmad\u0131r. Irmgard Keun, Emine Sevgi \u00d6zdamar ve Tezer \u00d6zl\u00fc&#8217;n\u00fcn metinleri \u00fczerinden Alman ve T\u00fcrk edebiyat\u0131ndaki kent imgesinin nas\u0131l \u015fekillendi\u011fini, de\u011fi\u015fti\u011fini ve yeni anlamlar kazand\u0131\u011f\u0131n\u0131 ortaya koyan bu kitap, kentin d\u00fcnya edebiyat\u0131 \u00f6rnekleriyle de edebi bir imge olarak nas\u0131l yans\u0131d\u0131\u011f\u0131n\u0131 analiz eder.Irmgard Keun\u2019un Yalanc\u0131 \u0130pek K\u0131z, Emine Sevgi \u00d6zdamar\u2019\u0131n Tuhaf Y\u0131ld\u0131zlar D\u00fcnyaya Bak\u0131yorlar G\u00f6zlerini K\u0131rpmadan ve Tezer \u00d6zl\u00fc\u2019n\u00fcn Ya\u015fam\u0131n Ucuna Yolculuk adl\u0131 eserleri Berlin\u2019in farkl\u0131 d\u00f6nemlerdeki \u00e7ok katmanl\u0131 yap\u0131s\u0131n\u0131, toplumsal ve ekonomik zorluklar\u0131n\u0131 kad\u0131nl\u0131k deneyimiyle harmanlayarak aktar\u0131rlar.RomanKent Berlin, kent edebiyat\u0131n\u0131 sevenler, kad\u0131n yazarlar\u0131n kentsel mek\u00e2nlar\u0131 nas\u0131l yeniden kurgulad\u0131\u011f\u0131n\u0131 merak edenler ve Irmgard Keun, Emine Sevgi \u00d6zdamar ve Tezer \u00d6zl\u00fc gibi \u00f6nemli yazarlar\u0131n eserlerine derinlemesine bir bak\u0131\u015f a\u00e7\u0131s\u0131 ile bakmak isteyenler i\u00e7in bir kaynak sunuyor. Kitap, kentin sadece bir mek\u00e2n de\u011fil, ayn\u0131 zamanda bir kimlik, bir bellek ve bir deneyim olarak nas\u0131l \u015fekillendi\u011fini ve bu \u015fekillenmenin edebiyata nas\u0131l yans\u0131d\u0131\u011f\u0131n\u0131 ortaya koyuyor.<\/p>\n","protected":false},"excerpt":{"rendered":"<p>RomanKentBerlinAlman ve T\u00fcrk Edebiyat\u0131nda Kent \u0130mgesini Yeniden Anlamland\u0131ran Kad\u0131n YazarlarRomanKent Berlin, modern kentsel mek\u00e2nlar\u0131n edebiyattaki temsillerini yeniden yorumlayan ve d\u00f6n\u00fc\u015ft\u00fcren \u00fc\u00e7 \u00f6nemli kad\u0131n yazar\u0131n eserlerini derinlemesine<span class=\"excerpt-hellip\"> [\u2026]<\/span><\/p>\n","protected":false},"featured_media":0,"template":"","meta":{"_monsterinsights_skip_tracking":false,"_monsterinsights_sitenote_active":false,"_monsterinsights_sitenote_note":"","_monsterinsights_sitenote_category":0},"product_brand":[],"product_cat":[13072,12291],"product_tag":[],"class_list":{"0":"post-780710","1":"product","2":"type-product","3":"status-publish","5":"product_cat-arastirma-inceleme-referans","6":"product_cat-edebiyat","7":"pa_cilt-ciltsiz","8":"pa_tur-kitap","9":"pa_yayinevi-sfenks-kitap","10":"pa_yazar-lale-vatan","12":"first","13":"instock","14":"sale","15":"shipping-taxable","16":"purchasable","17":"product-type-simple"},"_links":{"self":[{"href":"https:\/\/roveyayinevi.com.tr\/index.php\/wp-json\/wp\/v2\/product\/780710","targetHints":{"allow":["GET"]}}],"collection":[{"href":"https:\/\/roveyayinevi.com.tr\/index.php\/wp-json\/wp\/v2\/product"}],"about":[{"href":"https:\/\/roveyayinevi.com.tr\/index.php\/wp-json\/wp\/v2\/types\/product"}],"wp:attachment":[{"href":"https:\/\/roveyayinevi.com.tr\/index.php\/wp-json\/wp\/v2\/media?parent=780710"}],"wp:term":[{"taxonomy":"product_brand","embeddable":true,"href":"https:\/\/roveyayinevi.com.tr\/index.php\/wp-json\/wp\/v2\/product_brand?post=780710"},{"taxonomy":"product_cat","embeddable":true,"href":"https:\/\/roveyayinevi.com.tr\/index.php\/wp-json\/wp\/v2\/product_cat?post=780710"},{"taxonomy":"product_tag","embeddable":true,"href":"https:\/\/roveyayinevi.com.tr\/index.php\/wp-json\/wp\/v2\/product_tag?post=780710"}],"curies":[{"name":"wp","href":"https:\/\/api.w.org\/{rel}","templated":true}]}}